{"id":103533,"date":"2026-02-21T23:46:57","date_gmt":"2026-02-21T23:46:57","guid":{"rendered":"http:\/\/matchbaits.pt\/?post_type=product&#038;p=103533"},"modified":"2026-02-23T17:28:27","modified_gmt":"2026-02-23T17:28:27","slug":"bait-waiter","status":"publish","type":"product","link":"https:\/\/sopesca.pt\/es\/producto\/bait-waiter\/","title":{"rendered":"Bait Waiter"},"content":{"rendered":"<h2>Matrix\u00a0Bait Waiter<\/h2>\n<p>&nbsp;<\/p>\n<p>\u2022 Projetado para acomodar 4 caixas de iscos com seguran\u00e7a<br \/>\n\u2022 Inser\u00e7\u00f5es podem ser usadas para fornecer uma \u00e1rea de armazenamento para equipamento terminal<br \/>\n\u2022 Inser\u00e7\u00e3o adicional acomodar\u00e1 caixas de isco de 1,1pt<br \/>\n\u2022 Rosca<br \/>\n\u2022 2 inser\u00e7\u00f5es s\u00f3lidas 2 pequenos conversores<\/p>","protected":false},"excerpt":{"rendered":"<p>Matrix\u00a0Bait Waiter &nbsp; \u2022 Projetado para acomodar 4 caixas de iscos com seguran\u00e7a \u2022 Inser\u00e7\u00f5es podem ser usadas para fornecer uma \u00e1rea de armazenamento para equipamento terminal \u2022 Inser\u00e7\u00e3o adicional acomodar\u00e1 caixas de isco de 1,1pt \u2022 Rosca \u2022 2 inser\u00e7\u00f5es s\u00f3lidas 2 pequenos conversores<\/p>","protected":false},"featured_media":50376,"comment_status":"open","ping_status":"closed","template":"","meta":{"_acf_changed":false},"product_brand":[579],"product_cat":[2366,2356],"product_tag":[],"class_list":{"0":"post-103533","1":"product","2":"type-product","3":"status-publish","4":"has-post-thumbnail","6":"product_brand-matrix","7":"product_cat-acessorios","8":"product_cat-acessorios-ferramentas-p-iscos","10":"first","11":"instock","12":"shipping-taxable","13":"product-type-variable"},"acf":[],"_links":{"self":[{"href":"https:\/\/sopesca.pt\/es\/wp-json\/wp\/v2\/product\/103533","targetHints":{"allow":["GET"]}}],"collection":[{"href":"https:\/\/sopesca.pt\/es\/wp-json\/wp\/v2\/product"}],"about":[{"href":"https:\/\/sopesca.pt\/es\/wp-json\/wp\/v2\/types\/product"}],"replies":[{"embeddable":true,"href":"https:\/\/sopesca.pt\/es\/wp-json\/wp\/v2\/comments?post=103533"}],"wp:featuredmedia":[{"embeddable":true,"href":"https:\/\/sopesca.pt\/es\/wp-json\/wp\/v2\/media\/50376"}],"wp:attachment":[{"href":"https:\/\/sopesca.pt\/es\/wp-json\/wp\/v2\/media?parent=103533"}],"wp:term":[{"taxonomy":"product_brand","embeddable":true,"href":"https:\/\/sopesca.pt\/es\/wp-json\/wp\/v2\/product_brand?post=103533"},{"taxonomy":"product_cat","embeddable":true,"href":"https:\/\/sopesca.pt\/es\/wp-json\/wp\/v2\/product_cat?post=103533"},{"taxonomy":"product_tag","embeddable":true,"href":"https:\/\/sopesca.pt\/es\/wp-json\/wp\/v2\/product_tag?post=103533"}],"curies":[{"name":"wp","href":"https:\/\/api.w.org\/{rel}","templated":true}]}}