{"id":103661,"date":"2026-02-21T23:47:25","date_gmt":"2026-02-21T23:47:25","guid":{"rendered":"http:\/\/matchbaits.pt\/?post_type=product&#038;p=103661"},"modified":"2026-03-29T16:45:34","modified_gmt":"2026-03-29T16:45:34","slug":"rig-hook-ups","status":"publish","type":"product","link":"https:\/\/sopesca.pt\/es\/producto\/rig-hook-ups\/","title":{"rendered":"Rig Hook Ups"},"content":{"rendered":"<h2>Rig Hook Ups<\/h2>\n<p>&nbsp;<\/p>\n<p>Fornecidos em dois tamanhos, os Rig Hook Ups podem ser posicionados em qualquer lugar ao longo do\u00a0seu kit e permitem que voc\u00ea segure a sua montagem\u00a0no lugar onde o el\u00e1stico est\u00e1 sob tens\u00e3o m\u00ednima, ajudando a prolongar a vida \u00fatil de seu el\u00e1stico. Particularmente \u00fatil ao deixar as monatgens nos kits entre as sess\u00f5es para economizar tempo na configura\u00e7\u00e3o das provas ou sess\u00f5es de lazer.<\/p>\n<p>&nbsp;<\/p>\n<p>&nbsp;<\/p>","protected":false},"excerpt":{"rendered":"<p>Rig Hook Ups &nbsp; Fornecidos em dois tamanhos, os Rig Hook Ups podem ser posicionados em qualquer lugar ao longo do\u00a0seu kit e permitem que voc\u00ea segure a sua montagem\u00a0no lugar onde o el\u00e1stico est\u00e1 sob tens\u00e3o m\u00ednima, ajudando a prolongar a vida \u00fatil de seu el\u00e1stico. Particularmente \u00fatil ao deixar as monatgens nos kits [&hellip;]<\/p>\n","protected":false},"featured_media":25227,"comment_status":"open","ping_status":"closed","template":"","meta":{"_acf_changed":false},"product_brand":[153],"product_cat":[2366,2297],"product_tag":[],"class_list":{"0":"post-103661","1":"product","2":"type-product","3":"status-publish","4":"has-post-thumbnail","6":"product_brand-preston","7":"product_cat-acessorios","8":"product_cat-acessorios-francesa-inglesa","10":"first","11":"instock","12":"shipping-taxable","13":"purchasable","14":"product-type-variable"},"acf":[],"_links":{"self":[{"href":"https:\/\/sopesca.pt\/es\/wp-json\/wp\/v2\/product\/103661","targetHints":{"allow":["GET"]}}],"collection":[{"href":"https:\/\/sopesca.pt\/es\/wp-json\/wp\/v2\/product"}],"about":[{"href":"https:\/\/sopesca.pt\/es\/wp-json\/wp\/v2\/types\/product"}],"replies":[{"embeddable":true,"href":"https:\/\/sopesca.pt\/es\/wp-json\/wp\/v2\/comments?post=103661"}],"wp:featuredmedia":[{"embeddable":true,"href":"https:\/\/sopesca.pt\/es\/wp-json\/wp\/v2\/media\/25227"}],"wp:attachment":[{"href":"https:\/\/sopesca.pt\/es\/wp-json\/wp\/v2\/media?parent=103661"}],"wp:term":[{"taxonomy":"product_brand","embeddable":true,"href":"https:\/\/sopesca.pt\/es\/wp-json\/wp\/v2\/product_brand?post=103661"},{"taxonomy":"product_cat","embeddable":true,"href":"https:\/\/sopesca.pt\/es\/wp-json\/wp\/v2\/product_cat?post=103661"},{"taxonomy":"product_tag","embeddable":true,"href":"https:\/\/sopesca.pt\/es\/wp-json\/wp\/v2\/product_tag?post=103661"}],"curies":[{"name":"wp","href":"https:\/\/api.w.org\/{rel}","templated":true}]}}