{"id":104163,"date":"2026-02-21T23:49:24","date_gmt":"2026-02-21T23:49:24","guid":{"rendered":"http:\/\/matchbaits.pt\/?post_type=product&#038;p=104163"},"modified":"2026-04-14T11:14:36","modified_gmt":"2026-04-14T11:14:36","slug":"spinner-veltic","status":"publish","type":"product","link":"https:\/\/sopesca.pt\/es\/producto\/spinner-veltic\/","title":{"rendered":"Spinner Veltic"},"content":{"rendered":"<h2>Rublex Spinner Veltic<\/h2>\n<p>&nbsp;<\/p>\n<p>Os spinners Veltic podem ser reconhecidos de relance &#8211; apresentam a forma de um ovo estreito com &#8220;argolinha&#8221; claramente separada para ser inserida atrav\u00e9s de uma manilha cuidadosamente refinada. No lado convexo, eles t\u00eam padr\u00f5es ondulados em relevo em forma de onda.<br \/>\nEles s\u00e3o caracterizados por uma a\u00e7\u00e3o distinta e forte. Eles podem ser guiados facilmente e podem ser sentidos na vara, por isso, os pescadores girat\u00f3rios n\u00e3o precisam de muito tempo para prever seu comportamento debaixo d&#8217;\u00e1gua. A oferta inclui fiandeiras em cinco tamanhos &#8211; de um a cinco e sete varia\u00e7\u00f5es de cores. Um pescador com esse conjunto de fiandeiras Veltic est\u00e1 preparado para qualquer circunst\u00e2ncia, \u00e1gua e peixes que possam surgir na Pol\u00f4nia. Da mesma forma que o Celt, o fabricante decidiu n\u00e3o produzir iscas menores que tamanho 1, acreditando conservadoramente que iscas de tamanho t\u00e3o pequeno s\u00e3o anti\u00e9ticas e que o uso de fios extremamente finos exp\u00f5e apenas os peixes maiores a nadar com um anzol agudo na boca.<br \/>\nNo tamanho um e at\u00e9 2 voc\u00ea pode pegar poleiros, ides e chubs.<br \/>\nVeltics podem ser lan\u00e7ados a longa dist\u00e2ncia &#8211; apresentam corpos proporcionalmente grandes e pesados \u200b\u200bcom ranhuras cobertas por esmalte vermelho, que provocam o ataque do peixe. Os corpos na parte inferior est\u00e3o vazios, o que permite que voc\u00ea coloque a al\u00e7a de arame para alterar os ganchos agudos &#8211; tamb\u00e9m com seus pr\u00f3prios enfeites, borlas, moscas, twisteres, que podem afetar as batidas de poleiros e protuber\u00e2ncias n\u00e3o reagindo a modelos padr\u00e3o. Semelhante aos celtas, a cavidade restringe os movimentos do anzol agudo, seu &#8220;balan\u00e7ar&#8221;, que afeta muito a pegada e reduz a possibilidade de desenganchar o peixe durante o transporte.<\/p>\n<p>Spinners Rublex Veltic est\u00e3o dispon\u00edveis nas vers\u00f5es ouro e prata. No entanto, os padr\u00f5es de listras onduladas s\u00e3o extremamente populares. Aparentemente n\u00e3o h\u00e1 perca, chub, ide, truta e barbo, que \u00e9 capaz de resistir \u00e0 vespa subaqu\u00e1tica.<br \/>\nOs tamanhos quatro e cinco podem ser usados \u200b\u200bpara ca\u00e7ar grandes lagos &#8211; essas iscas podem ser conduzidas muito lentamente, mesmo em profundidades consider\u00e1veis.<br \/>\nO Veltic pode ser conduzido perfeitamente em todas as dire\u00e7\u00f5es &#8211; ele funciona bem durante a recupera\u00e7\u00e3o com uma corrente, o que \u00e9 t\u00edpico em rios de trutas. Tem uma a\u00e7\u00e3o interessante e \u00e9 melhor quando trazido de volta pela corrente. Quando pescado rio acima, o Veltic n\u00e3o tende a aparecer na superf\u00edcie.<\/p>\n<p>Correndo lateralmente na corrente, atinge facilmente o fundo e pode ser conduzido um pouco acima do fundo por alguns metros, o que permite ao pescador pescar barbilh\u00f5es e trutas.<br \/>\nEm \u00e1gua parada, o Veltic se move na primeira rota\u00e7\u00e3o da manivela do carretel e pode ser conduzido muito lentamente. Ele responde bem a uma mudan\u00e7a de ritmo.<br \/>\nMuitos pescadores, no entanto, consideram o spinner com listras o mais eficaz &#8211; e aqui a Rublex forneceu aos entusiastas das listras cinco varia\u00e7\u00f5es de iscas listradas Veltica. Assim, voc\u00ea pode escolher o modelo certo para poleiro, chub e ide. Os padr\u00f5es mais escuros podem ser eficazes durante a ca\u00e7a de barbo em rios montanhosos e limpos.<br \/>\nAs iscas de tamanho cinco provaram repetidamente ser extremamente eficazes na pesca em rios de trutas &#8211; peixes grandes foram capturados no rio Drw\u0119ca e nos rios da Pomer\u00e2nia.<\/p>","protected":false},"excerpt":{"rendered":"<p>Rublex Spinner Veltic &nbsp; Os spinners Veltic podem ser reconhecidos de relance &#8211; apresentam a forma de um ovo estreito com &#8220;argolinha&#8221; claramente separada para ser inserida atrav\u00e9s de uma manilha cuidadosamente refinada. No lado convexo, eles t\u00eam padr\u00f5es ondulados em relevo em forma de onda. Eles s\u00e3o caracterizados por uma a\u00e7\u00e3o distinta e forte. [&hellip;]<\/p>\n","protected":false},"featured_media":91935,"comment_status":"open","ping_status":"closed","template":"","meta":{"_acf_changed":false},"product_brand":[1236],"product_cat":[2308,2314],"product_tag":[],"class_list":{"0":"post-104163","1":"product","2":"type-product","3":"status-publish","4":"has-post-thumbnail","6":"product_brand-rublex","7":"product_cat-predadores","8":"product_cat-predadores-spinner-colher","10":"first","11":"outofstock","12":"shipping-taxable","13":"purchasable","14":"product-type-variable"},"acf":[],"_links":{"self":[{"href":"https:\/\/sopesca.pt\/es\/wp-json\/wp\/v2\/product\/104163","targetHints":{"allow":["GET"]}}],"collection":[{"href":"https:\/\/sopesca.pt\/es\/wp-json\/wp\/v2\/product"}],"about":[{"href":"https:\/\/sopesca.pt\/es\/wp-json\/wp\/v2\/types\/product"}],"replies":[{"embeddable":true,"href":"https:\/\/sopesca.pt\/es\/wp-json\/wp\/v2\/comments?post=104163"}],"wp:featuredmedia":[{"embeddable":true,"href":"https:\/\/sopesca.pt\/es\/wp-json\/wp\/v2\/media\/91935"}],"wp:attachment":[{"href":"https:\/\/sopesca.pt\/es\/wp-json\/wp\/v2\/media?parent=104163"}],"wp:term":[{"taxonomy":"product_brand","embeddable":true,"href":"https:\/\/sopesca.pt\/es\/wp-json\/wp\/v2\/product_brand?post=104163"},{"taxonomy":"product_cat","embeddable":true,"href":"https:\/\/sopesca.pt\/es\/wp-json\/wp\/v2\/product_cat?post=104163"},{"taxonomy":"product_tag","embeddable":true,"href":"https:\/\/sopesca.pt\/es\/wp-json\/wp\/v2\/product_tag?post=104163"}],"curies":[{"name":"wp","href":"https:\/\/api.w.org\/{rel}","templated":true}]}}