{"id":105267,"date":"2026-02-21T23:53:22","date_gmt":"2026-02-21T23:53:22","guid":{"rendered":"http:\/\/matchbaits.pt\/?post_type=product&#038;p=105267"},"modified":"2026-03-10T10:39:05","modified_gmt":"2026-03-10T10:39:05","slug":"super-pellet-pump","status":"publish","type":"product","link":"https:\/\/sopesca.pt\/es\/producto\/super-pellet-pump\/","title":{"rendered":"Super Pellet Pump"},"content":{"rendered":"<h2>Super Pellet Pump<\/h2>\n<p>&nbsp;<\/p>\n<p>Projetado pela lenda da pesca de partidas Andy Findlay, o Super Pellet Pump oferece uma solu\u00e7\u00e3o r\u00e1pida e f\u00e1cil para preparar pellets expansores; o design ultracompacto permite que voc\u00ea prepare iscas macias perfeitas em menos de 30 segundos!<\/p>\n<p>Apresentando um corpo claro para permitir que voc\u00ea veja os pellets, al\u00e7a robusta e veda\u00e7\u00e3o resistente, a bomba foi projetada para gerar pellets de prostituta perfeitos para qualquer jogo ou sess\u00e3o de prazer e \u00e9 t\u00e3o simples e eficiente de usar que pellets frescos podem ser bombeados no meio da sess\u00e3o, caso voc\u00ea precise mais.<\/p>\n<p>O Super Pump \u00e9 perfeito para pellets expansores de 2 mm, 4 mm e 6 mm<\/p>","protected":false},"excerpt":{"rendered":"<p>Super Pellet Pump &nbsp; Projetado pela lenda da pesca de partidas Andy Findlay, o Super Pellet Pump oferece uma solu\u00e7\u00e3o r\u00e1pida e f\u00e1cil para preparar pellets expansores; o design ultracompacto permite que voc\u00ea prepare iscas macias perfeitas em menos de 30 segundos! Apresentando um corpo claro para permitir que voc\u00ea veja os pellets, al\u00e7a robusta [&hellip;]<\/p>\n","protected":false},"featured_media":91595,"comment_status":"open","ping_status":"closed","template":"","meta":{"_acf_changed":false},"product_brand":[153],"product_cat":[2366,2356],"product_tag":[],"class_list":{"0":"post-105267","1":"product","2":"type-product","3":"status-publish","4":"has-post-thumbnail","6":"product_brand-preston","7":"product_cat-acessorios","8":"product_cat-acessorios-ferramentas-p-iscos","10":"first","11":"instock","12":"shipping-taxable","13":"purchasable","14":"product-type-variable"},"acf":[],"_links":{"self":[{"href":"https:\/\/sopesca.pt\/es\/wp-json\/wp\/v2\/product\/105267","targetHints":{"allow":["GET"]}}],"collection":[{"href":"https:\/\/sopesca.pt\/es\/wp-json\/wp\/v2\/product"}],"about":[{"href":"https:\/\/sopesca.pt\/es\/wp-json\/wp\/v2\/types\/product"}],"replies":[{"embeddable":true,"href":"https:\/\/sopesca.pt\/es\/wp-json\/wp\/v2\/comments?post=105267"}],"wp:featuredmedia":[{"embeddable":true,"href":"https:\/\/sopesca.pt\/es\/wp-json\/wp\/v2\/media\/91595"}],"wp:attachment":[{"href":"https:\/\/sopesca.pt\/es\/wp-json\/wp\/v2\/media?parent=105267"}],"wp:term":[{"taxonomy":"product_brand","embeddable":true,"href":"https:\/\/sopesca.pt\/es\/wp-json\/wp\/v2\/product_brand?post=105267"},{"taxonomy":"product_cat","embeddable":true,"href":"https:\/\/sopesca.pt\/es\/wp-json\/wp\/v2\/product_cat?post=105267"},{"taxonomy":"product_tag","embeddable":true,"href":"https:\/\/sopesca.pt\/es\/wp-json\/wp\/v2\/product_tag?post=105267"}],"curies":[{"name":"wp","href":"https:\/\/api.w.org\/{rel}","templated":true}]}}