{"id":105655,"date":"2026-02-21T23:54:40","date_gmt":"2026-02-21T23:54:40","guid":{"rendered":"http:\/\/matchbaits.pt\/?post_type=product&#038;p=105655"},"modified":"2026-04-04T11:26:34","modified_gmt":"2026-04-04T11:26:34","slug":"platinum-mix-abletes","status":"publish","type":"product","link":"https:\/\/sopesca.pt\/es\/producto\/platinum-mix-abletes\/","title":{"rendered":"MatchBaits &#8211; Abletes"},"content":{"rendered":"<h2>MatchBaits &#8211; Abletes<\/h2>\n<p>&nbsp;<\/p>\n<p>Super abletes.<\/p>\n<p>Engodo de textura muito fina e de mec\u00e2nica muito r\u00e1pida.<\/p>\n<p>Confecionado com farinhas de alt\u00edssima qualidade onde esta presente o coco belga e a farinha de asticot.<\/p>\n<p>Sublime para selecionar as abletes de maior porte.<\/p>","protected":false},"excerpt":{"rendered":"<p>MatchBaits &#8211; Abletes &nbsp; Super abletes. Engodo de textura muito fina e de mec\u00e2nica muito r\u00e1pida. Confecionado com farinhas de alt\u00edssima qualidade onde esta presente o coco belga e a farinha de asticot. Sublime para selecionar as abletes de maior porte.<\/p>","protected":false},"featured_media":108452,"comment_status":"open","ping_status":"closed","template":"","meta":{"_acf_changed":false},"product_brand":[2814],"product_cat":[5494,5491],"product_tag":[],"class_list":{"0":"post-105655","1":"product","2":"type-product","3":"status-publish","4":"has-post-thumbnail","6":"product_brand-matchbaits","7":"product_cat-engodo-terra-aditivos-engodo","8":"product_cat-engodo-terra-aditivo","10":"first","11":"instock","12":"shipping-taxable","13":"purchasable","14":"product-type-variable"},"acf":[],"_links":{"self":[{"href":"https:\/\/sopesca.pt\/es\/wp-json\/wp\/v2\/product\/105655","targetHints":{"allow":["GET"]}}],"collection":[{"href":"https:\/\/sopesca.pt\/es\/wp-json\/wp\/v2\/product"}],"about":[{"href":"https:\/\/sopesca.pt\/es\/wp-json\/wp\/v2\/types\/product"}],"replies":[{"embeddable":true,"href":"https:\/\/sopesca.pt\/es\/wp-json\/wp\/v2\/comments?post=105655"}],"wp:featuredmedia":[{"embeddable":true,"href":"https:\/\/sopesca.pt\/es\/wp-json\/wp\/v2\/media\/108452"}],"wp:attachment":[{"href":"https:\/\/sopesca.pt\/es\/wp-json\/wp\/v2\/media?parent=105655"}],"wp:term":[{"taxonomy":"product_brand","embeddable":true,"href":"https:\/\/sopesca.pt\/es\/wp-json\/wp\/v2\/product_brand?post=105655"},{"taxonomy":"product_cat","embeddable":true,"href":"https:\/\/sopesca.pt\/es\/wp-json\/wp\/v2\/product_cat?post=105655"},{"taxonomy":"product_tag","embeddable":true,"href":"https:\/\/sopesca.pt\/es\/wp-json\/wp\/v2\/product_tag?post=105655"}],"curies":[{"name":"wp","href":"https:\/\/api.w.org\/{rel}","templated":true}]}}