{"id":106103,"date":"2026-02-21T23:56:20","date_gmt":"2026-02-21T23:56:20","guid":{"rendered":"http:\/\/matchbaits.pt\/?post_type=product&#038;p=106103"},"modified":"2026-04-13T21:16:24","modified_gmt":"2026-04-13T21:16:24","slug":"ics-in-line-pellet-feeder","status":"publish","type":"product","link":"https:\/\/sopesca.pt\/es\/producto\/ics-in-line-pellet-feeder\/","title":{"rendered":"Ics In-Line Pellet Feeder"},"content":{"rendered":"<h2>Ics In-Line Pellet Feeder<\/h2>\n<p>&nbsp;<\/p>\n<p>Dispon\u00edvel em tr\u00eas tamanhos de corpo, os feeders de pellets em linha ICS s\u00e3o perfeitos para introduzir pequenos pellets e part\u00edculas no seu interior. Use em conjunto com um terminal curto de 10 cm para m\u00e1xima efic\u00e1cia. A combina\u00e7\u00e3o de pl\u00e1stico e chumbo permite que o alimentador seja moldado com precis\u00e3o, mas o mais importante, significa que o alimentador sempre cai da maneira correta para cima.<\/p>\n<p>O sistema ICS permite que voc\u00ea troque o alimentador de forma r\u00e1pida e f\u00e1cil durante a sess\u00e3o, simplesmente deslize a borracha da ponta para fora da haste, deslize o alimentador para cima na linha, remova pela ranhura no alimentador e substitua por um produto ICS alternativo.<\/p>","protected":false},"excerpt":{"rendered":"<p>Ics In-Line Pellet Feeder &nbsp; Dispon\u00edvel em tr\u00eas tamanhos de corpo, os feeders de pellets em linha ICS s\u00e3o perfeitos para introduzir pequenos pellets e part\u00edculas no seu interior. Use em conjunto com um terminal curto de 10 cm para m\u00e1xima efic\u00e1cia. A combina\u00e7\u00e3o de pl\u00e1stico e chumbo permite que o alimentador seja moldado com [&hellip;]<\/p>\n","protected":false},"featured_media":91309,"comment_status":"open","ping_status":"closed","template":"","meta":{"_acf_changed":false},"product_brand":[153],"product_cat":[2281,2272],"product_tag":[],"class_list":{"0":"post-106103","1":"product","2":"type-product","3":"status-publish","4":"has-post-thumbnail","6":"product_brand-preston","7":"product_cat-feeders-acessorios-feeders","8":"product_cat-feeders-acessorios","10":"first","11":"instock","12":"shipping-taxable","13":"purchasable","14":"product-type-variable"},"acf":[],"_links":{"self":[{"href":"https:\/\/sopesca.pt\/es\/wp-json\/wp\/v2\/product\/106103","targetHints":{"allow":["GET"]}}],"collection":[{"href":"https:\/\/sopesca.pt\/es\/wp-json\/wp\/v2\/product"}],"about":[{"href":"https:\/\/sopesca.pt\/es\/wp-json\/wp\/v2\/types\/product"}],"replies":[{"embeddable":true,"href":"https:\/\/sopesca.pt\/es\/wp-json\/wp\/v2\/comments?post=106103"}],"wp:featuredmedia":[{"embeddable":true,"href":"https:\/\/sopesca.pt\/es\/wp-json\/wp\/v2\/media\/91309"}],"wp:attachment":[{"href":"https:\/\/sopesca.pt\/es\/wp-json\/wp\/v2\/media?parent=106103"}],"wp:term":[{"taxonomy":"product_brand","embeddable":true,"href":"https:\/\/sopesca.pt\/es\/wp-json\/wp\/v2\/product_brand?post=106103"},{"taxonomy":"product_cat","embeddable":true,"href":"https:\/\/sopesca.pt\/es\/wp-json\/wp\/v2\/product_cat?post=106103"},{"taxonomy":"product_tag","embeddable":true,"href":"https:\/\/sopesca.pt\/es\/wp-json\/wp\/v2\/product_tag?post=106103"}],"curies":[{"name":"wp","href":"https:\/\/api.w.org\/{rel}","templated":true}]}}