{"id":106323,"date":"2026-02-21T23:57:05","date_gmt":"2026-02-21T23:57:05","guid":{"rendered":"http:\/\/matchbaits.pt\/produto\/latex-carp-landing-nets\/"},"modified":"2026-02-23T17:41:14","modified_gmt":"2026-02-23T17:41:14","slug":"latex-carp-landing-nets","status":"publish","type":"product","link":"https:\/\/sopesca.pt\/es\/producto\/latex-carp-landing-nets\/","title":{"rendered":"Latex Carp Landing Nets"},"content":{"rendered":"<h2>Latex Carp Landing Nets<\/h2>\n<p>&nbsp;<\/p>\n<p>Dispon\u00edvel em 18-22\u201d esta rede \u00e9 grande o suficiente para qualquer tamanho de carpa.<\/p>\n<p>A malha mais larga \u00e9 \u00f3tima para cavar na \u00e1gua, al\u00e9m de ser muito forte.<\/p>","protected":false},"excerpt":{"rendered":"<p>Latex Carp Landing Nets &nbsp; Dispon\u00edvel em 18-22\u201d esta rede \u00e9 grande o suficiente para qualquer tamanho de carpa. A malha mais larga \u00e9 \u00f3tima para cavar na \u00e1gua, al\u00e9m de ser muito forte.<\/p>","protected":false},"featured_media":91254,"comment_status":"open","ping_status":"closed","template":"","meta":{"_acf_changed":false},"product_brand":[153],"product_cat":[2317,5489],"product_tag":[],"class_list":{"0":"post-106323","1":"product","2":"type-product","3":"status-publish","4":"has-post-thumbnail","6":"product_brand-preston","7":"product_cat-redes-guarda-chuvas-bocas-de-camaroeiro","8":"product_cat-redes-guarda-chuvas","10":"first","11":"instock","12":"shipping-taxable","13":"product-type-variable"},"acf":[],"_links":{"self":[{"href":"https:\/\/sopesca.pt\/es\/wp-json\/wp\/v2\/product\/106323","targetHints":{"allow":["GET"]}}],"collection":[{"href":"https:\/\/sopesca.pt\/es\/wp-json\/wp\/v2\/product"}],"about":[{"href":"https:\/\/sopesca.pt\/es\/wp-json\/wp\/v2\/types\/product"}],"replies":[{"embeddable":true,"href":"https:\/\/sopesca.pt\/es\/wp-json\/wp\/v2\/comments?post=106323"}],"wp:featuredmedia":[{"embeddable":true,"href":"https:\/\/sopesca.pt\/es\/wp-json\/wp\/v2\/media\/91254"}],"wp:attachment":[{"href":"https:\/\/sopesca.pt\/es\/wp-json\/wp\/v2\/media?parent=106323"}],"wp:term":[{"taxonomy":"product_brand","embeddable":true,"href":"https:\/\/sopesca.pt\/es\/wp-json\/wp\/v2\/product_brand?post=106323"},{"taxonomy":"product_cat","embeddable":true,"href":"https:\/\/sopesca.pt\/es\/wp-json\/wp\/v2\/product_cat?post=106323"},{"taxonomy":"product_tag","embeddable":true,"href":"https:\/\/sopesca.pt\/es\/wp-json\/wp\/v2\/product_tag?post=106323"}],"curies":[{"name":"wp","href":"https:\/\/api.w.org\/{rel}","templated":true}]}}