{"id":106851,"date":"2026-02-21T23:58:48","date_gmt":"2026-02-21T23:58:48","guid":{"rendered":"http:\/\/matchbaits.pt\/?post_type=product&#038;p=106851"},"modified":"2026-04-21T21:21:15","modified_gmt":"2026-04-21T21:21:15","slug":"mb-method-mix","status":"publish","type":"product","link":"https:\/\/sopesca.pt\/es\/producto\/mb-method-mix\/","title":{"rendered":"MatchBaits &#8211; Method Mix"},"content":{"rendered":"<h2>Matchbaits\u00a0Method Mix<\/h2>\n<p>&nbsp;<\/p>\n<p>Engodo muito fino e de abertura r\u00e1pida onde o contraste do fishmeal e da bolacha fazem com que seja um engodo doce e salgado sendo v\u00e1lido para qualquer altura do ano.<\/p>\n<p>Indicado para a pesca das carpas e dos pimp\u00f5es ao\u00a0method\u00a0feeder.<\/p>","protected":false},"excerpt":{"rendered":"<p>Matchbaits\u00a0Method Mix &nbsp; Engodo muito fino e de abertura r\u00e1pida onde o contraste do fishmeal e da bolacha fazem com que seja um engodo doce e salgado sendo v\u00e1lido para qualquer altura do ano. Indicado para a pesca das carpas e dos pimp\u00f5es ao\u00a0method\u00a0feeder.<\/p>","protected":false},"featured_media":108437,"comment_status":"open","ping_status":"closed","template":"","meta":{"_acf_changed":false},"product_brand":[2814],"product_cat":[5494,5491],"product_tag":[],"class_list":{"0":"post-106851","1":"product","2":"type-product","3":"status-publish","4":"has-post-thumbnail","6":"product_brand-matchbaits","7":"product_cat-engodo-terra-aditivos-engodo","8":"product_cat-engodo-terra-aditivo","10":"first","11":"instock","12":"shipping-taxable","13":"purchasable","14":"product-type-variable"},"acf":[],"_links":{"self":[{"href":"https:\/\/sopesca.pt\/es\/wp-json\/wp\/v2\/product\/106851","targetHints":{"allow":["GET"]}}],"collection":[{"href":"https:\/\/sopesca.pt\/es\/wp-json\/wp\/v2\/product"}],"about":[{"href":"https:\/\/sopesca.pt\/es\/wp-json\/wp\/v2\/types\/product"}],"replies":[{"embeddable":true,"href":"https:\/\/sopesca.pt\/es\/wp-json\/wp\/v2\/comments?post=106851"}],"wp:featuredmedia":[{"embeddable":true,"href":"https:\/\/sopesca.pt\/es\/wp-json\/wp\/v2\/media\/108437"}],"wp:attachment":[{"href":"https:\/\/sopesca.pt\/es\/wp-json\/wp\/v2\/media?parent=106851"}],"wp:term":[{"taxonomy":"product_brand","embeddable":true,"href":"https:\/\/sopesca.pt\/es\/wp-json\/wp\/v2\/product_brand?post=106851"},{"taxonomy":"product_cat","embeddable":true,"href":"https:\/\/sopesca.pt\/es\/wp-json\/wp\/v2\/product_cat?post=106851"},{"taxonomy":"product_tag","embeddable":true,"href":"https:\/\/sopesca.pt\/es\/wp-json\/wp\/v2\/product_tag?post=106851"}],"curies":[{"name":"wp","href":"https:\/\/api.w.org\/{rel}","templated":true}]}}