{"id":106856,"date":"2026-02-21T23:58:49","date_gmt":"2026-02-21T23:58:49","guid":{"rendered":"http:\/\/matchbaits.pt\/?post_type=product&#038;p=106856"},"modified":"2026-03-31T11:02:43","modified_gmt":"2026-03-31T11:02:43","slug":"super-crush","status":"publish","type":"product","link":"https:\/\/sopesca.pt\/es\/producto\/super-crush\/","title":{"rendered":"Super Crush"},"content":{"rendered":"<h2>Super Crush<\/h2>\n<p>&nbsp;<\/p>\n<p><strong>50:50 Method &amp; Paste Green<\/strong>: A Method &amp; Paste Green 50:50 tem um teor de prote\u00edna muito elevado, proveniente de farinha de peixe e pellets mo\u00eddos, e \u00e9 isto que a ajuda a compactar-se \u00e0 volta de um alimentador Method, o que significa que suportar\u00e1 facilmente o impacto do lan\u00e7amento, a batida na \u00e1gua e a queda atrav\u00e9s da \u00e1gua e quaisquer pequenos golpes dos peixes que tentem afastar o groundbait. \u00c9 tamb\u00e9m por esta raz\u00e3o que ganhou um grande n\u00famero de seguidores para a pesca com alimentador Method em \u00e1guas profundas, tanto no Reino Unido como na Europa.<\/p>\n<p>50:50 Method Paste Green \u00e9 uma rica cor verde escura perfeitamente adequada para a pesca comercial.<\/p>\n<p>N\u00e3o se trata apenas de um isco para o Method, como o nome sugere. O elevado teor de farinha de peixe presta-se perfeitamente \u00e0 cria\u00e7\u00e3o de uma pasta para a cana, bastando adicionar mais \u00e1gua. Se preferir uma pasta muito mole, continue a adicionar \u00e1gua at\u00e9 atingir a consist\u00eancia desejada.<\/p>\n<p>&nbsp;<\/p>\n<p><strong>Cheesy Garlic Crush<\/strong>: O c\u00e2nhamo mo\u00eddo produz um \u00f3leo muito leve que \u00e9 libertado imediatamente, mesmo a temperaturas frias, proporcionando uma atra\u00e7\u00e3o instant\u00e2nea, enquanto os \u00f3leos de peixe mais pesados dos granulados de halibute s\u00e3o libertados a um ritmo mais lento e continuam a sair dos granulados \u00e0 medida que a \u00e1gua flui sobre eles, atraindo os peixes para o comedouro durante um per\u00edodo de tempo prolongado e o alho em p\u00f3 extra forte \u00e9 lavado atrav\u00e9s do banho, atraindo os peixes para o isco. A varia\u00e7\u00e3o do tamanho das part\u00edculas significa que os peixes apanham o rasto \u00e0 medida que os peda\u00e7os mais pequenos se deslocam rio abaixo, criando um rasto para os peda\u00e7os maiores que ficam \u00e0 volta do alimentador.<\/p>\n<p>&nbsp;<\/p>\n<p><strong>F1 Original<\/strong>: Desde o seu lan\u00e7amento, tem sido o groundbait de elei\u00e7\u00e3o de muitos pescadores de topo e provou ser devastador em muitos jogos em muitos locais diferentes. Ao adicionar a nossa mistura \u00fanica de atra\u00e7\u00e3o doce a uma mistura de farinha de peixe e pellets triturados, cri\u00e1mos um groundbait que come\u00e7a a apanhar desde o apito e que, com um poder de reten\u00e7\u00e3o prolongado, garante que os peixes permanecem no seu nado.<\/p>\n<p>A Sonubaits liderou o caminho ao ser a primeira a introduzir um groundbait de farinha de peixe doce concebido para F1 e skimmers. O original e o melhor.<\/p>\n<p>\u00c9 f\u00e1cil de misturar e liga-se bem a um alimentador de m\u00e9todo e decomp\u00f5e-se rapidamente, tudo isto devido aos ingredientes utilizados. As finas part\u00edculas de farinha de peixe criam uma mistura inativa quando humedecida, o que \u00e9 perfeito para uma r\u00e1pida decomposi\u00e7\u00e3o da ra\u00e7\u00e3o \u00e0 volta do anzol. Tamb\u00e9m pode ser enrolado ou colocado como slop.<\/p>\n<p><strong>F1 Dark<\/strong>: \u00c9 um dos nossos groundbaits mais vers\u00e1teis porque funciona t\u00e3o bem durante os meses mais quentes como quando a cor desce da \u00e1gua durante o inverno.<\/p>\n<p>Desenvolvido por Des Shipp para a captura de carpas F1 e carpas comerciais, o F1 provou ser uma revolu\u00e7\u00e3o nos groundbaits modernos \u00e0 base de farinha de peixe. Tamb\u00e9m provou ser muito bem sucedida com os skimmers. Desde o seu lan\u00e7amento, tem sido o groundbait de elei\u00e7\u00e3o de muitos pescadores de topo e provou ser devastador em muitos jogos em muitos locais diferentes. Ao adicionar a nossa mistura \u00fanica de atra\u00e7\u00e3o doce a uma mistura de farinha de peixe e pellets triturados, cri\u00e1mos um groundbait que come\u00e7a a apanhar desde o apito e que, com um poder de reten\u00e7\u00e3o prolongado, garante que os peixes permanecem no seu nado.<\/p>\n<p>&nbsp;<\/p>\n<p><strong>F1 Green<\/strong>: Desenvolvido por Des Shipp para a captura de carpas F1 e carpas comerciais, o F1 provou ser uma revolu\u00e7\u00e3o nos groundbaits modernos \u00e0 base de farinha de peixe. Tamb\u00e9m provou ser muito bem sucedida com os skimmers. Desde o seu lan\u00e7amento, tem sido o groundbait de elei\u00e7\u00e3o de muitos pescadores de topo e provou ser devastador em muitos jogos em muitos locais diferentes. Ao adicionar a nossa mistura \u00fanica de atractivos doces a uma mistura de farinha de peixe e granulados triturados, cri\u00e1mos um groundbait que come\u00e7a a apanhar desde o apito e que, com um poder de reten\u00e7\u00e3o prolongado, garante que os peixes permanecem no seu nado.<\/p>\n<p>&nbsp;<\/p>\n<p><strong>Hemp &amp; Hali Crush<\/strong>: Concebido para os Barbel de rio e utilizado por todos os nossos consultores especializados, \u00e9 uma mistura de c\u00e2nhamo esmagado e granulados de halibute que foram mo\u00eddos grosseiramente para criar uma mistura perfeita para o comedouro de gaiola, comedouro de rede, comedouro de rio ou para o bal\u00e3o. Tamb\u00e9m cria uma \u00f3ptima base para uma mistura de PVA Stick ou uma mistura de spods desleixados.<\/p>\n<p>Quando utilizado atrav\u00e9s de um alimentador, pode ser misturado para criar uma mistura bastante pegajosa, pelo que pode ser utilizado mesmo em condi\u00e7\u00f5es de inunda\u00e7\u00e3o e o maior tamanho de part\u00edcula ajuda o groundbait a separar-se e a libertar-se do alimentador.<\/p>\n<p>O c\u00e2nhamo mo\u00eddo produz um \u00f3leo muito leve que \u00e9 libertado imediatamente, mesmo em temperaturas frias, proporcionando uma atra\u00e7\u00e3o instant\u00e2nea, enquanto os \u00f3leos de peixe mais pesados dos granulados de Halibut s\u00e3o libertados a um ritmo mais lento e continuam a sair dos granulados \u00e0 medida que a \u00e1gua flui sobre eles, atraindo os peixes para o alimentador durante um per\u00edodo de tempo prolongado. A varia\u00e7\u00e3o no tamanho das part\u00edculas significa que os peixes apanham o rasto \u00e0 medida que os peda\u00e7os mais pequenos se deslocam rio abaixo, criando um rasto para os peda\u00e7os maiores que permanecem \u00e0 volta do alimentador.<\/p>\n<p>&nbsp;<\/p>\n<p><strong>Match Method Mix<\/strong>: Concebido para ser utilizado pelo pescador moderno que pretende pescar com confian\u00e7a um alimentador de m\u00e9todo de cama plana em pescarias comerciais de f\u00f3sforo.<\/p>\n<p>Esta mistura cont\u00e9m pellets e farinha de peixe triturados da mais alta qualidade e a sua consist\u00eancia \u00e9 tal que permanece no alimentador durante o lan\u00e7amento, o impacto com a \u00e1gua e a queda na \u00e1gua da maioria dos locais comerciais. Assim que o Method Feeder atinge o fundo, desfaz-se rapidamente, aumentando a linha e mantendo os peixes presentes e a competir sem os alimentar em excesso. Cada saco vem com um alimentador Preston Innovations Method Feeder gratuito. Perfeito para todas as esp\u00e9cies de peixes grandes, especialmente carpas, F1 e bremes.<\/p>\n<p>&nbsp;<\/p>\n<p><strong>Spicy Meaty Method Mix<\/strong>: Se quer um groundbait com um cheiro forte, ent\u00e3o este \u00e9 para si. De cor vermelha e com um cheiro inconfund\u00edvel a salsicha picante, este \u00e9 o groundbait ideal para \u00e1guas muito coloridas em locais comerciais ou em rios, uma vez que os peixes confiam mais no olfato do que na vis\u00e3o.<\/p>\n<p>Desenvolvido numa base de pellets triturados e farinha de peixe, com adi\u00e7\u00e3o de farinha de carne e ossos, juntamente com o Spicy Sausage Flavour, este \u00e9 o groundbait mais carnudo que podemos fazer. Perfeito para todas as esp\u00e9cies, mas tem sido preferido pelos pescadores especializados em carpa, barbo, bremes e chub.<\/p>\n<p>Pode ser pescado num alimentador Method, atrav\u00e9s de um alimentador de gaiola ou simplesmente enrolado, tamb\u00e9m funciona como um excelente suporte para outros iscos e tem-se assistido a algumas capturas fant\u00e1sticas quando se utiliza a carne como isco de anzol.<\/p>\n<p>&nbsp;<\/p>\n<p>Bream Feeder: A pesca da dourada em pescarias comerciais e locais naturais est\u00e1 a tornar-se cada vez mais popular no Reino Unido e na Europa.<\/p>\n<p>Por isso, desenvolvemos um groundbait perfeitamente adequado para o pescador moderno que pesca bremes.<\/p>\n<p>A sua cor \u00e9 amarelo dourado, que \u00e9 a cor de um groundbait tradicional para bremes, esta cor atrai cardumes de bremes e skimmers, uma vez que se destaca na maioria dos leitos dos lagos.<\/p>\n<p>O Bream Feeder \u00e9 fabricado a partir da tritura\u00e7\u00e3o de pellets de peixe, farinha de peixe e ingredientes \u00e0 base de milho, todos eles iscos comprovados para as douradas. S\u00e3o esmagados para deixar part\u00edculas maiores que permanecer\u00e3o no fundo \u00e0 medida que o cardume de sargos peneira o groundbait \u00e0 procura das part\u00edculas maiores, o que significa que o cardume permanece a alimentar-se durante mais tempo, criando tamb\u00e9m mais concorr\u00eancia, pelo que \u00e9 mais prov\u00e1vel que sejam apanhados. Devido ao facto de as part\u00edculas maiores serem pesadas, tamb\u00e9m caem no fundo do lago, mantendo assim a \u00e1rea de alimenta\u00e7\u00e3o durante mais tempo.<\/p>\n<p>&nbsp;<\/p>\n<p><strong>Supercrush Expander<\/strong>: Utilizado por muchos de los mejores pescadores del Reino Unido, este vers\u00e1til cebo tiene un gran n\u00famero de usos.<\/p>\n<p>Fabricado a partir de pellets de expansor de grado superior pura triturada se muele lentamente para crear una mezcla fina muy consistente. Debido a las part\u00edculas finas que crea un groundbait hundimiento muy lento que es perfecto para una nube descuidada cuando se alimenta a trav\u00e9s de una olla poste, un gran atractivo sin llenar los peces. Debido a su textura fina tambi\u00e9n se une bien por lo que puede ser ahuecado en una bola o incluso alimentados en el margen que forma una alfombra fina a trav\u00e9s de la parte inferior que mantiene a los peces durante horas, y tambi\u00e9n se puede hacer en una pasta para la pesca con ca\u00f1a.<\/p>\n<p>Lee Kerry (Inglaterra Internacional) dice: &#8220;Expansores triturados son mi placer culpable, yo uso esta mezcla en los m\u00e1rgenes por s\u00ed solo, o a\u00f1adido a cualquier mezcla cuando la pesca en aguas abiertas, es como la miga marr\u00f3n de groundbaits harina de pescado, una necesidad de a\u00f1adir!&#8221;<\/p>\n<p>&nbsp;<\/p>\n<p><strong>Supercrush Green<\/strong>: Um favorito firme para os pescadores do Reino Unido e da Europa em locais comerciais e naturais, este groundbait vers\u00e1til pode ser utilizado de v\u00e1rias formas diferentes.<\/p>\n<p>\u00c9 feito atrav\u00e9s da tritura\u00e7\u00e3o de granulados verdes Koi at\u00e9 obter uma consist\u00eancia fina e uniforme. Devido ao seu tamanho de part\u00edcula fino, pode ser misturado de forma a ficar bastante pegajoso, perfeito para o alimentador Method, mas ainda assim desfaz-se facilmente, ou pode ser misturado um pouco mais seco, o que cria o alimento perfeito para skimmers ou F1&#8217;s ou em \u00e1guas pouco profundas, pois cria uma fina dispers\u00e3o de groundbait sobre a qual os peixes se instalam e se alimentam, mas sem se encherem. \u00c9 bom para todas as esp\u00e9cies de peixes grosseiros, mas ganhou um grande n\u00famero de seguidores para os pescadores de bremes.<\/p>\n<p>&nbsp;<\/p>\n<p><strong>Krill<\/strong>: O premiado Krill tornou-se uma revela\u00e7\u00e3o nos \u00faltimos anos, com capturas em todo o pa\u00eds a provar a efic\u00e1cia deste produto de utiliza\u00e7\u00e3o obrigat\u00f3ria.<\/p>\n<p>Na Sonubaits, adquirimos krill mo\u00eddo de alta qualidade e, em seguida, come\u00e7\u00e1mos a trabalhar com os nossos consultores de classe mundial para combinar diferentes granulados triturados, a fim de encontrar a combina\u00e7\u00e3o vencedora. O produto final \u00e9 o Supercrush Krill, um groundbait concebido especificamente para combinar estes ingredientes vencedores.<\/p>\n<p>No Reino Unido, foram efectuadas grandes capturas em pescarias comerciais com esta mistura. \u00a0Melhor utilizado nas margens, combina a poderosa atra\u00e7\u00e3o do krill com a mistura de ingredientes que mant\u00e9m o peixe na \u00e1gua.<\/p>\n<p>&nbsp;<\/p>\n<p><strong>Worm Fishmeal<\/strong>: Worm Fishmeal \u00e9, como o seu nome sugere, um groundbait feito de minhocas desidratadas e farinha de peixe. Ao desidratar qualquer produto, remove-se a maior parte da \u00e1gua, o que concentra e intensifica o sabor.<\/p>\n<p>As minhocas desidratadas t\u00eam um cheiro \u00fanico ao qual os peixes n\u00e3o conseguem resistir. A minhoca desidratada \u00e9 depois esmagada para libertar ainda mais sabor e, em seguida, adicionada a uma mistura de pellets esmagados, farinha de peixe, p\u00e3o ralado, extractos de carne e cereais, criando um groundbait \u00fanico para todas as esp\u00e9cies de peixes grosseiros, especialmente carpas, F1, bremes, tencas e gardons.<\/p>\n<p>Foi bem aceite pelos pescadores que utilizam a minhoca cortada em locais comerciais e naturais e \u00e9 igualmente adequada para ser utilizada num alimentador Method, num alimentador de extremidade aberta, em forma de concha ou simplesmente enrolada. Depois de adicionar \u00e1gua a este produto, ver\u00e1 os peda\u00e7os de minhoca a reidratarem-se, libertando todos os seus atractivos naturais atrav\u00e9s do groundbait.<\/p>\n<p>&nbsp;<\/p>\n<p><strong>Chunky Fish<\/strong>: Este \u00e9 possivelmente o groundbait com mais cheiro a peixe que alguma vez fizemos!<\/p>\n<p>Quer\u00edamos fazer um groundbait que cheirasse realmente a peixe e que contivesse altos n\u00edveis de farinha de peixe de qualidade e outros ingredientes para fazer com que este isco se destacasse da multid\u00e3o. Este groundbait cont\u00e9m peixe desidratado real para intensificar o sabor.<\/p>\n<p>O Chunky Fish foi concebido ao longo de meses de testes, ajustes e mais testes, para se adequar perfeitamente a uma s\u00e9rie de situa\u00e7\u00f5es de pesca, mantendo ao mesmo tempo a efic\u00e1cia do isco o mais elevada poss\u00edvel.<\/p>\n<p>Nos meses mais frios, Chunky Fish \u00e9 uma \u00f3ptima forma de adicionar um pouco mais de farinha de peixe \u00e0 sua mistura de groundbait. Experimente mistur\u00e1-lo com Supercrumb Black Lake ou Supercrush Expander quando estiver a pescar skimmers e F1&#8217;s.<\/p>\n<p>Nos meses de ver\u00e3o, o Chunky Fish \u00e9 um excelente groundbait para a pesca de peixes grandes. Misture o saco completo de 2 kg com dois litros de \u00e1gua para obter a mistura perfeita. Este groundbait de cheiro forte \u00e9 realmente excelente quando se utiliza groundbait nas margens para pescar carpas grandes.<\/p>\n<p>O Chunky Fish pode ser utilizado para a pesca com canas e tamb\u00e9m pode ser utilizado num alimentador. Uma mistura extremamente vers\u00e1til.<\/p>\n<p>&nbsp;<\/p>\n<p><strong>Chocolate Orange Method Mix<\/strong>: O Chocolate Orange Method Mix foi concebido a pensar na pesca com alimentador.<\/p>\n<p>Cri\u00e1mos um groundbait que adere bem a um alimentador Method, quer esteja a lan\u00e7ar a 20 metros ou a 80 metros! A sua textura pegajosa torna a sua fixa\u00e7\u00e3o a um alimentador Method uma tarefa simples para qualquer pescador.<\/p>\n<p>Muitos groundbaits n\u00e3o se fixam num alimentador para a pesca de longo alcance com Method Feeder, e \u00e9 por isso que cri\u00e1mos um isco que far\u00e1 exatamente isso.<\/p>\n<p>O aroma a chocolate deste groundbait atinge-o assim que abre o saco. Um \u00f3timo isco, tanto no cheiro como na textura e na capacidade de apanhar peixes, a que as carpas e os F1 n\u00e3o conseguem resistir!<\/p>\n<p>A mancha laranja que atravessa o groundbait Chocolate Orange ajudar\u00e1 a atrair a aten\u00e7\u00e3o dos peixes. Tal como a utiliza\u00e7\u00e3o de iscos de anzol mais brilhantes, isto ajudar\u00e1 a atrair rapidamente os peixes para o seu pesqueiro.<br \/>\n<strong>Barbel<\/strong>: Os barbos s\u00e3o muito bons a detetar os odores na \u00e1gua. Est\u00e3o constantemente \u00e0 procura de alimentos que lhes d\u00eaem mais energia. \u00c9 por isso que os iscos mais cheirosos ajudam definitivamente os pescadores a apanhar mais barbos.<\/p>\n<p>Combin\u00e1mos tr\u00eas coisas a que os barbos simplesmente n\u00e3o conseguem resistir num saco de groundbait para lhe dar a melhor hip\u00f3tese poss\u00edvel de atrair barbos para a sua piscina! Ent\u00e3o, o que \u00e9 que s\u00e3o essas coisas? Farinha de peixe, sementes de c\u00e2nhamo e extractos de carne!<\/p>\n<p>Este groundbait forte e com cheiro a carne est\u00e1 repleto de ingredientes de alta qualidade para atrair os barbos para o seu mergulho. \u00c9 uma mistura pegajosa, que permanecer\u00e1 no seu comedouro durante mais tempo do que os groundbaits tradicionais, permitindo que o sabor se espalhe pelo rio, com pouca quantidade de alimento. Desta forma, o barbo n\u00e3o ficar\u00e1 pr\u00e9-ocupado com a sua alimenta\u00e7\u00e3o e encontrar\u00e1 o seu anzol mais rapidamente!<\/p>\n<p>&nbsp;<\/p>\n<p><strong>Banoffee<\/strong>: Uma mistura vers\u00e1til, perfeita para usar num m\u00e9todo de alimenta\u00e7\u00e3o gra\u00e7as \u00e0s suas fant\u00e1sticas qualidades de liga\u00e7\u00e3o, mas tamb\u00e9m extremamente eficaz quando colocada na cana. Cont\u00e9m uma mistura de farinha de peixe de alta qualidade, expansor triturado e biscoito, o que significa que pode ser misturado para se adequar a qualquer situa\u00e7\u00e3o de pesca com que se depare. Tem um cheiro fant\u00e1stico devido \u00e0 adi\u00e7\u00e3o do nosso popular aroma de Banoffee.<\/p>\n<p>&nbsp;<\/p>\n<p><strong>Super Carp Method Mix<\/strong>: O Super Carp Method Mix foi um dos nossos primeiros groundbaits que resistiu ao teste do tempo e continua a ser muito popular atualmente.<\/p>\n<p>Foi concebido para a pesca de esp\u00e9cimes de carpa quando se utiliza o alimentador Method, \u00e9 uma mistura pesada e pegajosa que est\u00e1 cheia de pellets, farinha de peixe, milho e c\u00e2nhamo, que foram esmagados para criar um groundbait que cont\u00e9m algumas part\u00edculas maiores de ra\u00e7\u00e3o que ajudam a mistura a fragmentar-se para criar uma zona de alimenta\u00e7\u00e3o rica em alimentos, perfeita para a carpa.<\/p>\n<p>Por ser uma mistura pesada e pegajosa, tamb\u00e9m aceita muitas part\u00edculas adicionadas, como boilies partidos ou esmagados, e pode ser transformada em bolas de groundbait e atirada ou catapultada para criar uma grande \u00e1rea de alimenta\u00e7\u00e3o.<\/p>\n<p>&nbsp;<\/p>\n<p><strong>Maggot Fishmeal:\u00a0<\/strong>As larvas de pesca prov\u00eam da mosca azul da garrafa, que \u00e9 a larva utilizada no fabrico da farinha de peixe de larva. Quando a larva fresca atinge o seu tamanho m\u00e1ximo, \u00e9 desidratada. \u00a0Ao desidratar qualquer produto, remove-se a maior parte da \u00e1gua, o que concentra e intensifica o sabor. As larvas desidratadas t\u00eam um cheiro \u00fanico ao qual os peixes n\u00e3o conseguem resistir. A larva desidratada \u00e9 ent\u00e3o esmagada para libertar ainda mais sabor e depois adicionada a uma mistura de pellets esmagados, farinha de peixe, p\u00e3o ralado, extractos de carne e cereais, criando um groundbait \u00fanico para todas as esp\u00e9cies de peixes grosseiros, especialmente carpas, F1, bremes, tencas e gardons.<\/p>\n<p>As larvas mo\u00eddas acrescentam um teor significativo de prote\u00ednas e um cheiro ao isco mo\u00eddo, um atrativo natural para os peixes. As capturas com este isco mo\u00eddo j\u00e1 excederam as expectativas.<\/p>\n<p>Depois de adicionar \u00e1gua a este isco, ver\u00e1 que os peda\u00e7os de larva se reidratam, libertando todos os seus atractivos naturais atrav\u00e9s do groundbait.<\/p>\n<p>&nbsp;<\/p>\n<p><strong>Krill &amp; Squid<\/strong>: Juntando-se a uma das nossas gamas de sabores mais populares, o groundbait Krill &amp; Squid foi desenvolvido para oferecer uma mistura potente de pellets triturados, farinha de peixe e krill, juntamente com a adi\u00e7\u00e3o super atractiva de farinha de lula, um ingrediente de qualidade incrivelmente elevada que n\u00e3o s\u00f3 contribui para o cheiro potente da mistura e para as propriedades de atra\u00e7\u00e3o dos peixes, como tamb\u00e9m aumenta os n\u00edveis de prote\u00edna, um requisito diet\u00e9tico vital para todos os peixes e algo que eles procuram ativamente quando se alimentam. De cor vermelha\/acastanhada, o groundbait Krill &amp; Squid \u00e9 uma mistura polivalente brilhante, capaz de produzir resultados fant\u00e1sticos quando pescado no alimentador, alimentado com um copo montado numa vara ou alimentado \u00e0 m\u00e3o e destaca-se como uma excelente mistura para peixes grandes, quer seja utilizada no alimentador ou nas margens. Utilize em conjunto com outros produtos da gama Krill &amp; Squid para obter resultados ainda melhores!<\/p>\n<p>&nbsp;<\/p>\n<p><strong>Power Scopex<\/strong>:\u00a0Parte da nova linha Power Scopex, o groundbait Power Scopex combina uma mistura de pellets triturados e farinha de peixe com aroma e sabor irresist\u00edveis, scopex, com um toque diferente! Uma bela mistura dourada com uma sutil mancha vermelha passando por ela, \u00e9 extremamente vers\u00e1til, perfeita para todas as esp\u00e9cies de locais comerciais, incluindo F1s, carpas e skimmers, sejam pescados em conjunto com o feeder, francesa ou inglesa.<\/p>\n<p>&nbsp;<\/p>\n<p><strong>Salted Caramel<\/strong>:\u00a0Uma mistura impressionante de pellets triturados e biscoito doce com adi\u00e7\u00e3o de farinha de peixe, sal e sabor de caramelo. O Caramelo Salgado \u00e9 fornecido na linha Supercrush de 2kg l\u00edder de mercado da Sonubaits e se adapta perfeitamente a todos os aspectos da pesca de f\u00f3sforo, grossa e de carpa. Uma lista de ingredientes de alt\u00edssima qualidade inclui um dos minerais mais procurados para todas as esp\u00e9cies grosseiras, o sal. Este teor de sal \u00e9 complementado por um aroma e sabor de caramelo intensamente atraentes, uma combina\u00e7\u00e3o que todos os peixes grossos de qualidade achar\u00e3o irresist\u00edvel. Boas qualidades de liga\u00e7\u00e3o garantem que o Caramelo Salgado Supercrush possa ser facilmente misturado para uso no alimentador do M\u00e9todo e tamb\u00e9m seja capaz de transportar part\u00edculas adicionadas quando alimentado manualmente ou atrav\u00e9s de um pote montado em poste, tanto em locais comerciais quanto naturais. Ideal para todas as esp\u00e9cies grosseiras, incluindo carpa, bremes, tenca e pimp\u00f5es.<\/p>","protected":false},"excerpt":{"rendered":"<p>Super Crush &nbsp; 50:50 Method &amp; Paste Green: A Method &amp; Paste Green 50:50 tem um teor de prote\u00edna muito elevado, proveniente de farinha de peixe e pellets mo\u00eddos, e \u00e9 isto que a ajuda a compactar-se \u00e0 volta de um alimentador Method, o que significa que suportar\u00e1 facilmente o impacto do lan\u00e7amento, a batida [&hellip;]<\/p>\n","protected":false},"featured_media":91108,"comment_status":"open","ping_status":"closed","template":"","meta":{"_acf_changed":false},"product_brand":[1504],"product_cat":[5494,5491],"product_tag":[],"class_list":{"0":"post-106856","1":"product","2":"type-product","3":"status-publish","4":"has-post-thumbnail","6":"product_brand-sonubaits","7":"product_cat-engodo-terra-aditivos-engodo","8":"product_cat-engodo-terra-aditivo","10":"first","11":"instock","12":"shipping-taxable","13":"purchasable","14":"product-type-variable"},"acf":[],"_links":{"self":[{"href":"https:\/\/sopesca.pt\/es\/wp-json\/wp\/v2\/product\/106856","targetHints":{"allow":["GET"]}}],"collection":[{"href":"https:\/\/sopesca.pt\/es\/wp-json\/wp\/v2\/product"}],"about":[{"href":"https:\/\/sopesca.pt\/es\/wp-json\/wp\/v2\/types\/product"}],"replies":[{"embeddable":true,"href":"https:\/\/sopesca.pt\/es\/wp-json\/wp\/v2\/comments?post=106856"}],"wp:featuredmedia":[{"embeddable":true,"href":"https:\/\/sopesca.pt\/es\/wp-json\/wp\/v2\/media\/91108"}],"wp:attachment":[{"href":"https:\/\/sopesca.pt\/es\/wp-json\/wp\/v2\/media?parent=106856"}],"wp:term":[{"taxonomy":"product_brand","embeddable":true,"href":"https:\/\/sopesca.pt\/es\/wp-json\/wp\/v2\/product_brand?post=106856"},{"taxonomy":"product_cat","embeddable":true,"href":"https:\/\/sopesca.pt\/es\/wp-json\/wp\/v2\/product_cat?post=106856"},{"taxonomy":"product_tag","embeddable":true,"href":"https:\/\/sopesca.pt\/es\/wp-json\/wp\/v2\/product_tag?post=106856"}],"curies":[{"name":"wp","href":"https:\/\/api.w.org\/{rel}","templated":true}]}}