{"id":107301,"date":"2026-02-22T00:00:43","date_gmt":"2026-02-22T00:00:43","guid":{"rendered":"http:\/\/matchbaits.pt\/?post_type=product&#038;p=107301"},"modified":"2026-04-13T21:13:24","modified_gmt":"2026-04-13T21:13:24","slug":"hardcase-rod-safe","status":"publish","type":"product","link":"https:\/\/sopesca.pt\/es\/producto\/hardcase-rod-safe\/","title":{"rendered":"Hardcase Rod Safe"},"content":{"rendered":"<h2>Hardcase Rod Safe<\/h2>\n<p>&nbsp;<\/p>\n<p>A melhor pe\u00e7a de bagagem para armazenar e transportar canas e varas. O Rod Safe \u00e9 fabricado com um revestimento exterior Hardcase, proporcionando prote\u00e7\u00e3o e sendo f\u00e1cil de manter. De um lado. Divis\u00f3rias internas em EVA e uma \u00e1rea de arruma\u00e7\u00e3o profunda para carretos permitem ao pescador armazenar facilmente at\u00e9 quatro canas, enquanto a outra metade da mala \u00e9 perfeita para guardar at\u00e9 tr\u00eas sec\u00e7\u00f5es de coronha de cana, ou pegas de rede de aterragem, varas de dist\u00e2ncia e pontas de aljava sobresselentes, caso opte por utilizar o Rod Safe como uma mala dedicada apenas \u00e0 cana.<\/p>\n<p>&#8211; Inv\u00f3lucro exterior robusto em Hardcase<br \/>\n&#8211; Divis\u00f3rias internas em EVA<br \/>\n&#8211; Correias de velcro seguras da marca<br \/>\n&#8211; Fechos de correr robustos e duradouros<br \/>\n&#8211; Al\u00e7a de transporte almofadada<\/p>\n<p>Dimens\u00f5es &#8211; 194x25x14cm<br \/>\nPeso &#8211; 4,9 kg<\/p>","protected":false},"excerpt":{"rendered":"<p>Hardcase Rod Safe &nbsp; A melhor pe\u00e7a de bagagem para armazenar e transportar canas e varas. O Rod Safe \u00e9 fabricado com um revestimento exterior Hardcase, proporcionando prote\u00e7\u00e3o e sendo f\u00e1cil de manter. De um lado. Divis\u00f3rias internas em EVA e uma \u00e1rea de arruma\u00e7\u00e3o profunda para carretos permitem ao pescador armazenar facilmente at\u00e9 quatro [&hellip;]<\/p>\n","protected":false},"featured_media":90973,"comment_status":"open","ping_status":"closed","template":"","meta":{"_acf_changed":false},"product_brand":[153],"product_cat":[2324,2325],"product_tag":[],"class_list":{"0":"post-107301","1":"product","2":"type-product","3":"status-publish","4":"has-post-thumbnail","6":"product_brand-preston","7":"product_cat-sacos-alcofas","8":"product_cat-sacos-alcofas-sacos-de-canas","10":"first","11":"outofstock","12":"shipping-taxable","13":"purchasable","14":"product-type-variable"},"acf":[],"_links":{"self":[{"href":"https:\/\/sopesca.pt\/es\/wp-json\/wp\/v2\/product\/107301","targetHints":{"allow":["GET"]}}],"collection":[{"href":"https:\/\/sopesca.pt\/es\/wp-json\/wp\/v2\/product"}],"about":[{"href":"https:\/\/sopesca.pt\/es\/wp-json\/wp\/v2\/types\/product"}],"replies":[{"embeddable":true,"href":"https:\/\/sopesca.pt\/es\/wp-json\/wp\/v2\/comments?post=107301"}],"wp:featuredmedia":[{"embeddable":true,"href":"https:\/\/sopesca.pt\/es\/wp-json\/wp\/v2\/media\/90973"}],"wp:attachment":[{"href":"https:\/\/sopesca.pt\/es\/wp-json\/wp\/v2\/media?parent=107301"}],"wp:term":[{"taxonomy":"product_brand","embeddable":true,"href":"https:\/\/sopesca.pt\/es\/wp-json\/wp\/v2\/product_brand?post=107301"},{"taxonomy":"product_cat","embeddable":true,"href":"https:\/\/sopesca.pt\/es\/wp-json\/wp\/v2\/product_cat?post=107301"},{"taxonomy":"product_tag","embeddable":true,"href":"https:\/\/sopesca.pt\/es\/wp-json\/wp\/v2\/product_tag?post=107301"}],"curies":[{"name":"wp","href":"https:\/\/api.w.org\/{rel}","templated":true}]}}