{"id":108323,"date":"2026-02-22T00:58:09","date_gmt":"2026-02-22T00:58:09","guid":{"rendered":"http:\/\/matchbaits.pt\/?post_type=product&#038;p=108323"},"modified":"2026-02-24T15:47:50","modified_gmt":"2026-02-24T15:47:50","slug":"torque-carp-power","status":"publish","type":"product","link":"https:\/\/sopesca.pt\/es\/producto\/torque-carp-power\/","title":{"rendered":"Torque Carp Power"},"content":{"rendered":"<h2>\u00a0Torque Carp Power<\/h2>\n<p>&nbsp;<\/p>\n<ul>\n<li>Concebido para capturar carpas grandes.<\/li>\n<li>Perfeito para pescar peixes grandes ou em locais com muitos obst\u00e1culos.<\/li>\n<li>Sec\u00e7\u00f5es de carbono multicamadas ultra-resistentes.<\/li>\n<li>Resist\u00eancia refor\u00e7ada com o nosso novo material X-Graphene.<\/li>\n<li>Acabamento com fita deslizante em todas as sec\u00e7\u00f5es.<\/li>\n<li>Kits superiores equipados com os nossos puxadores laterais Matrix Revolve<\/li>\n<li>Equipado com uma bucha interna extragrande de PTFE de 4,8 mm<\/li>\n<li>Fornecido com 1 kit superior na vara<\/li>\n<li>Fornecido numa capa de tecido resistente para a vara<\/li>\n<li>Novo design do mandril \u2013 compat\u00edvel com os kits superiores Torque anteriores<\/li>\n<li>As varas t\u00eam uma classifica\u00e7\u00e3o el\u00e1stica de 20+<\/li>\n<li>Peso 312 g<\/li>\n<li>Comprimento de armazenamento \u2013 171 cm<\/li>\n<\/ul>","protected":false},"excerpt":{"rendered":"<p>\u00a0Torque Carp Power &nbsp; Concebido para capturar carpas grandes. Perfeito para pescar peixes grandes ou em locais com muitos obst\u00e1culos. Sec\u00e7\u00f5es de carbono multicamadas ultra-resistentes. Resist\u00eancia refor\u00e7ada com o nosso novo material X-Graphene. Acabamento com fita deslizante em todas as sec\u00e7\u00f5es. Kits superiores equipados com os nossos puxadores laterais Matrix Revolve Equipado com uma bucha [&hellip;]<\/p>\n","protected":false},"featured_media":108228,"comment_status":"open","ping_status":"closed","template":"","meta":{"_acf_changed":false},"product_brand":[579],"product_cat":[2276,2340],"product_tag":[],"class_list":{"0":"post-108323","1":"product","2":"type-product","3":"status-publish","4":"has-post-thumbnail","6":"product_brand-matrix","7":"product_cat-canas-acessorios","8":"product_cat-canas-acessorios-francesa","10":"first","11":"instock","12":"shipping-taxable","13":"product-type-variable"},"acf":[],"_links":{"self":[{"href":"https:\/\/sopesca.pt\/es\/wp-json\/wp\/v2\/product\/108323","targetHints":{"allow":["GET"]}}],"collection":[{"href":"https:\/\/sopesca.pt\/es\/wp-json\/wp\/v2\/product"}],"about":[{"href":"https:\/\/sopesca.pt\/es\/wp-json\/wp\/v2\/types\/product"}],"replies":[{"embeddable":true,"href":"https:\/\/sopesca.pt\/es\/wp-json\/wp\/v2\/comments?post=108323"}],"wp:featuredmedia":[{"embeddable":true,"href":"https:\/\/sopesca.pt\/es\/wp-json\/wp\/v2\/media\/108228"}],"wp:attachment":[{"href":"https:\/\/sopesca.pt\/es\/wp-json\/wp\/v2\/media?parent=108323"}],"wp:term":[{"taxonomy":"product_brand","embeddable":true,"href":"https:\/\/sopesca.pt\/es\/wp-json\/wp\/v2\/product_brand?post=108323"},{"taxonomy":"product_cat","embeddable":true,"href":"https:\/\/sopesca.pt\/es\/wp-json\/wp\/v2\/product_cat?post=108323"},{"taxonomy":"product_tag","embeddable":true,"href":"https:\/\/sopesca.pt\/es\/wp-json\/wp\/v2\/product_tag?post=108323"}],"curies":[{"name":"wp","href":"https:\/\/api.w.org\/{rel}","templated":true}]}}