{"id":108329,"date":"2026-02-22T00:58:10","date_gmt":"2026-02-22T00:58:10","guid":{"rendered":"http:\/\/matchbaits.pt\/?post_type=product&#038;p=108329"},"modified":"2026-02-24T15:47:36","modified_gmt":"2026-02-24T15:47:36","slug":"gumma-carp-150-068","status":"publish","type":"product","link":"https:\/\/sopesca.pt\/es\/producto\/gumma-carp-150-068\/","title":{"rendered":"Gumma Carp 150\/068"},"content":{"rendered":"<h2>Gumma Carp 150\/068<\/h2>\n<p>&nbsp;<\/p>\n<p><strong>Descri\u00e7\u00e3o<\/strong><\/p>\n<ul>\n<li><strong>Espessura:<\/strong> 1,00 mm (10 mm)<\/li>\n<li><strong>Sec\u00e7\u00e3o:<\/strong> Redonda<\/li>\n<li><strong>Estrutura:<\/strong> Moldura oval<\/li>\n<li><strong>Laterais:<\/strong>\n<ul>\n<li>Rede <strong>Gumma Mesh<\/strong><\/li>\n<li>Malha prism\u00e1tica <strong>15 x 7 mm<\/strong><\/li>\n<\/ul>\n<\/li>\n<li><strong>Fundo:<\/strong>\n<ul>\n<li>Rede <strong>Gumma Mesh<\/strong><\/li>\n<li>Malha hexagonal <strong>6 x 8 mm<\/strong><\/li>\n<\/ul>\n<\/li>\n<\/ul>","protected":false},"excerpt":{"rendered":"<p>Gumma Carp 150\/068 &nbsp; Descri\u00e7\u00e3o Espessura: 1,00 mm (10 mm) Sec\u00e7\u00e3o: Redonda Estrutura: Moldura oval Laterais: Rede Gumma Mesh Malha prism\u00e1tica 15 x 7 mm Fundo: Rede Gumma Mesh Malha hexagonal 6 x 8 mm<\/p>","protected":false},"featured_media":108222,"comment_status":"open","ping_status":"closed","template":"","meta":{"_acf_changed":false},"product_brand":[136],"product_cat":[2317,5489],"product_tag":[],"class_list":{"0":"post-108329","1":"product","2":"type-product","3":"status-publish","4":"has-post-thumbnail","6":"product_brand-colmic","7":"product_cat-redes-guarda-chuvas-bocas-de-camaroeiro","8":"product_cat-redes-guarda-chuvas","10":"first","11":"instock","12":"shipping-taxable","13":"product-type-variable"},"acf":[],"_links":{"self":[{"href":"https:\/\/sopesca.pt\/es\/wp-json\/wp\/v2\/product\/108329","targetHints":{"allow":["GET"]}}],"collection":[{"href":"https:\/\/sopesca.pt\/es\/wp-json\/wp\/v2\/product"}],"about":[{"href":"https:\/\/sopesca.pt\/es\/wp-json\/wp\/v2\/types\/product"}],"replies":[{"embeddable":true,"href":"https:\/\/sopesca.pt\/es\/wp-json\/wp\/v2\/comments?post=108329"}],"wp:featuredmedia":[{"embeddable":true,"href":"https:\/\/sopesca.pt\/es\/wp-json\/wp\/v2\/media\/108222"}],"wp:attachment":[{"href":"https:\/\/sopesca.pt\/es\/wp-json\/wp\/v2\/media?parent=108329"}],"wp:term":[{"taxonomy":"product_brand","embeddable":true,"href":"https:\/\/sopesca.pt\/es\/wp-json\/wp\/v2\/product_brand?post=108329"},{"taxonomy":"product_cat","embeddable":true,"href":"https:\/\/sopesca.pt\/es\/wp-json\/wp\/v2\/product_cat?post=108329"},{"taxonomy":"product_tag","embeddable":true,"href":"https:\/\/sopesca.pt\/es\/wp-json\/wp\/v2\/product_tag?post=108329"}],"curies":[{"name":"wp","href":"https:\/\/api.w.org\/{rel}","templated":true}]}}