{"id":108382,"date":"2026-02-22T00:58:28","date_gmt":"2026-02-22T00:58:28","guid":{"rendered":"http:\/\/matchbaits.pt\/?post_type=product&#038;p=108382"},"modified":"2026-03-13T17:43:15","modified_gmt":"2026-03-13T17:43:15","slug":"compact-spool-box-2","status":"publish","type":"product","link":"https:\/\/sopesca.pt\/es\/producto\/compact-spool-box-2\/","title":{"rendered":"Compact Spool Box"},"content":{"rendered":"<h2>Revolution Compact Spool Box<\/h2>\n<p>&nbsp;<\/p>\n<p>Uma solu\u00e7\u00e3o compacta para guardar carretos Revolution ou artigos menores de equipamento terminal.<\/p>\n<p>&nbsp;<\/p>\n<p><strong>Caracter\u00edsticas<\/strong><\/p>\n<ul>\n<li>Concebido para carretos Revolution<\/li>\n<li>Pl\u00e1stico resistente e robusto<\/li>\n<li>Capacidade para guardar 8 carretos Revolution<\/li>\n<\/ul>","protected":false},"excerpt":{"rendered":"<p>Revolution Compact Spool Box &nbsp; Uma solu\u00e7\u00e3o compacta para guardar carretos Revolution ou artigos menores de equipamento terminal. &nbsp; Caracter\u00edsticas Concebido para carretos Revolution Pl\u00e1stico resistente e robusto Capacidade para guardar 8 carretos Revolution<\/p>","protected":false},"featured_media":108206,"comment_status":"open","ping_status":"closed","template":"","meta":{"_acf_changed":false},"product_brand":[153],"product_cat":[2366,2355],"product_tag":[],"class_list":{"0":"post-108382","1":"product","2":"type-product","3":"status-publish","4":"has-post-thumbnail","6":"product_brand-preston","7":"product_cat-acessorios","8":"product_cat-acessorios-encaixe-terminal","10":"first","11":"instock","12":"shipping-taxable","13":"purchasable","14":"product-type-variable"},"acf":[],"_links":{"self":[{"href":"https:\/\/sopesca.pt\/es\/wp-json\/wp\/v2\/product\/108382","targetHints":{"allow":["GET"]}}],"collection":[{"href":"https:\/\/sopesca.pt\/es\/wp-json\/wp\/v2\/product"}],"about":[{"href":"https:\/\/sopesca.pt\/es\/wp-json\/wp\/v2\/types\/product"}],"replies":[{"embeddable":true,"href":"https:\/\/sopesca.pt\/es\/wp-json\/wp\/v2\/comments?post=108382"}],"wp:featuredmedia":[{"embeddable":true,"href":"https:\/\/sopesca.pt\/es\/wp-json\/wp\/v2\/media\/108206"}],"wp:attachment":[{"href":"https:\/\/sopesca.pt\/es\/wp-json\/wp\/v2\/media?parent=108382"}],"wp:term":[{"taxonomy":"product_brand","embeddable":true,"href":"https:\/\/sopesca.pt\/es\/wp-json\/wp\/v2\/product_brand?post=108382"},{"taxonomy":"product_cat","embeddable":true,"href":"https:\/\/sopesca.pt\/es\/wp-json\/wp\/v2\/product_cat?post=108382"},{"taxonomy":"product_tag","embeddable":true,"href":"https:\/\/sopesca.pt\/es\/wp-json\/wp\/v2\/product_tag?post=108382"}],"curies":[{"name":"wp","href":"https:\/\/api.w.org\/{rel}","templated":true}]}}