{"id":108781,"date":"2026-03-05T15:21:09","date_gmt":"2026-03-05T15:21:09","guid":{"rendered":"https:\/\/matchbaits.pt\/?post_type=product&#038;p=108781"},"modified":"2026-03-07T01:41:40","modified_gmt":"2026-03-07T01:41:40","slug":"matchbaits-wafters-krill-2","status":"publish","type":"product","link":"https:\/\/sopesca.pt\/es\/producto\/matchbaits-wafters-krill-2\/","title":{"rendered":"Matchbaits &#8211; Krill Wafters"},"content":{"rendered":"<h2>Wafters &#8211; Krill<\/h2>\n<p>Eleve o n\u00edvel da sua pesca com os Wafters de 6mm da MatchBaits Desenvolvidos especificamente para pescadores que procuram alta performance em competi\u00e7\u00f5es e lazer, estes iscos combinam uma \u00f3tima flutuabilidade com um aspeto visual e olfativo irresist\u00edvel.<\/p>\n<p><strong>Destaques do Produto:<\/strong><\/p>\n<ul>\n<li>\u200bEquil\u00edbrio Perfeito: Sendo estes &#8220;Wafters&#8221;, projetados para anular o peso do anzol, permitindo que o isco flutue suavemente logo acima do fundo ou sobre o alimentador (feeder), facilitando a suc\u00e7\u00e3o pelo peixe<\/li>\n<\/ul>\n<p><strong>\u200bSabor Krill:<\/strong><\/p>\n<ul>\n<li>O aroma intenso a krill cria uma &#8220;explos\u00e3o de sabor&#8221; na \u00e1gua, atraindo Carpas, Pimp\u00f5es e outros peixes de fundo com rapidez<\/li>\n<\/ul>\n<p><strong>Visual MonoColor:<\/strong><\/p>\n<ul>\n<li>A cor Rosa permite destacar-se em diferentes tipos de leito e condi\u00e7\u00f5es de visibilidade da \u00e1gua<\/li>\n<\/ul>\n<p><strong>\u200bTextura Soft (Macia)<\/strong>:<\/p>\n<ul>\n<li>Com 4mm e textura macia, s\u00e3o f\u00e1ceis de fixar em an\u00e9is de silicone (bait bands) ou espetos (bayonets), mantendo a integridade mesmo em esperas longas<\/li>\n<\/ul>\n<p>&nbsp;<\/p>\n<p>Matchbaits<\/p>\n<p>N\u00famero de Aprova\u00e7\u00e3o \u2013 PT1AA29119<\/p>\n<p>Atividade \u2013 Industrial de alimentos compostos<\/p>","protected":false},"excerpt":{"rendered":"<p>Wafters &#8211; Krill Eleve o n\u00edvel da sua pesca com os Wafters de 6mm da MatchBaits Desenvolvidos especificamente para pescadores que procuram alta performance em competi\u00e7\u00f5es e lazer, estes iscos combinam uma \u00f3tima flutuabilidade com um aspeto visual e olfativo irresist\u00edvel. Destaques do Produto: \u200bEquil\u00edbrio Perfeito: Sendo estes &#8220;Wafters&#8221;, projetados para anular o peso do [&hellip;]<\/p>\n","protected":false},"featured_media":108748,"comment_status":"open","ping_status":"closed","template":"","meta":{"_acf_changed":false},"product_brand":[2814],"product_cat":[2282,2283],"product_tag":[],"class_list":{"0":"post-108781","1":"product","2":"type-product","3":"status-publish","4":"has-post-thumbnail","6":"product_brand-matchbaits","7":"product_cat-iscos-colas","8":"product_cat-iscos-colas-wafters","10":"first","11":"instock","12":"shipping-taxable","13":"purchasable","14":"product-type-variable"},"acf":[],"_links":{"self":[{"href":"https:\/\/sopesca.pt\/es\/wp-json\/wp\/v2\/product\/108781","targetHints":{"allow":["GET"]}}],"collection":[{"href":"https:\/\/sopesca.pt\/es\/wp-json\/wp\/v2\/product"}],"about":[{"href":"https:\/\/sopesca.pt\/es\/wp-json\/wp\/v2\/types\/product"}],"replies":[{"embeddable":true,"href":"https:\/\/sopesca.pt\/es\/wp-json\/wp\/v2\/comments?post=108781"}],"wp:featuredmedia":[{"embeddable":true,"href":"https:\/\/sopesca.pt\/es\/wp-json\/wp\/v2\/media\/108748"}],"wp:attachment":[{"href":"https:\/\/sopesca.pt\/es\/wp-json\/wp\/v2\/media?parent=108781"}],"wp:term":[{"taxonomy":"product_brand","embeddable":true,"href":"https:\/\/sopesca.pt\/es\/wp-json\/wp\/v2\/product_brand?post=108781"},{"taxonomy":"product_cat","embeddable":true,"href":"https:\/\/sopesca.pt\/es\/wp-json\/wp\/v2\/product_cat?post=108781"},{"taxonomy":"product_tag","embeddable":true,"href":"https:\/\/sopesca.pt\/es\/wp-json\/wp\/v2\/product_tag?post=108781"}],"curies":[{"name":"wp","href":"https:\/\/api.w.org\/{rel}","templated":true}]}}