{"id":108831,"date":"2026-03-06T17:24:44","date_gmt":"2026-03-06T17:24:44","guid":{"rendered":"https:\/\/sopesca.pt\/?post_type=product&#038;p=108831"},"modified":"2026-03-17T14:48:17","modified_gmt":"2026-03-17T14:48:17","slug":"matrix-ethlos-large-carryall","status":"publish","type":"product","link":"https:\/\/sopesca.pt\/es\/producto\/matrix-ethlos-large-carryall\/","title":{"rendered":"Matrix Ethlos Large Carryall"},"content":{"rendered":"<h2>Ethlos Large Carryall<\/h2>\n<p>Caracter\u00edsticas:<\/p>\n<p>&#8211; Design cl\u00e1ssico de bolsa de transporte<br \/>\n&#8211; Compartimento principal para guardar acess\u00f3rios de caixa, equipamento e iscas<br \/>\n&#8211; Compartimento externo com fecho de correr para redes, peneiras e bandejas laterais<br \/>\n&#8211; 2 grandes bolsos laterais para armazenamento adicional<br \/>\n&#8211; Bolso para rede, com laterais ventiladas para drenagem \/ secagem<br \/>\n&#8211; Fechos de correr extragrandes ultrarresistentes em todos os compartimentos<br \/>\n&#8211; Constru\u00eddo em material de poli\u00e9ster resistente<br \/>\n&#8211; Base de EVA dur\u00e1vel para aumentar a longevidade<br \/>\n&#8211; Al\u00e7a de ombro acolchoada ajust\u00e1vel e remov\u00edvel e pegas de transporte<\/p>","protected":false},"excerpt":{"rendered":"<p>Ethlos Large Carryall Caracter\u00edsticas: &#8211; Design cl\u00e1ssico de bolsa de transporte &#8211; Compartimento principal para guardar acess\u00f3rios de caixa, equipamento e iscas &#8211; Compartimento externo com fecho de correr para redes, peneiras e bandejas laterais &#8211; 2 grandes bolsos laterais para armazenamento adicional &#8211; Bolso para rede, com laterais ventiladas para drenagem \/ secagem &#8211; [&hellip;]<\/p>\n","protected":false},"featured_media":108833,"comment_status":"open","ping_status":"closed","template":"","meta":{"_acf_changed":false},"product_brand":[579],"product_cat":[2328,2324],"product_tag":[],"class_list":{"0":"post-108831","1":"product","2":"type-product","3":"status-publish","4":"has-post-thumbnail","6":"product_brand-matrix","7":"product_cat-sacos-alcofas-alcofas","8":"product_cat-sacos-alcofas","10":"first","11":"instock","12":"shipping-taxable","13":"purchasable","14":"product-type-simple"},"acf":[],"_links":{"self":[{"href":"https:\/\/sopesca.pt\/es\/wp-json\/wp\/v2\/product\/108831","targetHints":{"allow":["GET"]}}],"collection":[{"href":"https:\/\/sopesca.pt\/es\/wp-json\/wp\/v2\/product"}],"about":[{"href":"https:\/\/sopesca.pt\/es\/wp-json\/wp\/v2\/types\/product"}],"replies":[{"embeddable":true,"href":"https:\/\/sopesca.pt\/es\/wp-json\/wp\/v2\/comments?post=108831"}],"wp:featuredmedia":[{"embeddable":true,"href":"https:\/\/sopesca.pt\/es\/wp-json\/wp\/v2\/media\/108833"}],"wp:attachment":[{"href":"https:\/\/sopesca.pt\/es\/wp-json\/wp\/v2\/media?parent=108831"}],"wp:term":[{"taxonomy":"product_brand","embeddable":true,"href":"https:\/\/sopesca.pt\/es\/wp-json\/wp\/v2\/product_brand?post=108831"},{"taxonomy":"product_cat","embeddable":true,"href":"https:\/\/sopesca.pt\/es\/wp-json\/wp\/v2\/product_cat?post=108831"},{"taxonomy":"product_tag","embeddable":true,"href":"https:\/\/sopesca.pt\/es\/wp-json\/wp\/v2\/product_tag?post=108831"}],"curies":[{"name":"wp","href":"https:\/\/api.w.org\/{rel}","templated":true}]}}