{"id":108897,"date":"2026-03-10T11:03:11","date_gmt":"2026-03-10T11:03:11","guid":{"rendered":"https:\/\/sopesca.pt\/?post_type=product&#038;p=108897"},"modified":"2026-03-10T11:06:21","modified_gmt":"2026-03-10T11:06:21","slug":"maver-katana-h55a4","status":"publish","type":"product","link":"https:\/\/sopesca.pt\/es\/producto\/maver-katana-h55a4\/","title":{"rendered":"Maver &#8211; Katana &#8211; H55A4"},"content":{"rendered":"<h2>H55A4<\/h2>\n<p>Anzol sem farpa, \u00a0Ideal para utilizar pellets macios e at\u00e9 dois gr\u00e3os de milho diretamente no anzol: a estrutura em &#8220;V&#8221; do molde torna-o super resistente e permite fisgar qualquer tipo de peixe (mesmo em caso de ferragem acidental). Revestido com Teflon para manter as propriedades qu\u00edmicas mesmo ap\u00f3s muitas picadas: com este revestimento, a aplica\u00e7\u00e3o do isco ser\u00e1 sempre perfeita, t\u00e9cnica e super natural.<\/p>\n<p>&nbsp;<\/p>\n<p>&nbsp;<\/p>","protected":false},"excerpt":{"rendered":"<p>H55A4 Anzol sem farpa, \u00a0Ideal para utilizar pellets macios e at\u00e9 dois gr\u00e3os de milho diretamente no anzol: a estrutura em &#8220;V&#8221; do molde torna-o super resistente e permite fisgar qualquer tipo de peixe (mesmo em caso de ferragem acidental). Revestido com Teflon para manter as propriedades qu\u00edmicas mesmo ap\u00f3s muitas picadas: com este revestimento, [&hellip;]<\/p>\n","protected":false},"featured_media":108904,"comment_status":"open","ping_status":"closed","template":"","meta":{"_acf_changed":false},"product_brand":[264],"product_cat":[2289,2290],"product_tag":[],"class_list":{"0":"post-108897","1":"product","2":"type-product","3":"status-publish","4":"has-post-thumbnail","6":"product_brand-maver","7":"product_cat-fios-anzois-anzois-p-rio","8":"product_cat-fios-anzois","10":"first","11":"instock","12":"shipping-taxable","13":"purchasable","14":"product-type-variable"},"acf":[],"_links":{"self":[{"href":"https:\/\/sopesca.pt\/es\/wp-json\/wp\/v2\/product\/108897","targetHints":{"allow":["GET"]}}],"collection":[{"href":"https:\/\/sopesca.pt\/es\/wp-json\/wp\/v2\/product"}],"about":[{"href":"https:\/\/sopesca.pt\/es\/wp-json\/wp\/v2\/types\/product"}],"replies":[{"embeddable":true,"href":"https:\/\/sopesca.pt\/es\/wp-json\/wp\/v2\/comments?post=108897"}],"wp:featuredmedia":[{"embeddable":true,"href":"https:\/\/sopesca.pt\/es\/wp-json\/wp\/v2\/media\/108904"}],"wp:attachment":[{"href":"https:\/\/sopesca.pt\/es\/wp-json\/wp\/v2\/media?parent=108897"}],"wp:term":[{"taxonomy":"product_brand","embeddable":true,"href":"https:\/\/sopesca.pt\/es\/wp-json\/wp\/v2\/product_brand?post=108897"},{"taxonomy":"product_cat","embeddable":true,"href":"https:\/\/sopesca.pt\/es\/wp-json\/wp\/v2\/product_cat?post=108897"},{"taxonomy":"product_tag","embeddable":true,"href":"https:\/\/sopesca.pt\/es\/wp-json\/wp\/v2\/product_tag?post=108897"}],"curies":[{"name":"wp","href":"https:\/\/api.w.org\/{rel}","templated":true}]}}