{"id":108970,"date":"2026-03-11T17:07:07","date_gmt":"2026-03-11T17:07:07","guid":{"rendered":"https:\/\/sopesca.pt\/?post_type=product&#038;p=108970"},"modified":"2026-03-11T17:12:24","modified_gmt":"2026-03-11T17:12:24","slug":"shinju-ng","status":"publish","type":"product","link":"https:\/\/sopesca.pt\/es\/producto\/shinju-ng\/","title":{"rendered":"Shinju NG"},"content":{"rendered":"<h2>Shinju NG<\/h2>\n<p>&nbsp;<\/p>\n<p>A nova gera\u00e7\u00e3o do carreto SHINJU est\u00e1 equipada com um trav\u00e3o dianteiro preciso, engrenagem de alta qualidade e 4 rolamentos. \u00c9 uma excelente escolha tanto para a pesca ao spinning como para a pesca \u00e0 boia, e os tamanhos maiores tamb\u00e9m s\u00e3o ideais para t\u00e9cnicas de pesca de fundo.<\/p>","protected":false},"excerpt":{"rendered":"<p>Shinju NG &nbsp; A nova gera\u00e7\u00e3o do carreto SHINJU est\u00e1 equipada com um trav\u00e3o dianteiro preciso, engrenagem de alta qualidade e 4 rolamentos. \u00c9 uma excelente escolha tanto para a pesca ao spinning como para a pesca \u00e0 boia, e os tamanhos maiores tamb\u00e9m s\u00e3o ideais para t\u00e9cnicas de pesca de fundo.<\/p>","protected":false},"featured_media":108976,"comment_status":"open","ping_status":"closed","template":"","meta":{"_acf_changed":false},"product_brand":[1235],"product_cat":[5488,2261],"product_tag":[],"class_list":{"0":"post-108970","1":"product","2":"type-product","3":"status-publish","4":"has-post-thumbnail","6":"product_brand-mikado","7":"product_cat-carretos","8":"product_cat-carretos-inglesa-spinning","10":"first","11":"instock","12":"shipping-taxable","13":"purchasable","14":"product-type-variable"},"acf":[],"_links":{"self":[{"href":"https:\/\/sopesca.pt\/es\/wp-json\/wp\/v2\/product\/108970","targetHints":{"allow":["GET"]}}],"collection":[{"href":"https:\/\/sopesca.pt\/es\/wp-json\/wp\/v2\/product"}],"about":[{"href":"https:\/\/sopesca.pt\/es\/wp-json\/wp\/v2\/types\/product"}],"replies":[{"embeddable":true,"href":"https:\/\/sopesca.pt\/es\/wp-json\/wp\/v2\/comments?post=108970"}],"wp:featuredmedia":[{"embeddable":true,"href":"https:\/\/sopesca.pt\/es\/wp-json\/wp\/v2\/media\/108976"}],"wp:attachment":[{"href":"https:\/\/sopesca.pt\/es\/wp-json\/wp\/v2\/media?parent=108970"}],"wp:term":[{"taxonomy":"product_brand","embeddable":true,"href":"https:\/\/sopesca.pt\/es\/wp-json\/wp\/v2\/product_brand?post=108970"},{"taxonomy":"product_cat","embeddable":true,"href":"https:\/\/sopesca.pt\/es\/wp-json\/wp\/v2\/product_cat?post=108970"},{"taxonomy":"product_tag","embeddable":true,"href":"https:\/\/sopesca.pt\/es\/wp-json\/wp\/v2\/product_tag?post=108970"}],"curies":[{"name":"wp","href":"https:\/\/api.w.org\/{rel}","templated":true}]}}