{"id":109056,"date":"2026-03-11T21:47:11","date_gmt":"2026-03-11T21:47:11","guid":{"rendered":"https:\/\/sopesca.pt\/?post_type=product&#038;p=109056"},"modified":"2026-04-13T10:32:08","modified_gmt":"2026-04-13T10:32:08","slug":"matchgum-cola-de-sementes","status":"publish","type":"product","link":"https:\/\/sopesca.pt\/es\/producto\/matchgum-cola-de-sementes\/","title":{"rendered":"MatchGum &#8211; Cola de Sementes"},"content":{"rendered":"<h2>MatchGum &#8211; Cola de Sementes<\/h2>\n<p>&nbsp;<\/p>\n<p>Cola para Sementes<br \/>\nUm produto 100% natural que permite juntar as sementes h\u00famidas e dar lhe consist\u00eancia ao ponto de fazer bolas e poderem ser lan\u00e7adas \u00e0 m\u00e3o ou com fisga<br \/>\nPerfeito para locais onde \u00e9 necess\u00e1rio usar muitas sementes.<\/p>\n<p>&nbsp;<\/p>\n<p>Matchbaits<\/p>\n<p>N\u00famero de Aprova\u00e7\u00e3o \u2013 PT1AA29119<\/p>\n<p>Atividade \u2013 Industrial de alimentos compostos<\/p>","protected":false},"excerpt":{"rendered":"<p>MatchGum &#8211; Cola de Sementes &nbsp; Cola para Sementes Um produto 100% natural que permite juntar as sementes h\u00famidas e dar lhe consist\u00eancia ao ponto de fazer bolas e poderem ser lan\u00e7adas \u00e0 m\u00e3o ou com fisga Perfeito para locais onde \u00e9 necess\u00e1rio usar muitas sementes. &nbsp; Matchbaits N\u00famero de Aprova\u00e7\u00e3o \u2013 PT1AA29119 Atividade \u2013 [&hellip;]<\/p>\n","protected":false},"featured_media":109059,"comment_status":"open","ping_status":"closed","template":"","meta":{"_acf_changed":false},"product_brand":[2814,151],"product_cat":[2287,2282],"product_tag":[],"class_list":{"0":"post-109056","1":"product","2":"type-product","3":"status-publish","4":"has-post-thumbnail","6":"product_brand-matchbaits","7":"product_brand-matchgum","8":"product_cat-iscos-colas-goma-arabica","9":"product_cat-iscos-colas","11":"first","12":"instock","13":"shipping-taxable","14":"purchasable","15":"product-type-variable"},"acf":[],"_links":{"self":[{"href":"https:\/\/sopesca.pt\/es\/wp-json\/wp\/v2\/product\/109056","targetHints":{"allow":["GET"]}}],"collection":[{"href":"https:\/\/sopesca.pt\/es\/wp-json\/wp\/v2\/product"}],"about":[{"href":"https:\/\/sopesca.pt\/es\/wp-json\/wp\/v2\/types\/product"}],"replies":[{"embeddable":true,"href":"https:\/\/sopesca.pt\/es\/wp-json\/wp\/v2\/comments?post=109056"}],"wp:featuredmedia":[{"embeddable":true,"href":"https:\/\/sopesca.pt\/es\/wp-json\/wp\/v2\/media\/109059"}],"wp:attachment":[{"href":"https:\/\/sopesca.pt\/es\/wp-json\/wp\/v2\/media?parent=109056"}],"wp:term":[{"taxonomy":"product_brand","embeddable":true,"href":"https:\/\/sopesca.pt\/es\/wp-json\/wp\/v2\/product_brand?post=109056"},{"taxonomy":"product_cat","embeddable":true,"href":"https:\/\/sopesca.pt\/es\/wp-json\/wp\/v2\/product_cat?post=109056"},{"taxonomy":"product_tag","embeddable":true,"href":"https:\/\/sopesca.pt\/es\/wp-json\/wp\/v2\/product_tag?post=109056"}],"curies":[{"name":"wp","href":"https:\/\/api.w.org\/{rel}","templated":true}]}}