{"id":109587,"date":"2026-04-16T22:39:15","date_gmt":"2026-04-16T22:39:15","guid":{"rendered":"https:\/\/sopesca.pt\/?post_type=product&#038;p=109587"},"modified":"2026-04-16T22:40:49","modified_gmt":"2026-04-16T22:40:49","slug":"fbl-espetit-mesh-cap","status":"publish","type":"product","link":"https:\/\/sopesca.pt\/es\/producto\/fbl-espetit-mesh-cap\/","title":{"rendered":"FBL Espetit Mesh CAP"},"content":{"rendered":"<h2>FBL Espetit Mesh CAP<\/h2>\n<p data-start=\"0\" data-end=\"114\">Pesca com classe! Os bon\u00e9s de rede Fishus by Lurenzo s\u00e3o confort\u00e1veis, de alta qualidade e t\u00eam um visual incr\u00edvel!<\/p>\n<p data-start=\"116\" data-end=\"243\">Com estampado integral, rede respir\u00e1vel e log\u00f3tipo bordado do teu isco favorito: Espetit, Espetron, Ubuntu, Don Belone e Ippai.<\/p>\n<p data-start=\"245\" data-end=\"259\" data-is-last-node=\"\" data-is-only-node=\"\">Tamanho \u00fanico.<\/p>","protected":false},"excerpt":{"rendered":"<p>FBL Espetit Mesh CAP Pesca com classe! Os bon\u00e9s de rede Fishus by Lurenzo s\u00e3o confort\u00e1veis, de alta qualidade e t\u00eam um visual incr\u00edvel! Com estampado integral, rede respir\u00e1vel e log\u00f3tipo bordado do teu isco favorito: Espetit, Espetron, Ubuntu, Don Belone e Ippai. Tamanho \u00fanico.<\/p>","protected":false},"featured_media":109589,"comment_status":"open","ping_status":"closed","template":"","meta":{"_acf_changed":false},"product_brand":[9021],"product_cat":[2379,2378],"product_tag":[],"class_list":{"0":"post-109587","1":"product","2":"type-product","3":"status-publish","4":"has-post-thumbnail","6":"product_brand-fishus","7":"product_cat-roupa-botas-bones-gorros","8":"product_cat-roupa-botas","10":"first","11":"instock","12":"shipping-taxable","13":"purchasable","14":"product-type-variable"},"acf":[],"_links":{"self":[{"href":"https:\/\/sopesca.pt\/es\/wp-json\/wp\/v2\/product\/109587","targetHints":{"allow":["GET"]}}],"collection":[{"href":"https:\/\/sopesca.pt\/es\/wp-json\/wp\/v2\/product"}],"about":[{"href":"https:\/\/sopesca.pt\/es\/wp-json\/wp\/v2\/types\/product"}],"replies":[{"embeddable":true,"href":"https:\/\/sopesca.pt\/es\/wp-json\/wp\/v2\/comments?post=109587"}],"wp:featuredmedia":[{"embeddable":true,"href":"https:\/\/sopesca.pt\/es\/wp-json\/wp\/v2\/media\/109589"}],"wp:attachment":[{"href":"https:\/\/sopesca.pt\/es\/wp-json\/wp\/v2\/media?parent=109587"}],"wp:term":[{"taxonomy":"product_brand","embeddable":true,"href":"https:\/\/sopesca.pt\/es\/wp-json\/wp\/v2\/product_brand?post=109587"},{"taxonomy":"product_cat","embeddable":true,"href":"https:\/\/sopesca.pt\/es\/wp-json\/wp\/v2\/product_cat?post=109587"},{"taxonomy":"product_tag","embeddable":true,"href":"https:\/\/sopesca.pt\/es\/wp-json\/wp\/v2\/product_tag?post=109587"}],"curies":[{"name":"wp","href":"https:\/\/api.w.org\/{rel}","templated":true}]}}