{"id":109725,"date":"2026-04-30T08:44:53","date_gmt":"2026-04-30T08:44:53","guid":{"rendered":"https:\/\/sopesca.pt\/?post_type=product&#038;p=109725"},"modified":"2026-04-30T08:47:43","modified_gmt":"2026-04-30T08:47:43","slug":"matrix-xrt300","status":"publish","type":"product","link":"https:\/\/sopesca.pt\/es\/producto\/matrix-xrt300\/","title":{"rendered":"Matrix XRT300"},"content":{"rendered":"<h2>XTR 300<\/h2>\n<p>&nbsp;<\/p>\n<p data-start=\"0\" data-end=\"169\">XTR300 13 m foi desenvolvida para oferecer uma resist\u00eancia e durabilidade incr\u00edveis. Uma cana vers\u00e1til, perfeita para pesca comercial, gra\u00e7as \u00e0 nova resina X-Graphene.<\/p>\n<p data-start=\"171\" data-end=\"701\">Fabricada com fibra de carbono japonesa de alta qualidade.<br data-start=\"229\" data-end=\"232\" \/>Protetores de encaixe em carbono entran\u00e7ado exclusivos nas uni\u00f5es macho.<br data-start=\"304\" data-end=\"307\" \/>Outras caracter\u00edsticas incluem tecnologia de camadas MST, acabamento Glide Tape e uni\u00f5es SLG.<br data-start=\"400\" data-end=\"403\" \/>Arte impressa em 3D nas sec\u00e7\u00f5es inferiores.<br data-start=\"446\" data-end=\"449\" data-is-only-node=\"\" \/>Todos os kits est\u00e3o equipados com casquilhos PTFE fabricados no Reino Unido.<br data-start=\"525\" data-end=\"528\" \/>Vem equipada com puxadores laterais Matrix Revolve.<br data-start=\"579\" data-end=\"582\" \/>Todos os top kits incluem os novos marcadores de profundidade impressos.<br data-start=\"654\" data-end=\"657\" \/>O conjunto da cana \u00e9 fornecido com saco XTR.<\/p>\n<p data-start=\"703\" data-end=\"739\"><strong data-start=\"703\" data-end=\"739\">Conjunto XTR300 Ultra Power 13 m<\/strong><\/p>\n<p data-start=\"741\" data-end=\"947\">Inclui:<br \/>\n2 kits standard match (inclui 1 j\u00e1 fornecido na cana)<br data-start=\"802\" data-end=\"805\" \/>2 kits standard power<br data-start=\"826\" data-end=\"829\" \/>1 kit de copo extens\u00edvel Twist Lock<br data-start=\"864\" data-end=\"867\" data-is-only-node=\"\" \/>Conjunto de copos para engodo<br data-start=\"896\" data-end=\"899\" \/>1 mini extens\u00e3o (compat\u00edvel com 13 m)<br data-start=\"936\" data-end=\"939\" \/>Saco XTR<\/p>\n<p data-start=\"949\" data-end=\"972\"><strong data-start=\"949\" data-end=\"972\">Detalhes do produto<\/strong><\/p>\n<p data-start=\"974\" data-end=\"1093\" data-is-last-node=\"\" data-is-only-node=\"\">Comprimento: 13 m (incluindo mini extens\u00e3o)<br data-start=\"1017\" data-end=\"1020\" \/>Comprimento fechada: 1800 mm<br data-start=\"1048\" data-end=\"1051\" \/>N\u00famero de sec\u00e7\u00f5es: 8<br data-start=\"1071\" data-end=\"1074\" \/>Peso a 13 m: 900 g.<\/p>","protected":false},"excerpt":{"rendered":"<p>XTR 300 &nbsp; XTR300 13 m foi desenvolvida para oferecer uma resist\u00eancia e durabilidade incr\u00edveis. Uma cana vers\u00e1til, perfeita para pesca comercial, gra\u00e7as \u00e0 nova resina X-Graphene. Fabricada com fibra de carbono japonesa de alta qualidade.Protetores de encaixe em carbono entran\u00e7ado exclusivos nas uni\u00f5es macho.Outras caracter\u00edsticas incluem tecnologia de camadas MST, acabamento Glide Tape e [&hellip;]<\/p>\n","protected":false},"featured_media":109730,"comment_status":"open","ping_status":"closed","template":"","meta":{"_acf_changed":false},"product_brand":[579],"product_cat":[2276,2340],"product_tag":[],"class_list":{"0":"post-109725","1":"product","2":"type-product","3":"status-publish","4":"has-post-thumbnail","6":"product_brand-matrix","7":"product_cat-canas-acessorios","8":"product_cat-canas-acessorios-francesa","10":"first","11":"instock","12":"shipping-taxable","13":"purchasable","14":"product-type-variable"},"acf":[],"_links":{"self":[{"href":"https:\/\/sopesca.pt\/es\/wp-json\/wp\/v2\/product\/109725","targetHints":{"allow":["GET"]}}],"collection":[{"href":"https:\/\/sopesca.pt\/es\/wp-json\/wp\/v2\/product"}],"about":[{"href":"https:\/\/sopesca.pt\/es\/wp-json\/wp\/v2\/types\/product"}],"replies":[{"embeddable":true,"href":"https:\/\/sopesca.pt\/es\/wp-json\/wp\/v2\/comments?post=109725"}],"wp:featuredmedia":[{"embeddable":true,"href":"https:\/\/sopesca.pt\/es\/wp-json\/wp\/v2\/media\/109730"}],"wp:attachment":[{"href":"https:\/\/sopesca.pt\/es\/wp-json\/wp\/v2\/media?parent=109725"}],"wp:term":[{"taxonomy":"product_brand","embeddable":true,"href":"https:\/\/sopesca.pt\/es\/wp-json\/wp\/v2\/product_brand?post=109725"},{"taxonomy":"product_cat","embeddable":true,"href":"https:\/\/sopesca.pt\/es\/wp-json\/wp\/v2\/product_cat?post=109725"},{"taxonomy":"product_tag","embeddable":true,"href":"https:\/\/sopesca.pt\/es\/wp-json\/wp\/v2\/product_tag?post=109725"}],"curies":[{"name":"wp","href":"https:\/\/api.w.org\/{rel}","templated":true}]}}