{"id":109733,"date":"2026-04-30T11:55:37","date_gmt":"2026-04-30T11:55:37","guid":{"rendered":"https:\/\/sopesca.pt\/?post_type=product&#038;p=109733"},"modified":"2026-04-30T11:58:50","modified_gmt":"2026-04-30T11:58:50","slug":"preston-euro-mcx14-13-m","status":"publish","type":"product","link":"https:\/\/sopesca.pt\/es\/producto\/preston-euro-mcx14-13-m\/","title":{"rendered":"Preston Euro MCX14 13 M"},"content":{"rendered":"<h2>Preston Euro MCX14 13 M<\/h2>\n<p data-start=\"0\" data-end=\"265\">A Preston Innovations conquistou uma excelente base de seguidores na Europa com a nossa fam\u00edlia de canas longas, e decidimos tornar tudo ainda mais simples ao passar a popular gama Masterclass para o mesmo mandril das canas Euro Match e STR Carp. Assim nasce a MCX!<\/p>\n<p data-start=\"267\" data-end=\"471\">As canas Euro MCX s\u00e3o desenvolvidas no mesmo mandril das restantes canas Euro atuais, tornando-as totalmente intercambi\u00e1veis. Foram concebidas sobretudo para pescadores de lazer e competidores ocasionais.<\/p>\n<p data-start=\"473\" data-end=\"794\">Gra\u00e7as \u00e0 presen\u00e7a de Graphene, combinada com carbono de \u00faltima gera\u00e7\u00e3o, as MCX oferecem uma rigidez e resist\u00eancia significativamente superiores em compara\u00e7\u00e3o com a anterior Masterclass. Isto significa que, al\u00e9m de serem excelentes canas para peixes brancos, agora tamb\u00e9m est\u00e3o mais do que preparadas para a pesca \u00e0 carpa.<\/p>\n<p data-start=\"473\" data-end=\"794\">\n<p data-start=\"0\" data-end=\"22\"><strong data-start=\"0\" data-end=\"22\">Conjunto MCX4 13 m<\/strong><\/p>\n<p data-start=\"24\" data-end=\"96\" data-is-last-node=\"\" data-is-only-node=\"\">Cana com:<br \/>\n2 mini extens\u00f5es<br data-start=\"50\" data-end=\"53\" \/>Kit MCX Match Top 3<br data-start=\"72\" data-end=\"75\" \/>Kit MCX Cupping Top 3<\/p>","protected":false},"excerpt":{"rendered":"<p>Preston Euro MCX14 13 M A Preston Innovations conquistou uma excelente base de seguidores na Europa com a nossa fam\u00edlia de canas longas, e decidimos tornar tudo ainda mais simples ao passar a popular gama Masterclass para o mesmo mandril das canas Euro Match e STR Carp. Assim nasce a MCX! As canas Euro MCX [&hellip;]<\/p>\n","protected":false},"featured_media":109735,"comment_status":"open","ping_status":"closed","template":"","meta":{"_acf_changed":false},"product_brand":[153],"product_cat":[2276,2340],"product_tag":[],"class_list":{"0":"post-109733","1":"product","2":"type-product","3":"status-publish","4":"has-post-thumbnail","6":"product_brand-preston","7":"product_cat-canas-acessorios","8":"product_cat-canas-acessorios-francesa","10":"first","11":"instock","12":"shipping-taxable","13":"purchasable","14":"product-type-variable"},"acf":[],"_links":{"self":[{"href":"https:\/\/sopesca.pt\/es\/wp-json\/wp\/v2\/product\/109733","targetHints":{"allow":["GET"]}}],"collection":[{"href":"https:\/\/sopesca.pt\/es\/wp-json\/wp\/v2\/product"}],"about":[{"href":"https:\/\/sopesca.pt\/es\/wp-json\/wp\/v2\/types\/product"}],"replies":[{"embeddable":true,"href":"https:\/\/sopesca.pt\/es\/wp-json\/wp\/v2\/comments?post=109733"}],"wp:featuredmedia":[{"embeddable":true,"href":"https:\/\/sopesca.pt\/es\/wp-json\/wp\/v2\/media\/109735"}],"wp:attachment":[{"href":"https:\/\/sopesca.pt\/es\/wp-json\/wp\/v2\/media?parent=109733"}],"wp:term":[{"taxonomy":"product_brand","embeddable":true,"href":"https:\/\/sopesca.pt\/es\/wp-json\/wp\/v2\/product_brand?post=109733"},{"taxonomy":"product_cat","embeddable":true,"href":"https:\/\/sopesca.pt\/es\/wp-json\/wp\/v2\/product_cat?post=109733"},{"taxonomy":"product_tag","embeddable":true,"href":"https:\/\/sopesca.pt\/es\/wp-json\/wp\/v2\/product_tag?post=109733"}],"curies":[{"name":"wp","href":"https:\/\/api.w.org\/{rel}","templated":true}]}}