{"id":100144,"date":"2026-02-21T23:35:42","date_gmt":"2026-02-21T23:35:42","guid":{"rendered":"http:\/\/matchbaits.pt\/?post_type=product&#038;p=100144"},"modified":"2026-02-27T08:54:07","modified_gmt":"2026-02-27T08:54:07","slug":"3091","status":"publish","type":"product","link":"https:\/\/sopesca.pt\/fr\/produit\/3091\/","title":{"rendered":"3091"},"content":{"rendered":"<p>Sensas 3091<\/p>\n<p>Projetado para grandes pescas. \u00c9 o anzol ideal para utilizar com asticot ou caster. Um anzol muito forte, pr\u00f3prio para pescas em lugares pedregosos. De cor n\u00edquel, com pesco\u00e7o curto e fio grosso. Pacotes de 15 unidades.<\/p>","protected":false},"excerpt":{"rendered":"<p>Sensas 3091 Projetado para grandes pescas. \u00c9 o anzol ideal para utilizar com asticot ou caster. Um anzol muito forte, pr\u00f3prio para pescas em lugares pedregosos. De cor n\u00edquel, com pesco\u00e7o curto e fio grosso. Pacotes de 15 unidades.<\/p>","protected":false},"featured_media":25287,"comment_status":"open","ping_status":"closed","template":"","meta":{"_acf_changed":false},"product_brand":[110],"product_cat":[2289,2290],"product_tag":[],"class_list":{"0":"post-100144","1":"product","2":"type-product","3":"status-publish","4":"has-post-thumbnail","6":"product_brand-sensas","7":"product_cat-fios-anzois-anzois-p-rio","8":"product_cat-fios-anzois","10":"first","11":"instock","12":"shipping-taxable","13":"purchasable","14":"product-type-variable"},"acf":[],"_links":{"self":[{"href":"https:\/\/sopesca.pt\/fr\/wp-json\/wp\/v2\/product\/100144","targetHints":{"allow":["GET"]}}],"collection":[{"href":"https:\/\/sopesca.pt\/fr\/wp-json\/wp\/v2\/product"}],"about":[{"href":"https:\/\/sopesca.pt\/fr\/wp-json\/wp\/v2\/types\/product"}],"replies":[{"embeddable":true,"href":"https:\/\/sopesca.pt\/fr\/wp-json\/wp\/v2\/comments?post=100144"}],"wp:featuredmedia":[{"embeddable":true,"href":"https:\/\/sopesca.pt\/fr\/wp-json\/wp\/v2\/media\/25287"}],"wp:attachment":[{"href":"https:\/\/sopesca.pt\/fr\/wp-json\/wp\/v2\/media?parent=100144"}],"wp:term":[{"taxonomy":"product_brand","embeddable":true,"href":"https:\/\/sopesca.pt\/fr\/wp-json\/wp\/v2\/product_brand?post=100144"},{"taxonomy":"product_cat","embeddable":true,"href":"https:\/\/sopesca.pt\/fr\/wp-json\/wp\/v2\/product_cat?post=100144"},{"taxonomy":"product_tag","embeddable":true,"href":"https:\/\/sopesca.pt\/fr\/wp-json\/wp\/v2\/product_tag?post=100144"}],"curies":[{"name":"wp","href":"https:\/\/api.w.org\/{rel}","templated":true}]}}