{"id":100146,"date":"2026-02-21T23:35:42","date_gmt":"2026-02-21T23:35:42","guid":{"rendered":"http:\/\/matchbaits.pt\/?post_type=product&#038;p=100146"},"modified":"2026-02-27T08:55:44","modified_gmt":"2026-02-27T08:55:44","slug":"3311","status":"publish","type":"product","link":"https:\/\/sopesca.pt\/fr\/produit\/3311\/","title":{"rendered":"3311"},"content":{"rendered":"<p>Sensas 3311<\/p>\n<p>Anzol t\u00edpico para a pesca em rios com corrente forte. Tem uma sec\u00e7\u00e3o transversal quadrada que faz com que seja perfeitamente segura, mesmo com sobrecargas elevadas que ocorrem durante a reprodu\u00e7\u00e3o de um peixe grande na corrente forte.<\/p>","protected":false},"excerpt":{"rendered":"<p>Sensas 3311 Anzol t\u00edpico para a pesca em rios com corrente forte. Tem uma sec\u00e7\u00e3o transversal quadrada que faz com que seja perfeitamente segura, mesmo com sobrecargas elevadas que ocorrem durante a reprodu\u00e7\u00e3o de um peixe grande na corrente forte.<\/p>","protected":false},"featured_media":25267,"comment_status":"open","ping_status":"closed","template":"","meta":{"_acf_changed":false},"product_brand":[110],"product_cat":[2289,2290],"product_tag":[],"class_list":{"0":"post-100146","1":"product","2":"type-product","3":"status-publish","4":"has-post-thumbnail","6":"product_brand-sensas","7":"product_cat-fios-anzois-anzois-p-rio","8":"product_cat-fios-anzois","10":"first","11":"instock","12":"shipping-taxable","13":"purchasable","14":"product-type-variable"},"acf":[],"_links":{"self":[{"href":"https:\/\/sopesca.pt\/fr\/wp-json\/wp\/v2\/product\/100146","targetHints":{"allow":["GET"]}}],"collection":[{"href":"https:\/\/sopesca.pt\/fr\/wp-json\/wp\/v2\/product"}],"about":[{"href":"https:\/\/sopesca.pt\/fr\/wp-json\/wp\/v2\/types\/product"}],"replies":[{"embeddable":true,"href":"https:\/\/sopesca.pt\/fr\/wp-json\/wp\/v2\/comments?post=100146"}],"wp:featuredmedia":[{"embeddable":true,"href":"https:\/\/sopesca.pt\/fr\/wp-json\/wp\/v2\/media\/25267"}],"wp:attachment":[{"href":"https:\/\/sopesca.pt\/fr\/wp-json\/wp\/v2\/media?parent=100146"}],"wp:term":[{"taxonomy":"product_brand","embeddable":true,"href":"https:\/\/sopesca.pt\/fr\/wp-json\/wp\/v2\/product_brand?post=100146"},{"taxonomy":"product_cat","embeddable":true,"href":"https:\/\/sopesca.pt\/fr\/wp-json\/wp\/v2\/product_cat?post=100146"},{"taxonomy":"product_tag","embeddable":true,"href":"https:\/\/sopesca.pt\/fr\/wp-json\/wp\/v2\/product_tag?post=100146"}],"curies":[{"name":"wp","href":"https:\/\/api.w.org\/{rel}","templated":true}]}}