{"id":100176,"date":"2026-02-21T23:35:46","date_gmt":"2026-02-21T23:35:46","guid":{"rendered":"http:\/\/matchbaits.pt\/?post_type=product&#038;p=100176"},"modified":"2026-03-02T22:50:41","modified_gmt":"2026-03-02T22:50:41","slug":"serie-k","status":"publish","type":"product","link":"https:\/\/sopesca.pt\/fr\/produit\/serie-k\/","title":{"rendered":"Serie K"},"content":{"rendered":"<h2>Milo Serie K<\/h2>\n<p>&nbsp;<\/p>\n<p>Anzol reto, bronzeado e sem barlela, com haste m\u00e9dia.<\/p>\n<p>Este \u00e9 um anzol extremamente leve (o maior da s\u00e9rie, o 21, pesa apenas 0,01 g) para os peixes mais suspeitos (crucian e carpa) Ideal para iscas muito pequenas e delicadas. Excepcional para a captura chub em \u00e1gua muito clara.<\/p>","protected":false},"excerpt":{"rendered":"<p>Milo Serie K &nbsp; Anzol reto, bronzeado e sem barlela, com haste m\u00e9dia. Este \u00e9 um anzol extremamente leve (o maior da s\u00e9rie, o 21, pesa apenas 0,01 g) para os peixes mais suspeitos (crucian e carpa) Ideal para iscas muito pequenas e delicadas. Excepcional para a captura chub em \u00e1gua muito clara.<\/p>","protected":false},"featured_media":49731,"comment_status":"open","ping_status":"closed","template":"","meta":{"_acf_changed":false},"product_brand":[111],"product_cat":[2289,2290],"product_tag":[],"class_list":{"0":"post-100176","1":"product","2":"type-product","3":"status-publish","4":"has-post-thumbnail","6":"product_brand-milo","7":"product_cat-fios-anzois-anzois-p-rio","8":"product_cat-fios-anzois","10":"first","11":"instock","12":"shipping-taxable","13":"purchasable","14":"product-type-variable"},"acf":[],"_links":{"self":[{"href":"https:\/\/sopesca.pt\/fr\/wp-json\/wp\/v2\/product\/100176","targetHints":{"allow":["GET"]}}],"collection":[{"href":"https:\/\/sopesca.pt\/fr\/wp-json\/wp\/v2\/product"}],"about":[{"href":"https:\/\/sopesca.pt\/fr\/wp-json\/wp\/v2\/types\/product"}],"replies":[{"embeddable":true,"href":"https:\/\/sopesca.pt\/fr\/wp-json\/wp\/v2\/comments?post=100176"}],"wp:featuredmedia":[{"embeddable":true,"href":"https:\/\/sopesca.pt\/fr\/wp-json\/wp\/v2\/media\/49731"}],"wp:attachment":[{"href":"https:\/\/sopesca.pt\/fr\/wp-json\/wp\/v2\/media?parent=100176"}],"wp:term":[{"taxonomy":"product_brand","embeddable":true,"href":"https:\/\/sopesca.pt\/fr\/wp-json\/wp\/v2\/product_brand?post=100176"},{"taxonomy":"product_cat","embeddable":true,"href":"https:\/\/sopesca.pt\/fr\/wp-json\/wp\/v2\/product_cat?post=100176"},{"taxonomy":"product_tag","embeddable":true,"href":"https:\/\/sopesca.pt\/fr\/wp-json\/wp\/v2\/product_tag?post=100176"}],"curies":[{"name":"wp","href":"https:\/\/api.w.org\/{rel}","templated":true}]}}