{"id":100204,"date":"2026-02-21T23:35:50","date_gmt":"2026-02-21T23:35:50","guid":{"rendered":"http:\/\/matchbaits.pt\/?post_type=product&#038;p=100204"},"modified":"2026-03-02T22:54:03","modified_gmt":"2026-03-02T22:54:03","slug":"series-as-super-carp","status":"publish","type":"product","link":"https:\/\/sopesca.pt\/fr\/produit\/series-as-super-carp\/","title":{"rendered":"Series AS Super Carp"},"content":{"rendered":"<h2>Milo Series AS Super Carp<\/h2>\n<p>&nbsp;<\/p>\n<p>Anz\u00f3is com micro barbela polida para carpas e peixes de grande porte, feitos de a\u00e7o carbono 110 para dar for\u00e7a adicional e nitidez.<\/p>\n<p>Quimicamente afiado.<\/p>","protected":false},"excerpt":{"rendered":"<p>Milo Series AS Super Carp &nbsp; Anz\u00f3is com micro barbela polida para carpas e peixes de grande porte, feitos de a\u00e7o carbono 110 para dar for\u00e7a adicional e nitidez. Quimicamente afiado.<\/p>","protected":false},"featured_media":49727,"comment_status":"open","ping_status":"closed","template":"","meta":{"_acf_changed":false},"product_brand":[111],"product_cat":[2289,2290],"product_tag":[],"class_list":{"0":"post-100204","1":"product","2":"type-product","3":"status-publish","4":"has-post-thumbnail","6":"product_brand-milo","7":"product_cat-fios-anzois-anzois-p-rio","8":"product_cat-fios-anzois","10":"first","11":"instock","12":"shipping-taxable","13":"purchasable","14":"product-type-variable"},"acf":[],"_links":{"self":[{"href":"https:\/\/sopesca.pt\/fr\/wp-json\/wp\/v2\/product\/100204","targetHints":{"allow":["GET"]}}],"collection":[{"href":"https:\/\/sopesca.pt\/fr\/wp-json\/wp\/v2\/product"}],"about":[{"href":"https:\/\/sopesca.pt\/fr\/wp-json\/wp\/v2\/types\/product"}],"replies":[{"embeddable":true,"href":"https:\/\/sopesca.pt\/fr\/wp-json\/wp\/v2\/comments?post=100204"}],"wp:featuredmedia":[{"embeddable":true,"href":"https:\/\/sopesca.pt\/fr\/wp-json\/wp\/v2\/media\/49727"}],"wp:attachment":[{"href":"https:\/\/sopesca.pt\/fr\/wp-json\/wp\/v2\/media?parent=100204"}],"wp:term":[{"taxonomy":"product_brand","embeddable":true,"href":"https:\/\/sopesca.pt\/fr\/wp-json\/wp\/v2\/product_brand?post=100204"},{"taxonomy":"product_cat","embeddable":true,"href":"https:\/\/sopesca.pt\/fr\/wp-json\/wp\/v2\/product_cat?post=100204"},{"taxonomy":"product_tag","embeddable":true,"href":"https:\/\/sopesca.pt\/fr\/wp-json\/wp\/v2\/product_tag?post=100204"}],"curies":[{"name":"wp","href":"https:\/\/api.w.org\/{rel}","templated":true}]}}