{"id":100205,"date":"2026-02-21T23:35:51","date_gmt":"2026-02-21T23:35:51","guid":{"rendered":"http:\/\/matchbaits.pt\/?post_type=product&#038;p=100205"},"modified":"2026-03-02T22:54:33","modified_gmt":"2026-03-02T22:54:33","slug":"serie-132-s","status":"publish","type":"product","link":"https:\/\/sopesca.pt\/fr\/produit\/serie-132-s\/","title":{"rendered":"Serie 132 S"},"content":{"rendered":"<h2>Milo S\u00e9rie 132 S<\/h2>\n<p>&nbsp;<\/p>\n<p>Semelhante no desenho mas mais forte do que o P132 gra\u00e7as a um fio ligeiramente mais grosso, o polido 132S caracteriza-se por uma haste reta, uma larga abertura e um ponto longo com micro-farpa.<\/p>\n<p>\u00c9 ideal para alvejar peixes grandes do fundo como o barbo, pimp\u00e3o e a carpa usando a isca tradicional. Excelente penetra\u00e7\u00e3o.<\/p>","protected":false},"excerpt":{"rendered":"<p>Milo S\u00e9rie 132 S &nbsp; Semelhante no desenho mas mais forte do que o P132 gra\u00e7as a um fio ligeiramente mais grosso, o polido 132S caracteriza-se por uma haste reta, uma larga abertura e um ponto longo com micro-farpa. \u00c9 ideal para alvejar peixes grandes do fundo como o barbo, pimp\u00e3o e a carpa usando [&hellip;]<\/p>\n","protected":false},"featured_media":49729,"comment_status":"open","ping_status":"closed","template":"","meta":{"_acf_changed":false},"product_brand":[111],"product_cat":[2289,2290],"product_tag":[],"class_list":{"0":"post-100205","1":"product","2":"type-product","3":"status-publish","4":"has-post-thumbnail","6":"product_brand-milo","7":"product_cat-fios-anzois-anzois-p-rio","8":"product_cat-fios-anzois","10":"first","11":"instock","12":"shipping-taxable","13":"purchasable","14":"product-type-variable"},"acf":[],"_links":{"self":[{"href":"https:\/\/sopesca.pt\/fr\/wp-json\/wp\/v2\/product\/100205","targetHints":{"allow":["GET"]}}],"collection":[{"href":"https:\/\/sopesca.pt\/fr\/wp-json\/wp\/v2\/product"}],"about":[{"href":"https:\/\/sopesca.pt\/fr\/wp-json\/wp\/v2\/types\/product"}],"replies":[{"embeddable":true,"href":"https:\/\/sopesca.pt\/fr\/wp-json\/wp\/v2\/comments?post=100205"}],"wp:featuredmedia":[{"embeddable":true,"href":"https:\/\/sopesca.pt\/fr\/wp-json\/wp\/v2\/media\/49729"}],"wp:attachment":[{"href":"https:\/\/sopesca.pt\/fr\/wp-json\/wp\/v2\/media?parent=100205"}],"wp:term":[{"taxonomy":"product_brand","embeddable":true,"href":"https:\/\/sopesca.pt\/fr\/wp-json\/wp\/v2\/product_brand?post=100205"},{"taxonomy":"product_cat","embeddable":true,"href":"https:\/\/sopesca.pt\/fr\/wp-json\/wp\/v2\/product_cat?post=100205"},{"taxonomy":"product_tag","embeddable":true,"href":"https:\/\/sopesca.pt\/fr\/wp-json\/wp\/v2\/product_tag?post=100205"}],"curies":[{"name":"wp","href":"https:\/\/api.w.org\/{rel}","templated":true}]}}