{"id":100232,"date":"2026-02-21T23:35:55","date_gmt":"2026-02-21T23:35:55","guid":{"rendered":"http:\/\/matchbaits.pt\/?post_type=product&#038;p=100232"},"modified":"2026-03-02T22:55:55","modified_gmt":"2026-03-02T22:55:55","slug":"carbon-feeder","status":"publish","type":"product","link":"https:\/\/sopesca.pt\/fr\/produit\/carbon-feeder\/","title":{"rendered":"Carbon Feeder"},"content":{"rendered":"<p>Dreannan Carbon Feeder<\/p>\n<p>Anz\u00f3is para feeder de carbono com micro barbela, ideal para todos os tipos de pesca de feeder em rios, canais e \u00e1guas im\u00f3veis onde sejam permitidos anz\u00f3is com barbela.<\/p>","protected":false},"excerpt":{"rendered":"<p>Dreannan Carbon Feeder Anz\u00f3is para feeder de carbono com micro barbela, ideal para todos os tipos de pesca de feeder em rios, canais e \u00e1guas im\u00f3veis onde sejam permitidos anz\u00f3is com barbela.<\/p>","protected":false},"featured_media":25340,"comment_status":"open","ping_status":"closed","template":"","meta":{"_acf_changed":false},"product_brand":[113],"product_cat":[2289,2290],"product_tag":[],"class_list":{"0":"post-100232","1":"product","2":"type-product","3":"status-publish","4":"has-post-thumbnail","6":"product_brand-drennan","7":"product_cat-fios-anzois-anzois-p-rio","8":"product_cat-fios-anzois","10":"first","11":"instock","12":"shipping-taxable","13":"purchasable","14":"product-type-variable"},"acf":[],"_links":{"self":[{"href":"https:\/\/sopesca.pt\/fr\/wp-json\/wp\/v2\/product\/100232","targetHints":{"allow":["GET"]}}],"collection":[{"href":"https:\/\/sopesca.pt\/fr\/wp-json\/wp\/v2\/product"}],"about":[{"href":"https:\/\/sopesca.pt\/fr\/wp-json\/wp\/v2\/types\/product"}],"replies":[{"embeddable":true,"href":"https:\/\/sopesca.pt\/fr\/wp-json\/wp\/v2\/comments?post=100232"}],"wp:featuredmedia":[{"embeddable":true,"href":"https:\/\/sopesca.pt\/fr\/wp-json\/wp\/v2\/media\/25340"}],"wp:attachment":[{"href":"https:\/\/sopesca.pt\/fr\/wp-json\/wp\/v2\/media?parent=100232"}],"wp:term":[{"taxonomy":"product_brand","embeddable":true,"href":"https:\/\/sopesca.pt\/fr\/wp-json\/wp\/v2\/product_brand?post=100232"},{"taxonomy":"product_cat","embeddable":true,"href":"https:\/\/sopesca.pt\/fr\/wp-json\/wp\/v2\/product_cat?post=100232"},{"taxonomy":"product_tag","embeddable":true,"href":"https:\/\/sopesca.pt\/fr\/wp-json\/wp\/v2\/product_tag?post=100232"}],"curies":[{"name":"wp","href":"https:\/\/api.w.org\/{rel}","templated":true}]}}