{"id":100233,"date":"2026-02-21T23:35:55","date_gmt":"2026-02-21T23:35:55","guid":{"rendered":"http:\/\/matchbaits.pt\/?post_type=product&#038;p=100233"},"modified":"2026-03-02T22:58:39","modified_gmt":"2026-03-02T22:58:39","slug":"super-spade","status":"publish","type":"product","link":"https:\/\/sopesca.pt\/fr\/produit\/super-spade\/","title":{"rendered":"Super Spade"},"content":{"rendered":"<p>Drennan Super Spade<\/p>\n<p>Um bom feeder para barbos ou chub. Os anz\u00f3is maiores s\u00e3o ideais para grandes iscas como carne e minhocas, e at\u00e9 mesmo a menor dos Super Spade \u00e9 forte o suficiente para agarrar peixes grandes.<\/p>","protected":false},"excerpt":{"rendered":"<p>Drennan Super Spade Um bom feeder para barbos ou chub. Os anz\u00f3is maiores s\u00e3o ideais para grandes iscas como carne e minhocas, e at\u00e9 mesmo a menor dos Super Spade \u00e9 forte o suficiente para agarrar peixes grandes.<\/p>","protected":false},"featured_media":25282,"comment_status":"open","ping_status":"closed","template":"","meta":{"_acf_changed":false},"product_brand":[113],"product_cat":[2289,2290],"product_tag":[],"class_list":{"0":"post-100233","1":"product","2":"type-product","3":"status-publish","4":"has-post-thumbnail","6":"product_brand-drennan","7":"product_cat-fios-anzois-anzois-p-rio","8":"product_cat-fios-anzois","10":"first","11":"instock","12":"shipping-taxable","13":"purchasable","14":"product-type-variable"},"acf":[],"_links":{"self":[{"href":"https:\/\/sopesca.pt\/fr\/wp-json\/wp\/v2\/product\/100233","targetHints":{"allow":["GET"]}}],"collection":[{"href":"https:\/\/sopesca.pt\/fr\/wp-json\/wp\/v2\/product"}],"about":[{"href":"https:\/\/sopesca.pt\/fr\/wp-json\/wp\/v2\/types\/product"}],"replies":[{"embeddable":true,"href":"https:\/\/sopesca.pt\/fr\/wp-json\/wp\/v2\/comments?post=100233"}],"wp:featuredmedia":[{"embeddable":true,"href":"https:\/\/sopesca.pt\/fr\/wp-json\/wp\/v2\/media\/25282"}],"wp:attachment":[{"href":"https:\/\/sopesca.pt\/fr\/wp-json\/wp\/v2\/media?parent=100233"}],"wp:term":[{"taxonomy":"product_brand","embeddable":true,"href":"https:\/\/sopesca.pt\/fr\/wp-json\/wp\/v2\/product_brand?post=100233"},{"taxonomy":"product_cat","embeddable":true,"href":"https:\/\/sopesca.pt\/fr\/wp-json\/wp\/v2\/product_cat?post=100233"},{"taxonomy":"product_tag","embeddable":true,"href":"https:\/\/sopesca.pt\/fr\/wp-json\/wp\/v2\/product_tag?post=100233"}],"curies":[{"name":"wp","href":"https:\/\/api.w.org\/{rel}","templated":true}]}}