{"id":100234,"date":"2026-02-21T23:35:55","date_gmt":"2026-02-21T23:35:55","guid":{"rendered":"http:\/\/matchbaits.pt\/?post_type=product&#038;p=100234"},"modified":"2026-03-02T22:59:09","modified_gmt":"2026-03-02T22:59:09","slug":"specimen","status":"publish","type":"product","link":"https:\/\/sopesca.pt\/fr\/produit\/specimen\/","title":{"rendered":"Specimen"},"content":{"rendered":"<p>Anz\u00f3is Drennan Specimen<\/p>\n<p>Tamanho 12 &#8211; Forte e vers\u00e1til o suficiente para ser pescado em uma ampla gama de linhas de cerca de 4lb at\u00e9 6lb. O tamanho tamb\u00e9m \u00e9 ideal para uma ampla gama de iscos, como p\u00e3o, carne, pellets, etc<br \/>\nTamanho 14 &#8211; Um tamanho popular e vers\u00e1til, grande o suficiente para ter uma ampla gama de iscas, mas ainda pequeno o suficiente para produzir mordidas de peixes t\u00edmidos. Em fio forjado de carbono de 0.49mm de altura, s\u00e3o normalmente pescados em linhas de cerca de 3lb a 5lb.<br \/>\nTamanho 16 &#8211; Normalmente amarrado a linhas de 2lb 8oz a 4lb 8oz e usado para uma sele\u00e7\u00e3o de iscas pequenas, como asticot, caster, uma pellet ou minhoca pequena. Produzido em fio forjado de 0,46 mm de carbono, com ponto de agulha qu\u00edmico e gravado qu\u00edmicamente.<br \/>\nTamanho 18 &#8211; Este \u00e9 um anzol pequeno bom para a pesca com dois asticots, caster ou uma pequena minhoca. \u00c9 forte o suficiente para tencas e Breams e \u00e9 normalmente ligada a linhas de cerca de 2lb 8oz a 4lb.<br \/>\nTamanho 20 &#8211; O menor da escala Specimen \u00e9 ideal para pequenas iscas como asticot ou caster. Em forjado 0.38mm fio de carbono de alta \u00e9 surpreendentemente forte e normalmente \u00e9 amarrado a linhas ou hooklengths de cerca de 2lb a 3lb 8oz.<\/p>","protected":false},"excerpt":{"rendered":"<p>Anz\u00f3is Drennan Specimen Tamanho 12 &#8211; Forte e vers\u00e1til o suficiente para ser pescado em uma ampla gama de linhas de cerca de 4lb at\u00e9 6lb. O tamanho tamb\u00e9m \u00e9 ideal para uma ampla gama de iscos, como p\u00e3o, carne, pellets, etc Tamanho 14 &#8211; Um tamanho popular e vers\u00e1til, grande o suficiente para ter [&hellip;]<\/p>\n","protected":false},"featured_media":25281,"comment_status":"open","ping_status":"closed","template":"","meta":{"_acf_changed":false},"product_brand":[113],"product_cat":[2289,2290],"product_tag":[],"class_list":{"0":"post-100234","1":"product","2":"type-product","3":"status-publish","4":"has-post-thumbnail","6":"product_brand-drennan","7":"product_cat-fios-anzois-anzois-p-rio","8":"product_cat-fios-anzois","10":"first","11":"instock","12":"shipping-taxable","13":"purchasable","14":"product-type-variable"},"acf":[],"_links":{"self":[{"href":"https:\/\/sopesca.pt\/fr\/wp-json\/wp\/v2\/product\/100234","targetHints":{"allow":["GET"]}}],"collection":[{"href":"https:\/\/sopesca.pt\/fr\/wp-json\/wp\/v2\/product"}],"about":[{"href":"https:\/\/sopesca.pt\/fr\/wp-json\/wp\/v2\/types\/product"}],"replies":[{"embeddable":true,"href":"https:\/\/sopesca.pt\/fr\/wp-json\/wp\/v2\/comments?post=100234"}],"wp:featuredmedia":[{"embeddable":true,"href":"https:\/\/sopesca.pt\/fr\/wp-json\/wp\/v2\/media\/25281"}],"wp:attachment":[{"href":"https:\/\/sopesca.pt\/fr\/wp-json\/wp\/v2\/media?parent=100234"}],"wp:term":[{"taxonomy":"product_brand","embeddable":true,"href":"https:\/\/sopesca.pt\/fr\/wp-json\/wp\/v2\/product_brand?post=100234"},{"taxonomy":"product_cat","embeddable":true,"href":"https:\/\/sopesca.pt\/fr\/wp-json\/wp\/v2\/product_cat?post=100234"},{"taxonomy":"product_tag","embeddable":true,"href":"https:\/\/sopesca.pt\/fr\/wp-json\/wp\/v2\/product_tag?post=100234"}],"curies":[{"name":"wp","href":"https:\/\/api.w.org\/{rel}","templated":true}]}}