{"id":100262,"date":"2026-02-21T23:35:59","date_gmt":"2026-02-21T23:35:59","guid":{"rendered":"http:\/\/matchbaits.pt\/?post_type=product&#038;p=100262"},"modified":"2026-03-02T23:01:00","modified_gmt":"2026-03-02T23:01:00","slug":"animal","status":"publish","type":"product","link":"https:\/\/sopesca.pt\/fr\/produit\/animal\/","title":{"rendered":"Animal"},"content":{"rendered":"<p>Kamasan Animal Spade Hooks Anz\u00f3is com grande resist\u00eancia dispon\u00edveis com e sem barbela. Excelente para Barbos e Carpas. Kamasan Animal Spades estabeleceu-se rapidamente como o n\u00famero um na pesca \u00e0s carpas com anz\u00f3is com barlela. Eles s\u00e3o extremamente fortes, com uma curva redonda e s\u00e3o perfeitos para a pesca podendo ser utilizados com uma grande variedade de iscos, mas especialmente milho e vermes. O ponto curvado do bico reduz extremamente as possibilidades de descravamento e fornece uma preens\u00e3o ultra segura do gancho.<\/p>","protected":false},"excerpt":{"rendered":"<p>Kamasan Animal Spade Hooks Anz\u00f3is com grande resist\u00eancia dispon\u00edveis com e sem barbela. Excelente para Barbos e Carpas. Kamasan Animal Spades estabeleceu-se rapidamente como o n\u00famero um na pesca \u00e0s carpas com anz\u00f3is com barlela. Eles s\u00e3o extremamente fortes, com uma curva redonda e s\u00e3o perfeitos para a pesca podendo ser utilizados com uma grande [&hellip;]<\/p>\n","protected":false},"featured_media":25353,"comment_status":"open","ping_status":"closed","template":"","meta":{"_acf_changed":false},"product_brand":[114],"product_cat":[2289,2290],"product_tag":[],"class_list":{"0":"post-100262","1":"product","2":"type-product","3":"status-publish","4":"has-post-thumbnail","6":"product_brand-kamasan","7":"product_cat-fios-anzois-anzois-p-rio","8":"product_cat-fios-anzois","10":"first","11":"instock","12":"shipping-taxable","13":"purchasable","14":"product-type-variable"},"acf":[],"_links":{"self":[{"href":"https:\/\/sopesca.pt\/fr\/wp-json\/wp\/v2\/product\/100262","targetHints":{"allow":["GET"]}}],"collection":[{"href":"https:\/\/sopesca.pt\/fr\/wp-json\/wp\/v2\/product"}],"about":[{"href":"https:\/\/sopesca.pt\/fr\/wp-json\/wp\/v2\/types\/product"}],"replies":[{"embeddable":true,"href":"https:\/\/sopesca.pt\/fr\/wp-json\/wp\/v2\/comments?post=100262"}],"wp:featuredmedia":[{"embeddable":true,"href":"https:\/\/sopesca.pt\/fr\/wp-json\/wp\/v2\/media\/25353"}],"wp:attachment":[{"href":"https:\/\/sopesca.pt\/fr\/wp-json\/wp\/v2\/media?parent=100262"}],"wp:term":[{"taxonomy":"product_brand","embeddable":true,"href":"https:\/\/sopesca.pt\/fr\/wp-json\/wp\/v2\/product_brand?post=100262"},{"taxonomy":"product_cat","embeddable":true,"href":"https:\/\/sopesca.pt\/fr\/wp-json\/wp\/v2\/product_cat?post=100262"},{"taxonomy":"product_tag","embeddable":true,"href":"https:\/\/sopesca.pt\/fr\/wp-json\/wp\/v2\/product_tag?post=100262"}],"curies":[{"name":"wp","href":"https:\/\/api.w.org\/{rel}","templated":true}]}}