{"id":100263,"date":"2026-02-21T23:35:59","date_gmt":"2026-02-21T23:35:59","guid":{"rendered":"http:\/\/matchbaits.pt\/?post_type=product&#038;p=100263"},"modified":"2026-04-07T09:35:14","modified_gmt":"2026-04-07T09:35:14","slug":"b711-xstrong","status":"publish","type":"product","link":"https:\/\/sopesca.pt\/fr\/produit\/b711-xstrong\/","title":{"rendered":"B711 xstrong"},"content":{"rendered":"<p>O B711 \u00e9 uma vers\u00e3o em bronze do anzol B611. Dispon\u00edvel em tamanhos \u00edmpares nas vers\u00f5es com e sem barbela. Ideal para peixe um pouco maior. Bom para a pesca com asticot &amp; pellet.<\/p>","protected":false},"excerpt":{"rendered":"<p>O B711 \u00e9 uma vers\u00e3o em bronze do anzol B611. Dispon\u00edvel em tamanhos \u00edmpares nas vers\u00f5es com e sem barbela. Ideal para peixe um pouco maior. Bom para a pesca com asticot &amp; pellet.<\/p>","protected":false},"featured_media":25352,"comment_status":"open","ping_status":"closed","template":"","meta":{"_acf_changed":false},"product_brand":[114],"product_cat":[2289,2290],"product_tag":[],"class_list":{"0":"post-100263","1":"product","2":"type-product","3":"status-publish","4":"has-post-thumbnail","6":"product_brand-kamasan","7":"product_cat-fios-anzois-anzois-p-rio","8":"product_cat-fios-anzois","10":"first","11":"instock","12":"shipping-taxable","13":"purchasable","14":"product-type-variable"},"acf":[],"_links":{"self":[{"href":"https:\/\/sopesca.pt\/fr\/wp-json\/wp\/v2\/product\/100263","targetHints":{"allow":["GET"]}}],"collection":[{"href":"https:\/\/sopesca.pt\/fr\/wp-json\/wp\/v2\/product"}],"about":[{"href":"https:\/\/sopesca.pt\/fr\/wp-json\/wp\/v2\/types\/product"}],"replies":[{"embeddable":true,"href":"https:\/\/sopesca.pt\/fr\/wp-json\/wp\/v2\/comments?post=100263"}],"wp:featuredmedia":[{"embeddable":true,"href":"https:\/\/sopesca.pt\/fr\/wp-json\/wp\/v2\/media\/25352"}],"wp:attachment":[{"href":"https:\/\/sopesca.pt\/fr\/wp-json\/wp\/v2\/media?parent=100263"}],"wp:term":[{"taxonomy":"product_brand","embeddable":true,"href":"https:\/\/sopesca.pt\/fr\/wp-json\/wp\/v2\/product_brand?post=100263"},{"taxonomy":"product_cat","embeddable":true,"href":"https:\/\/sopesca.pt\/fr\/wp-json\/wp\/v2\/product_cat?post=100263"},{"taxonomy":"product_tag","embeddable":true,"href":"https:\/\/sopesca.pt\/fr\/wp-json\/wp\/v2\/product_tag?post=100263"}],"curies":[{"name":"wp","href":"https:\/\/api.w.org\/{rel}","templated":true}]}}