{"id":100266,"date":"2026-02-21T23:35:59","date_gmt":"2026-02-21T23:35:59","guid":{"rendered":"http:\/\/matchbaits.pt\/?post_type=product&#038;p=100266"},"modified":"2026-03-02T23:04:00","modified_gmt":"2026-03-02T23:04:00","slug":"b911","status":"publish","type":"product","link":"https:\/\/sopesca.pt\/fr\/produit\/b911\/","title":{"rendered":"B911"},"content":{"rendered":"<p>Kamasan B911<\/p>\n<p>O longo e curvo ponto de varredura na extremidade do anzol Kamasan B911 oferece uma fixa\u00e7\u00e3o realmente segura. A curva especial sobre este anzol \u00e9 muito improv\u00e1vel para abrir tornando este um anzol perfeito para a pesca de carpas. \u00c9 perfeito para uma escala muito larga de iscas e \u00e9 provavelmente um dos anz\u00f3is mais usados no mercado de hoje.<\/p>\n<p>Caracter\u00edsticas:<br \/>\nBronze<br \/>\nSem barriga<br \/>\nBarbela<br \/>\nCurvatura especial<\/p>","protected":false},"excerpt":{"rendered":"<p>Kamasan B911 O longo e curvo ponto de varredura na extremidade do anzol Kamasan B911 oferece uma fixa\u00e7\u00e3o realmente segura. A curva especial sobre este anzol \u00e9 muito improv\u00e1vel para abrir tornando este um anzol perfeito para a pesca de carpas. \u00c9 perfeito para uma escala muito larga de iscas e \u00e9 provavelmente um dos [&hellip;]<\/p>\n","protected":false},"featured_media":25336,"comment_status":"open","ping_status":"closed","template":"","meta":{"_acf_changed":false},"product_brand":[114],"product_cat":[2289,2290],"product_tag":[],"class_list":{"0":"post-100266","1":"product","2":"type-product","3":"status-publish","4":"has-post-thumbnail","6":"product_brand-kamasan","7":"product_cat-fios-anzois-anzois-p-rio","8":"product_cat-fios-anzois","10":"first","11":"instock","12":"shipping-taxable","13":"purchasable","14":"product-type-variable"},"acf":[],"_links":{"self":[{"href":"https:\/\/sopesca.pt\/fr\/wp-json\/wp\/v2\/product\/100266","targetHints":{"allow":["GET"]}}],"collection":[{"href":"https:\/\/sopesca.pt\/fr\/wp-json\/wp\/v2\/product"}],"about":[{"href":"https:\/\/sopesca.pt\/fr\/wp-json\/wp\/v2\/types\/product"}],"replies":[{"embeddable":true,"href":"https:\/\/sopesca.pt\/fr\/wp-json\/wp\/v2\/comments?post=100266"}],"wp:featuredmedia":[{"embeddable":true,"href":"https:\/\/sopesca.pt\/fr\/wp-json\/wp\/v2\/media\/25336"}],"wp:attachment":[{"href":"https:\/\/sopesca.pt\/fr\/wp-json\/wp\/v2\/media?parent=100266"}],"wp:term":[{"taxonomy":"product_brand","embeddable":true,"href":"https:\/\/sopesca.pt\/fr\/wp-json\/wp\/v2\/product_brand?post=100266"},{"taxonomy":"product_cat","embeddable":true,"href":"https:\/\/sopesca.pt\/fr\/wp-json\/wp\/v2\/product_cat?post=100266"},{"taxonomy":"product_tag","embeddable":true,"href":"https:\/\/sopesca.pt\/fr\/wp-json\/wp\/v2\/product_tag?post=100266"}],"curies":[{"name":"wp","href":"https:\/\/api.w.org\/{rel}","templated":true}]}}