{"id":100353,"date":"2026-02-21T23:36:15","date_gmt":"2026-02-21T23:36:15","guid":{"rendered":"http:\/\/matchbaits.pt\/?post_type=product&#038;p=100353"},"modified":"2026-03-03T12:55:10","modified_gmt":"2026-03-03T12:55:10","slug":"ls-1060ns-a1-hard","status":"publish","type":"product","link":"https:\/\/sopesca.pt\/fr\/produit\/ls-1060ns-a1-hard\/","title":{"rendered":"LS-1060NS A1-HARD"},"content":{"rendered":"<p>Gamakatsu LS-1060NS A1-HARD<\/p>\n<p>LS 1060NS A1-Hard \u00e9 a vers\u00e3o melhorada do anzol LS 1060.<\/p>\n<p>A1-HARD: 20% mais forte! 25% mais duro! 100% resistente ao desgaste! 100% confian\u00e7a!<\/p>","protected":false},"excerpt":{"rendered":"<p>Gamakatsu LS-1060NS A1-HARD LS 1060NS A1-Hard \u00e9 a vers\u00e3o melhorada do anzol LS 1060. A1-HARD: 20% mais forte! 25% mais duro! 100% resistente ao desgaste! 100% confian\u00e7a!<\/p>","protected":false},"featured_media":25272,"comment_status":"open","ping_status":"closed","template":"","meta":{"_acf_changed":false},"product_brand":[132],"product_cat":[2289,2290],"product_tag":[],"class_list":{"0":"post-100353","1":"product","2":"type-product","3":"status-publish","4":"has-post-thumbnail","6":"product_brand-gamakatsu","7":"product_cat-fios-anzois-anzois-p-rio","8":"product_cat-fios-anzois","10":"first","11":"instock","12":"shipping-taxable","13":"purchasable","14":"product-type-variable"},"acf":[],"_links":{"self":[{"href":"https:\/\/sopesca.pt\/fr\/wp-json\/wp\/v2\/product\/100353","targetHints":{"allow":["GET"]}}],"collection":[{"href":"https:\/\/sopesca.pt\/fr\/wp-json\/wp\/v2\/product"}],"about":[{"href":"https:\/\/sopesca.pt\/fr\/wp-json\/wp\/v2\/types\/product"}],"replies":[{"embeddable":true,"href":"https:\/\/sopesca.pt\/fr\/wp-json\/wp\/v2\/comments?post=100353"}],"wp:featuredmedia":[{"embeddable":true,"href":"https:\/\/sopesca.pt\/fr\/wp-json\/wp\/v2\/media\/25272"}],"wp:attachment":[{"href":"https:\/\/sopesca.pt\/fr\/wp-json\/wp\/v2\/media?parent=100353"}],"wp:term":[{"taxonomy":"product_brand","embeddable":true,"href":"https:\/\/sopesca.pt\/fr\/wp-json\/wp\/v2\/product_brand?post=100353"},{"taxonomy":"product_cat","embeddable":true,"href":"https:\/\/sopesca.pt\/fr\/wp-json\/wp\/v2\/product_cat?post=100353"},{"taxonomy":"product_tag","embeddable":true,"href":"https:\/\/sopesca.pt\/fr\/wp-json\/wp\/v2\/product_tag?post=100353"}],"curies":[{"name":"wp","href":"https:\/\/api.w.org\/{rel}","templated":true}]}}