{"id":100358,"date":"2026-02-21T23:36:15","date_gmt":"2026-02-21T23:36:15","guid":{"rendered":"http:\/\/matchbaits.pt\/?post_type=product&#038;p=100358"},"modified":"2026-03-03T12:58:13","modified_gmt":"2026-03-03T12:58:13","slug":"magica-1kg","status":"publish","type":"product","link":"https:\/\/sopesca.pt\/fr\/produit\/magica-1kg\/","title":{"rendered":"M\u00e1gica 1Kg"},"content":{"rendered":"<h2>Trabucco M\u00e1gica 1Kg<\/h2>\n<p>&nbsp;<\/p>\n<p>Cola branca com a particularidade de se dissolver rapidamente quando em contacto com a \u00e1gua. Ideal para pescas \u00e0 meia \u00e1gua.<\/p>","protected":false},"excerpt":{"rendered":"<p>Trabucco M\u00e1gica 1Kg &nbsp; Cola branca com a particularidade de se dissolver rapidamente quando em contacto com a \u00e1gua. Ideal para pescas \u00e0 meia \u00e1gua.<\/p>","protected":false},"featured_media":49711,"comment_status":"open","ping_status":"closed","template":"","meta":{"_acf_changed":false},"product_brand":[134],"product_cat":[2287,2282],"product_tag":[],"class_list":{"0":"post-100358","1":"product","2":"type-product","3":"status-publish","4":"has-post-thumbnail","6":"product_brand-trabucco","7":"product_cat-iscos-colas-goma-arabica","8":"product_cat-iscos-colas","10":"first","11":"instock","12":"shipping-taxable","13":"purchasable","14":"product-type-variable"},"acf":[],"_links":{"self":[{"href":"https:\/\/sopesca.pt\/fr\/wp-json\/wp\/v2\/product\/100358","targetHints":{"allow":["GET"]}}],"collection":[{"href":"https:\/\/sopesca.pt\/fr\/wp-json\/wp\/v2\/product"}],"about":[{"href":"https:\/\/sopesca.pt\/fr\/wp-json\/wp\/v2\/types\/product"}],"replies":[{"embeddable":true,"href":"https:\/\/sopesca.pt\/fr\/wp-json\/wp\/v2\/comments?post=100358"}],"wp:featuredmedia":[{"embeddable":true,"href":"https:\/\/sopesca.pt\/fr\/wp-json\/wp\/v2\/media\/49711"}],"wp:attachment":[{"href":"https:\/\/sopesca.pt\/fr\/wp-json\/wp\/v2\/media?parent=100358"}],"wp:term":[{"taxonomy":"product_brand","embeddable":true,"href":"https:\/\/sopesca.pt\/fr\/wp-json\/wp\/v2\/product_brand?post=100358"},{"taxonomy":"product_cat","embeddable":true,"href":"https:\/\/sopesca.pt\/fr\/wp-json\/wp\/v2\/product_cat?post=100358"},{"taxonomy":"product_tag","embeddable":true,"href":"https:\/\/sopesca.pt\/fr\/wp-json\/wp\/v2\/product_tag?post=100358"}],"curies":[{"name":"wp","href":"https:\/\/api.w.org\/{rel}","templated":true}]}}