{"id":100385,"date":"2026-02-21T23:36:21","date_gmt":"2026-02-21T23:36:21","guid":{"rendered":"http:\/\/matchbaits.pt\/?post_type=product&#038;p=100385"},"modified":"2026-03-03T13:07:26","modified_gmt":"2026-03-03T13:07:26","slug":"oval-cage-feeders","status":"publish","type":"product","link":"https:\/\/sopesca.pt\/fr\/produit\/oval-cage-feeders\/","title":{"rendered":"Oval Cage Feeders"},"content":{"rendered":"<p>Drennan Oval Cage Feeders<\/p>\n<p>O perfil deste da Drennan Inoxid\u00e1vel garante que eles fiquem mais estabilizados no fundo, sendo por isso mais eficazes, mas tamb\u00e9m s\u00e3o menos \u00f3bvios para peixes de passagem.<\/p>\n<p>Eles s\u00e3o igualmente \u00fateis em rios e \u00e1guas paradas e funcionam bem com todas as consist\u00eancias de groundbait, carne em cubos e pellets umedecidos. A sua forma garante que eles permanecem planos no fundo em correntes fortes. Eles tamb\u00e9m s\u00e3o menos propensos a rolar evitanto, desta forma, pris\u00f5es. A malha do feeder tamb\u00e9m liberta a isca mais rapidamente do que um tipo convencional de paredes s\u00f3lidas. Os feeders de gaiola Drennan apresentam um giro embutido para evitar emaranhados de linha. Acabamento em anti-flash verde escuro verde-oliva que combina perfeitamente com o puro, baixo perfil de chumbo.<\/p>","protected":false},"excerpt":{"rendered":"<p>Drennan Oval Cage Feeders O perfil deste da Drennan Inoxid\u00e1vel garante que eles fiquem mais estabilizados no fundo, sendo por isso mais eficazes, mas tamb\u00e9m s\u00e3o menos \u00f3bvios para peixes de passagem. Eles s\u00e3o igualmente \u00fateis em rios e \u00e1guas paradas e funcionam bem com todas as consist\u00eancias de groundbait, carne em cubos e pellets [&hellip;]<\/p>\n","protected":false},"featured_media":25257,"comment_status":"open","ping_status":"closed","template":"","meta":{"_acf_changed":false},"product_brand":[113],"product_cat":[2281,2272],"product_tag":[],"class_list":{"0":"post-100385","1":"product","2":"type-product","3":"status-publish","4":"has-post-thumbnail","6":"product_brand-drennan","7":"product_cat-feeders-acessorios-feeders","8":"product_cat-feeders-acessorios","10":"first","11":"instock","12":"shipping-taxable","13":"purchasable","14":"product-type-variable"},"acf":[],"_links":{"self":[{"href":"https:\/\/sopesca.pt\/fr\/wp-json\/wp\/v2\/product\/100385","targetHints":{"allow":["GET"]}}],"collection":[{"href":"https:\/\/sopesca.pt\/fr\/wp-json\/wp\/v2\/product"}],"about":[{"href":"https:\/\/sopesca.pt\/fr\/wp-json\/wp\/v2\/types\/product"}],"replies":[{"embeddable":true,"href":"https:\/\/sopesca.pt\/fr\/wp-json\/wp\/v2\/comments?post=100385"}],"wp:featuredmedia":[{"embeddable":true,"href":"https:\/\/sopesca.pt\/fr\/wp-json\/wp\/v2\/media\/25257"}],"wp:attachment":[{"href":"https:\/\/sopesca.pt\/fr\/wp-json\/wp\/v2\/media?parent=100385"}],"wp:term":[{"taxonomy":"product_brand","embeddable":true,"href":"https:\/\/sopesca.pt\/fr\/wp-json\/wp\/v2\/product_brand?post=100385"},{"taxonomy":"product_cat","embeddable":true,"href":"https:\/\/sopesca.pt\/fr\/wp-json\/wp\/v2\/product_cat?post=100385"},{"taxonomy":"product_tag","embeddable":true,"href":"https:\/\/sopesca.pt\/fr\/wp-json\/wp\/v2\/product_tag?post=100385"}],"curies":[{"name":"wp","href":"https:\/\/api.w.org\/{rel}","templated":true}]}}