{"id":100472,"date":"2026-02-21T23:36:35","date_gmt":"2026-02-21T23:36:35","guid":{"rendered":"http:\/\/matchbaits.pt\/?post_type=product&#038;p=100472"},"modified":"2026-03-03T13:27:35","modified_gmt":"2026-03-03T13:27:35","slug":"tuff-eye-2","status":"publish","type":"product","link":"https:\/\/sopesca.pt\/fr\/produit\/tuff-eye-2\/","title":{"rendered":"Tuff Eye 2"},"content":{"rendered":"<p>Drennan Tuff Eye 2<\/p>\n<p>As b\u00f3ias Drennan Tuff Eye 2 t\u00eam o olho lateral firmemente montado numa caixa de pl\u00e1stico resistente. Isso garante que, ao contr\u00e1rio de balsa convencional, o olho lateral n\u00e3o puxa para fora sob a press\u00e3o de um grande peixe. A caixa de pl\u00e1stico tamb\u00e9m permite que as pontas sejam trocadas com cores diferentes: vermelho fluorescente, laranja e amarelo, mais o preto de grande import\u00e2ncia. H\u00e1 quatro antenas inclu\u00eddas para cada b\u00f3ia.<\/p>\n<p>Tamanhos:<br \/>\n&#8211; 4 x 12<br \/>\n&#8211; 4 x 14<br \/>\n&#8211; 0,5 g<br \/>\n&#8211; 0,75 g<br \/>\n&#8211; 1g<\/p>","protected":false},"excerpt":{"rendered":"<p>Drennan Tuff Eye 2 As b\u00f3ias Drennan Tuff Eye 2 t\u00eam o olho lateral firmemente montado numa caixa de pl\u00e1stico resistente. Isso garante que, ao contr\u00e1rio de balsa convencional, o olho lateral n\u00e3o puxa para fora sob a press\u00e3o de um grande peixe. A caixa de pl\u00e1stico tamb\u00e9m permite que as pontas sejam trocadas com [&hellip;]<\/p>\n","protected":false},"featured_media":25207,"comment_status":"open","ping_status":"closed","template":"","meta":{"_acf_changed":false},"product_brand":[113],"product_cat":[2267,2266],"product_tag":[],"class_list":{"0":"post-100472","1":"product","2":"type-product","3":"status-publish","4":"has-post-thumbnail","6":"product_brand-drennan","7":"product_cat-boias","8":"product_cat-boias-francesa","10":"first","11":"instock","12":"shipping-taxable","13":"purchasable","14":"product-type-variable"},"acf":[],"_links":{"self":[{"href":"https:\/\/sopesca.pt\/fr\/wp-json\/wp\/v2\/product\/100472","targetHints":{"allow":["GET"]}}],"collection":[{"href":"https:\/\/sopesca.pt\/fr\/wp-json\/wp\/v2\/product"}],"about":[{"href":"https:\/\/sopesca.pt\/fr\/wp-json\/wp\/v2\/types\/product"}],"replies":[{"embeddable":true,"href":"https:\/\/sopesca.pt\/fr\/wp-json\/wp\/v2\/comments?post=100472"}],"wp:featuredmedia":[{"embeddable":true,"href":"https:\/\/sopesca.pt\/fr\/wp-json\/wp\/v2\/media\/25207"}],"wp:attachment":[{"href":"https:\/\/sopesca.pt\/fr\/wp-json\/wp\/v2\/media?parent=100472"}],"wp:term":[{"taxonomy":"product_brand","embeddable":true,"href":"https:\/\/sopesca.pt\/fr\/wp-json\/wp\/v2\/product_brand?post=100472"},{"taxonomy":"product_cat","embeddable":true,"href":"https:\/\/sopesca.pt\/fr\/wp-json\/wp\/v2\/product_cat?post=100472"},{"taxonomy":"product_tag","embeddable":true,"href":"https:\/\/sopesca.pt\/fr\/wp-json\/wp\/v2\/product_tag?post=100472"}],"curies":[{"name":"wp","href":"https:\/\/api.w.org\/{rel}","templated":true}]}}