{"id":100473,"date":"2026-02-21T23:36:35","date_gmt":"2026-02-21T23:36:35","guid":{"rendered":"http:\/\/matchbaits.pt\/?post_type=product&#038;p=100473"},"modified":"2026-03-03T13:28:15","modified_gmt":"2026-03-03T13:28:15","slug":"black-cap-feeders","status":"publish","type":"product","link":"https:\/\/sopesca.pt\/fr\/produit\/black-cap-feeders\/","title":{"rendered":"Black Cap Feeders"},"content":{"rendered":"<p>Kamasan Black Cap Feeders<\/p>\n<p>Kamasan Black Cap Feeders s\u00e3o excelentes para utilizar com asticot, ao contr\u00e1rio de alguns feeders para asticot, pouca ou nenhum asticot permanece mesmo depois de um curto per\u00edodo tempo na \u00e1gua. Eles est\u00e3o dispon\u00edveis em tr\u00eas tamanhos e quatro pesos.<\/p>","protected":false},"excerpt":{"rendered":"<p>Kamasan Black Cap Feeders Kamasan Black Cap Feeders s\u00e3o excelentes para utilizar com asticot, ao contr\u00e1rio de alguns feeders para asticot, pouca ou nenhum asticot permanece mesmo depois de um curto per\u00edodo tempo na \u00e1gua. Eles est\u00e3o dispon\u00edveis em tr\u00eas tamanhos e quatro pesos.<\/p>","protected":false},"featured_media":25208,"comment_status":"open","ping_status":"closed","template":"","meta":{"_acf_changed":false},"product_brand":[114],"product_cat":[2281,2272],"product_tag":[],"class_list":{"0":"post-100473","1":"product","2":"type-product","3":"status-publish","4":"has-post-thumbnail","6":"product_brand-kamasan","7":"product_cat-feeders-acessorios-feeders","8":"product_cat-feeders-acessorios","10":"first","11":"instock","12":"shipping-taxable","13":"purchasable","14":"product-type-variable"},"acf":[],"_links":{"self":[{"href":"https:\/\/sopesca.pt\/fr\/wp-json\/wp\/v2\/product\/100473","targetHints":{"allow":["GET"]}}],"collection":[{"href":"https:\/\/sopesca.pt\/fr\/wp-json\/wp\/v2\/product"}],"about":[{"href":"https:\/\/sopesca.pt\/fr\/wp-json\/wp\/v2\/types\/product"}],"replies":[{"embeddable":true,"href":"https:\/\/sopesca.pt\/fr\/wp-json\/wp\/v2\/comments?post=100473"}],"wp:featuredmedia":[{"embeddable":true,"href":"https:\/\/sopesca.pt\/fr\/wp-json\/wp\/v2\/media\/25208"}],"wp:attachment":[{"href":"https:\/\/sopesca.pt\/fr\/wp-json\/wp\/v2\/media?parent=100473"}],"wp:term":[{"taxonomy":"product_brand","embeddable":true,"href":"https:\/\/sopesca.pt\/fr\/wp-json\/wp\/v2\/product_brand?post=100473"},{"taxonomy":"product_cat","embeddable":true,"href":"https:\/\/sopesca.pt\/fr\/wp-json\/wp\/v2\/product_cat?post=100473"},{"taxonomy":"product_tag","embeddable":true,"href":"https:\/\/sopesca.pt\/fr\/wp-json\/wp\/v2\/product_tag?post=100473"}],"curies":[{"name":"wp","href":"https:\/\/api.w.org\/{rel}","templated":true}]}}