{"id":100503,"date":"2026-02-21T23:36:39","date_gmt":"2026-02-21T23:36:39","guid":{"rendered":"http:\/\/matchbaits.pt\/?post_type=product&#038;p=100503"},"modified":"2026-04-06T10:26:14","modified_gmt":"2026-04-06T10:26:14","slug":"xps-match-sinking-150m","status":"publish","type":"product","link":"https:\/\/sopesca.pt\/fr\/produit\/xps-match-sinking-150m\/","title":{"rendered":"XPS Match Sinking 150m"},"content":{"rendered":"<p>Trabucco XPS Match Sinking 150m<\/p>\n<p>Monofilamento de produ\u00e7\u00e3o japon\u00eas feito especialmente para pesca \u00e0 inglesa e ao feeder. A caracter\u00edstica principal deste monofilamento inovador \u00e9 o seu peso elevado que lhe permite afundar com extrema facilidade. O tratamento de superf\u00edcie especial garante uma elevada resist\u00eancia \u00e0 abras\u00e3o e aus\u00eancia total de mem\u00f3ria, ambos fundamentais para este tipo de pesca onde a linha est\u00e1 sujeita a um grande stress. A composi\u00e7\u00e3o molecular especial garante baixa elasticidade para r\u00e1pidas e seguras &#8220;pancadas&#8221;. Enrolada de forma paralela para melhor preservar suas incr\u00edveis caracter\u00edsticas. Bobines de 150 &amp; 300m.<\/p>","protected":false},"excerpt":{"rendered":"<p>Trabucco XPS Match Sinking 150m Monofilamento de produ\u00e7\u00e3o japon\u00eas feito especialmente para pesca \u00e0 inglesa e ao feeder. A caracter\u00edstica principal deste monofilamento inovador \u00e9 o seu peso elevado que lhe permite afundar com extrema facilidade. O tratamento de superf\u00edcie especial garante uma elevada resist\u00eancia \u00e0 abras\u00e3o e aus\u00eancia total de mem\u00f3ria, ambos fundamentais para [&hellip;]<\/p>\n","protected":false},"featured_media":25088,"comment_status":"open","ping_status":"closed","template":"","meta":{"_acf_changed":false},"product_brand":[134],"product_cat":[2290,2365],"product_tag":[],"class_list":{"0":"post-100503","1":"product","2":"type-product","3":"status-publish","4":"has-post-thumbnail","6":"product_brand-trabucco","7":"product_cat-fios-anzois","8":"product_cat-fios-anzois-linha-p-carreto","10":"first","11":"instock","12":"shipping-taxable","13":"purchasable","14":"product-type-variable"},"acf":[],"_links":{"self":[{"href":"https:\/\/sopesca.pt\/fr\/wp-json\/wp\/v2\/product\/100503","targetHints":{"allow":["GET"]}}],"collection":[{"href":"https:\/\/sopesca.pt\/fr\/wp-json\/wp\/v2\/product"}],"about":[{"href":"https:\/\/sopesca.pt\/fr\/wp-json\/wp\/v2\/types\/product"}],"replies":[{"embeddable":true,"href":"https:\/\/sopesca.pt\/fr\/wp-json\/wp\/v2\/comments?post=100503"}],"wp:featuredmedia":[{"embeddable":true,"href":"https:\/\/sopesca.pt\/fr\/wp-json\/wp\/v2\/media\/25088"}],"wp:attachment":[{"href":"https:\/\/sopesca.pt\/fr\/wp-json\/wp\/v2\/media?parent=100503"}],"wp:term":[{"taxonomy":"product_brand","embeddable":true,"href":"https:\/\/sopesca.pt\/fr\/wp-json\/wp\/v2\/product_brand?post=100503"},{"taxonomy":"product_cat","embeddable":true,"href":"https:\/\/sopesca.pt\/fr\/wp-json\/wp\/v2\/product_cat?post=100503"},{"taxonomy":"product_tag","embeddable":true,"href":"https:\/\/sopesca.pt\/fr\/wp-json\/wp\/v2\/product_tag?post=100503"}],"curies":[{"name":"wp","href":"https:\/\/api.w.org\/{rel}","templated":true}]}}