{"id":100507,"date":"2026-02-21T23:36:39","date_gmt":"2026-02-21T23:36:39","guid":{"rendered":"http:\/\/matchbaits.pt\/?post_type=product&#038;p=100507"},"modified":"2026-03-03T13:50:34","modified_gmt":"2026-03-03T13:50:34","slug":"x5000-special-fishing-150m","status":"publish","type":"product","link":"https:\/\/sopesca.pt\/fr\/produit\/x5000-special-fishing-150m\/","title":{"rendered":"X5000 Special Fishing 150m"},"content":{"rendered":"<p>Colmic X5000 Special Fishing 150m<\/p>\n<p>O X5000 \u00e9 um monofilamento &#8220;claro&#8221; tratado com o &#8220;processo especial de fl\u00faor&#8221; e \u00e9 adequado para as mais variadas Circunst\u00e2ncias t\u00e9cnicas e estilos de pesca. Uma grande linha de carreto, bolognese, truta de lago, e surfcasting, mas apenas como bom para construir linhas para pesca grossa, para surfcasting, e haste para trolling.<\/p>\n<p>Um nylon universal de qualidade superior.<\/p>","protected":false},"excerpt":{"rendered":"<p>Colmic X5000 Special Fishing 150m O X5000 \u00e9 um monofilamento &#8220;claro&#8221; tratado com o &#8220;processo especial de fl\u00faor&#8221; e \u00e9 adequado para as mais variadas Circunst\u00e2ncias t\u00e9cnicas e estilos de pesca. Uma grande linha de carreto, bolognese, truta de lago, e surfcasting, mas apenas como bom para construir linhas para pesca grossa, para surfcasting, e [&hellip;]<\/p>\n","protected":false},"featured_media":25135,"comment_status":"open","ping_status":"closed","template":"","meta":{"_acf_changed":false},"product_brand":[136],"product_cat":[2290,2364,2365],"product_tag":[],"class_list":{"0":"post-100507","1":"product","2":"type-product","3":"status-publish","4":"has-post-thumbnail","6":"product_brand-colmic","7":"product_cat-fios-anzois","8":"product_cat-fios-anzois-linha-hi-tech","9":"product_cat-fios-anzois-linha-p-carreto","11":"first","12":"instock","13":"shipping-taxable","14":"purchasable","15":"product-type-variable"},"acf":[],"_links":{"self":[{"href":"https:\/\/sopesca.pt\/fr\/wp-json\/wp\/v2\/product\/100507","targetHints":{"allow":["GET"]}}],"collection":[{"href":"https:\/\/sopesca.pt\/fr\/wp-json\/wp\/v2\/product"}],"about":[{"href":"https:\/\/sopesca.pt\/fr\/wp-json\/wp\/v2\/types\/product"}],"replies":[{"embeddable":true,"href":"https:\/\/sopesca.pt\/fr\/wp-json\/wp\/v2\/comments?post=100507"}],"wp:featuredmedia":[{"embeddable":true,"href":"https:\/\/sopesca.pt\/fr\/wp-json\/wp\/v2\/media\/25135"}],"wp:attachment":[{"href":"https:\/\/sopesca.pt\/fr\/wp-json\/wp\/v2\/media?parent=100507"}],"wp:term":[{"taxonomy":"product_brand","embeddable":true,"href":"https:\/\/sopesca.pt\/fr\/wp-json\/wp\/v2\/product_brand?post=100507"},{"taxonomy":"product_cat","embeddable":true,"href":"https:\/\/sopesca.pt\/fr\/wp-json\/wp\/v2\/product_cat?post=100507"},{"taxonomy":"product_tag","embeddable":true,"href":"https:\/\/sopesca.pt\/fr\/wp-json\/wp\/v2\/product_tag?post=100507"}],"curies":[{"name":"wp","href":"https:\/\/api.w.org\/{rel}","templated":true}]}}