{"id":100534,"date":"2026-02-21T23:36:44","date_gmt":"2026-02-21T23:36:44","guid":{"rendered":"http:\/\/matchbaits.pt\/?post_type=product&#038;p=100534"},"modified":"2026-04-13T10:32:08","modified_gmt":"2026-04-13T10:32:08","slug":"reflo-power-line-100m","status":"publish","type":"product","link":"https:\/\/sopesca.pt\/fr\/produit\/reflo-power-line-100m\/","title":{"rendered":"REFLO Power Line 100m"},"content":{"rendered":"<p>Preston REFLO Power Line 100m<\/p>\n<p>As linhas REFLO da Preston Innovations s\u00e3o algumas das linhas tecnologicamente mais avan\u00e7adas dispon\u00edveis e foram projetadas e selecionadas especialmente para pesca no Reino Unido e na Europa. Como seria de esperar, todas as nossas linhas s\u00e3o testadas para o m\u00e1ximo desempenho e confiabilidade.<\/p>\n<p>A linha de venda mais r\u00e1pida do Reino Unido, REFLO Power \u00e9 excepcionalmente forte, flex\u00edvel e clara. Projetado com estiramento interno tamb\u00e9m torna uma excelente linha para plataformas de p\u00f3lo. Dispon\u00edvel em 14 tamanhos REFLO Power tornou-se rapidamente a primeira escolha hooklength e linha de equipamento para pescadores top match.<\/p>\n<p>O poder de REFLO \u00e9 perfeito para a linha do equipamento do hooklength e do p\u00f3lo. Dispon\u00edvel em tamanhos mais pesados \u00e2\u0080\u008b\u00e2\u0080\u008bde 0.24mm e 0.26mm para combinar m\u00e9todos modernos de f\u00f3sforo e tamanhos de peixe.<\/p>\n<p>REFLO Power \u00e9 excepcionalmente forte, flex\u00edvel e claro. Projetado com estiramento interno tamb\u00e9m torna uma excelente linha para plataformas de p\u00f3lo. Dispon\u00edvel em muitos tamanhos REFLO POWER linha tornou-se rapidamente a primeira escolha hooklength para top match pescadores.<\/p>\n<p>Para linhas de fixa\u00e7\u00e3o de gancho e para postes n\u00e3o procure mais do que REFLO\u00c2\u00ae Power \u00e2\u0084\u00a2. \u00c9 o l\u00edder do Reino Unido linha de hooklength de venda e tamb\u00e9m \u00e9 perfeito para plataformas que \u00e9 por isso que vend\u00ea-lo em carret\u00e9is de 100m. Claro e flex\u00edvel, REFLO\u00c2\u00ae Power \u00e2\u0084\u00a2 \u00e9 incrivelmente forte para seu di\u00e2metro e totalmente confi\u00e1vel. \u00c9 tamb\u00e9m uma linha dura que os n\u00f3s bem e pode suportar o golpe que recebe quando captura grandes pesos. Os tiros podem igualmente ser movidos sobre nele sem demasiado efeito prejudicial. Tudo considerado REFLO\u00c2\u00ae Power \u00e2\u0084\u00a2 oferece o compromisso perfeito entre for\u00e7a, di\u00e2metro e dureza. E como um testamento para o seu desempenho e confiabilidade, mesmo depois de estar no mercado h\u00e1 mais de 10 anos, ainda \u00e9 a melhor linha de venda.<\/p>","protected":false},"excerpt":{"rendered":"<p>Preston REFLO Power Line 100m As linhas REFLO da Preston Innovations s\u00e3o algumas das linhas tecnologicamente mais avan\u00e7adas dispon\u00edveis e foram projetadas e selecionadas especialmente para pesca no Reino Unido e na Europa. Como seria de esperar, todas as nossas linhas s\u00e3o testadas para o m\u00e1ximo desempenho e confiabilidade. A linha de venda mais r\u00e1pida [&hellip;]<\/p>\n","protected":false},"featured_media":25147,"comment_status":"open","ping_status":"closed","template":"","meta":{"_acf_changed":false},"product_brand":[153],"product_cat":[2290,2364],"product_tag":[],"class_list":{"0":"post-100534","1":"product","2":"type-product","3":"status-publish","4":"has-post-thumbnail","6":"product_brand-preston","7":"product_cat-fios-anzois","8":"product_cat-fios-anzois-linha-hi-tech","10":"first","11":"instock","12":"shipping-taxable","13":"purchasable","14":"product-type-variable"},"acf":[],"_links":{"self":[{"href":"https:\/\/sopesca.pt\/fr\/wp-json\/wp\/v2\/product\/100534","targetHints":{"allow":["GET"]}}],"collection":[{"href":"https:\/\/sopesca.pt\/fr\/wp-json\/wp\/v2\/product"}],"about":[{"href":"https:\/\/sopesca.pt\/fr\/wp-json\/wp\/v2\/types\/product"}],"replies":[{"embeddable":true,"href":"https:\/\/sopesca.pt\/fr\/wp-json\/wp\/v2\/comments?post=100534"}],"wp:featuredmedia":[{"embeddable":true,"href":"https:\/\/sopesca.pt\/fr\/wp-json\/wp\/v2\/media\/25147"}],"wp:attachment":[{"href":"https:\/\/sopesca.pt\/fr\/wp-json\/wp\/v2\/media?parent=100534"}],"wp:term":[{"taxonomy":"product_brand","embeddable":true,"href":"https:\/\/sopesca.pt\/fr\/wp-json\/wp\/v2\/product_brand?post=100534"},{"taxonomy":"product_cat","embeddable":true,"href":"https:\/\/sopesca.pt\/fr\/wp-json\/wp\/v2\/product_cat?post=100534"},{"taxonomy":"product_tag","embeddable":true,"href":"https:\/\/sopesca.pt\/fr\/wp-json\/wp\/v2\/product_tag?post=100534"}],"curies":[{"name":"wp","href":"https:\/\/api.w.org\/{rel}","templated":true}]}}