{"id":100563,"date":"2026-02-21T23:36:47","date_gmt":"2026-02-21T23:36:47","guid":{"rendered":"http:\/\/matchbaits.pt\/?post_type=product&#038;p=100563"},"modified":"2026-03-03T14:00:00","modified_gmt":"2026-03-03T14:00:00","slug":"t-force-tournament-tough-150m","status":"publish","type":"product","link":"https:\/\/sopesca.pt\/fr\/produit\/t-force-tournament-tough-150m\/","title":{"rendered":"T-Force Tournament Tough 150m"},"content":{"rendered":"<p>Trabucco T-Force Tournament Tough 150m<\/p>\n<p>Criado com o sistema &#8220;paralelo&#8221; que elimina completamente a tor\u00e7\u00e3o de linha durante o processo de produ\u00e7\u00e3o. Esta vers\u00e3o Tournament Tough \u00e9 particularmente suave e com uma extraordin\u00e1ria for\u00e7a de trac\u00e7\u00e3o. Recomenda-se para a pesca com chicotes telesc\u00f3picos, mas tamb\u00e9m para a pesca de carreto para lan\u00e7amentos longos. A cor \u00e9 clara dicroic. Entregue numa caixa \u00fanica em bobinas de 150, 300 e 500 mts, com di\u00e2metros de 0,106 a 0,50 mm.<\/p>","protected":false},"excerpt":{"rendered":"<p>Trabucco T-Force Tournament Tough 150m Criado com o sistema &#8220;paralelo&#8221; que elimina completamente a tor\u00e7\u00e3o de linha durante o processo de produ\u00e7\u00e3o. Esta vers\u00e3o Tournament Tough \u00e9 particularmente suave e com uma extraordin\u00e1ria for\u00e7a de trac\u00e7\u00e3o. Recomenda-se para a pesca com chicotes telesc\u00f3picos, mas tamb\u00e9m para a pesca de carreto para lan\u00e7amentos longos. A cor [&hellip;]<\/p>\n","protected":false},"featured_media":25150,"comment_status":"open","ping_status":"closed","template":"","meta":{"_acf_changed":false},"product_brand":[134],"product_cat":[2290,2365],"product_tag":[],"class_list":{"0":"post-100563","1":"product","2":"type-product","3":"status-publish","4":"has-post-thumbnail","6":"product_brand-trabucco","7":"product_cat-fios-anzois","8":"product_cat-fios-anzois-linha-p-carreto","10":"first","11":"instock","12":"shipping-taxable","13":"purchasable","14":"product-type-variable"},"acf":[],"_links":{"self":[{"href":"https:\/\/sopesca.pt\/fr\/wp-json\/wp\/v2\/product\/100563","targetHints":{"allow":["GET"]}}],"collection":[{"href":"https:\/\/sopesca.pt\/fr\/wp-json\/wp\/v2\/product"}],"about":[{"href":"https:\/\/sopesca.pt\/fr\/wp-json\/wp\/v2\/types\/product"}],"replies":[{"embeddable":true,"href":"https:\/\/sopesca.pt\/fr\/wp-json\/wp\/v2\/comments?post=100563"}],"wp:featuredmedia":[{"embeddable":true,"href":"https:\/\/sopesca.pt\/fr\/wp-json\/wp\/v2\/media\/25150"}],"wp:attachment":[{"href":"https:\/\/sopesca.pt\/fr\/wp-json\/wp\/v2\/media?parent=100563"}],"wp:term":[{"taxonomy":"product_brand","embeddable":true,"href":"https:\/\/sopesca.pt\/fr\/wp-json\/wp\/v2\/product_brand?post=100563"},{"taxonomy":"product_cat","embeddable":true,"href":"https:\/\/sopesca.pt\/fr\/wp-json\/wp\/v2\/product_cat?post=100563"},{"taxonomy":"product_tag","embeddable":true,"href":"https:\/\/sopesca.pt\/fr\/wp-json\/wp\/v2\/product_tag?post=100563"}],"curies":[{"name":"wp","href":"https:\/\/api.w.org\/{rel}","templated":true}]}}