{"id":100592,"date":"2026-02-21T23:36:53","date_gmt":"2026-02-21T23:36:53","guid":{"rendered":"http:\/\/matchbaits.pt\/?post_type=product&#038;p=100592"},"modified":"2026-03-03T14:44:04","modified_gmt":"2026-03-03T14:44:04","slug":"power-plus-50m","status":"publish","type":"product","link":"https:\/\/sopesca.pt\/fr\/produit\/power-plus-50m\/","title":{"rendered":"Power Plus 50m"},"content":{"rendered":"<p>Trabucco Power Plus 50m<\/p>\n<p>Monofilamento de \u00faltima gera\u00e7\u00e3o para terminais de baixa visibilidade e alta resist\u00eancia. Correntes polim\u00e9ricas que formam o n\u00facleo da linha s\u00e3o mais longas e mais fortes, dando como resultado final uma linha mais dura e suave, para uma apresenta\u00e7\u00e3o perfeita dos iscos. XPS Power Plus tem uma embalagem agrad\u00e1vel com uma caixa de com\u00e9rcio em PVC contendo outra caixa de pl\u00e1stico grossa como retentor de linha para melhor preservar a qualidade da linha, resguardar da luz e sujeira.<\/p>","protected":false},"excerpt":{"rendered":"<p>Trabucco Power Plus 50m Monofilamento de \u00faltima gera\u00e7\u00e3o para terminais de baixa visibilidade e alta resist\u00eancia. Correntes polim\u00e9ricas que formam o n\u00facleo da linha s\u00e3o mais longas e mais fortes, dando como resultado final uma linha mais dura e suave, para uma apresenta\u00e7\u00e3o perfeita dos iscos. XPS Power Plus tem uma embalagem agrad\u00e1vel com uma [&hellip;]<\/p>\n","protected":false},"featured_media":25006,"comment_status":"open","ping_status":"closed","template":"","meta":{"_acf_changed":false},"product_brand":[134],"product_cat":[2290,2364],"product_tag":[],"class_list":{"0":"post-100592","1":"product","2":"type-product","3":"status-publish","4":"has-post-thumbnail","6":"product_brand-trabucco","7":"product_cat-fios-anzois","8":"product_cat-fios-anzois-linha-hi-tech","10":"first","11":"instock","12":"shipping-taxable","13":"purchasable","14":"product-type-variable"},"acf":[],"_links":{"self":[{"href":"https:\/\/sopesca.pt\/fr\/wp-json\/wp\/v2\/product\/100592","targetHints":{"allow":["GET"]}}],"collection":[{"href":"https:\/\/sopesca.pt\/fr\/wp-json\/wp\/v2\/product"}],"about":[{"href":"https:\/\/sopesca.pt\/fr\/wp-json\/wp\/v2\/types\/product"}],"replies":[{"embeddable":true,"href":"https:\/\/sopesca.pt\/fr\/wp-json\/wp\/v2\/comments?post=100592"}],"wp:featuredmedia":[{"embeddable":true,"href":"https:\/\/sopesca.pt\/fr\/wp-json\/wp\/v2\/media\/25006"}],"wp:attachment":[{"href":"https:\/\/sopesca.pt\/fr\/wp-json\/wp\/v2\/media?parent=100592"}],"wp:term":[{"taxonomy":"product_brand","embeddable":true,"href":"https:\/\/sopesca.pt\/fr\/wp-json\/wp\/v2\/product_brand?post=100592"},{"taxonomy":"product_cat","embeddable":true,"href":"https:\/\/sopesca.pt\/fr\/wp-json\/wp\/v2\/product_cat?post=100592"},{"taxonomy":"product_tag","embeddable":true,"href":"https:\/\/sopesca.pt\/fr\/wp-json\/wp\/v2\/product_tag?post=100592"}],"curies":[{"name":"wp","href":"https:\/\/api.w.org\/{rel}","templated":true}]}}