{"id":100803,"date":"2026-02-21T23:37:31","date_gmt":"2026-02-21T23:37:31","guid":{"rendered":"http:\/\/matchbaits.pt\/?post_type=product&#038;p=100803"},"modified":"2026-03-03T21:03:35","modified_gmt":"2026-03-03T21:03:35","slug":"spinning-invicta-s1","status":"publish","type":"product","link":"https:\/\/sopesca.pt\/fr\/produit\/spinning-invicta-s1\/","title":{"rendered":"Spinning Invicta S1"},"content":{"rendered":"<p>Barros Spinning Invicta S1<\/p>\n<p>Duas s\u00e9ries de canas para spinning, em carbono de alta resist\u00eancia e toler\u00e2ncia \u00e0 curva. A s\u00e9rie S1 com a\u00e7\u00e3o 2\/3 tem capacidade para lan\u00e7ar amostras de 15g a 45g, distinguindo-se pelos acabamentos em dourado, e as\u00e9rie S2, mais potente e com a\u00e7\u00e3o de ponta, distingue-se pela decora\u00e7\u00e3o azul met\u00e1lico e pode lan\u00e7ar amostrasr de 20g a 65g. Com porta carretos posicionado em zona baixa de modo a facilitar a anima\u00e7\u00e3o dos jerkbaits com trabalho de pulso e montado num punho EVA com acabamentos de rubber cork, tem tamb\u00e9m um suporte para coloca\u00e7\u00e3o do anzol ou fateixa. Passadores LV com TS-Ring antiderrapante.<\/p>","protected":false},"excerpt":{"rendered":"<p>Barros Spinning Invicta S1 Duas s\u00e9ries de canas para spinning, em carbono de alta resist\u00eancia e toler\u00e2ncia \u00e0 curva. A s\u00e9rie S1 com a\u00e7\u00e3o 2\/3 tem capacidade para lan\u00e7ar amostras de 15g a 45g, distinguindo-se pelos acabamentos em dourado, e as\u00e9rie S2, mais potente e com a\u00e7\u00e3o de ponta, distingue-se pela decora\u00e7\u00e3o azul met\u00e1lico e [&hellip;]<\/p>\n","protected":false},"featured_media":25143,"comment_status":"open","ping_status":"closed","template":"","meta":{"_acf_changed":false},"product_brand":[210],"product_cat":[2276,2338],"product_tag":[],"class_list":{"0":"post-100803","1":"product","2":"type-product","3":"status-publish","4":"has-post-thumbnail","6":"product_brand-barros","7":"product_cat-canas-acessorios","8":"product_cat-canas-acessorios-spinnig-casting","10":"first","11":"outofstock","12":"shipping-taxable","13":"purchasable","14":"product-type-variable"},"acf":[],"_links":{"self":[{"href":"https:\/\/sopesca.pt\/fr\/wp-json\/wp\/v2\/product\/100803","targetHints":{"allow":["GET"]}}],"collection":[{"href":"https:\/\/sopesca.pt\/fr\/wp-json\/wp\/v2\/product"}],"about":[{"href":"https:\/\/sopesca.pt\/fr\/wp-json\/wp\/v2\/types\/product"}],"replies":[{"embeddable":true,"href":"https:\/\/sopesca.pt\/fr\/wp-json\/wp\/v2\/comments?post=100803"}],"wp:featuredmedia":[{"embeddable":true,"href":"https:\/\/sopesca.pt\/fr\/wp-json\/wp\/v2\/media\/25143"}],"wp:attachment":[{"href":"https:\/\/sopesca.pt\/fr\/wp-json\/wp\/v2\/media?parent=100803"}],"wp:term":[{"taxonomy":"product_brand","embeddable":true,"href":"https:\/\/sopesca.pt\/fr\/wp-json\/wp\/v2\/product_brand?post=100803"},{"taxonomy":"product_cat","embeddable":true,"href":"https:\/\/sopesca.pt\/fr\/wp-json\/wp\/v2\/product_cat?post=100803"},{"taxonomy":"product_tag","embeddable":true,"href":"https:\/\/sopesca.pt\/fr\/wp-json\/wp\/v2\/product_tag?post=100803"}],"curies":[{"name":"wp","href":"https:\/\/api.w.org\/{rel}","templated":true}]}}