{"id":100892,"date":"2026-02-21T23:37:51","date_gmt":"2026-02-21T23:37:51","guid":{"rendered":"http:\/\/matchbaits.pt\/?post_type=product&#038;p=100892"},"modified":"2026-03-25T02:50:31","modified_gmt":"2026-03-25T02:50:31","slug":"measuring-sticks","status":"publish","type":"product","link":"https:\/\/sopesca.pt\/fr\/produit\/measuring-sticks\/","title":{"rendered":"Measuring Sticks"},"content":{"rendered":"<p>Preston Measuring Sticks Completo com um cabo de 5m (16.4ft) para definir com precis\u00e3o, h\u00e1 2 cores codificadas para permitir que voc\u00ea marque dist\u00e2ncias diferentes com o mesmo conjunto de paus. Para us\u00e1-los, coloque-os no ch\u00e3o \u00e0 dist\u00e2ncia definida e envolva o n\u00famero necess\u00e1rio de voltas ao redor dos bast\u00f5es, se a dist\u00e2ncia que voc\u00ea precisa marcar for inferior a um enrolamento completo use os marcadores coloridos para marcar at\u00e9 duas faixas. 1. Isso \u00e9 o que voc\u00ea precisa para marcar sua linha com precis\u00e3o 2. Coloque o fio de 5m em cada um dos bast\u00f5es de medi\u00e7\u00e3o 3. Pressione as varas no ch\u00e3o apontando para fora, assegurando que o cabo est\u00e1 apertado 4. Coloque o seu feeder sobre o topo de um dos bast\u00f5es de medi\u00e7\u00e3o 5. Envolva sua linha em torno das varas quantas vezes forem necess\u00e1rias 6. Move as altern\u00e2ncias no cabo ao ponto exato onde voc\u00ea est\u00e1 pescando 7. Coloque a linha sob o clipe de linha em seu carreto 8. Rode cada vara de medi\u00e7\u00e3o para dentro 9. Mantenha a linha apertada, volte a enrolar a linha no carreto. Voc\u00ea est\u00e1 agora pronto para pescar!<\/p>","protected":false},"excerpt":{"rendered":"<p>Preston Measuring Sticks Completo com um cabo de 5m (16.4ft) para definir com precis\u00e3o, h\u00e1 2 cores codificadas para permitir que voc\u00ea marque dist\u00e2ncias diferentes com o mesmo conjunto de paus. Para us\u00e1-los, coloque-os no ch\u00e3o \u00e0 dist\u00e2ncia definida e envolva o n\u00famero necess\u00e1rio de voltas ao redor dos bast\u00f5es, se a dist\u00e2ncia que voc\u00ea [&hellip;]<\/p>\n","protected":false},"featured_media":44569,"comment_status":"open","ping_status":"closed","template":"","meta":{"_acf_changed":false},"product_brand":[153],"product_cat":[2294,2272],"product_tag":[],"class_list":{"0":"post-100892","1":"product","2":"type-product","3":"status-publish","4":"has-post-thumbnail","6":"product_brand-preston","7":"product_cat-feeders-acessorios-acessorios-de-feeder","8":"product_cat-feeders-acessorios","10":"first","11":"instock","12":"shipping-taxable","13":"purchasable","14":"product-type-variable"},"acf":[],"_links":{"self":[{"href":"https:\/\/sopesca.pt\/fr\/wp-json\/wp\/v2\/product\/100892","targetHints":{"allow":["GET"]}}],"collection":[{"href":"https:\/\/sopesca.pt\/fr\/wp-json\/wp\/v2\/product"}],"about":[{"href":"https:\/\/sopesca.pt\/fr\/wp-json\/wp\/v2\/types\/product"}],"replies":[{"embeddable":true,"href":"https:\/\/sopesca.pt\/fr\/wp-json\/wp\/v2\/comments?post=100892"}],"wp:featuredmedia":[{"embeddable":true,"href":"https:\/\/sopesca.pt\/fr\/wp-json\/wp\/v2\/media\/44569"}],"wp:attachment":[{"href":"https:\/\/sopesca.pt\/fr\/wp-json\/wp\/v2\/media?parent=100892"}],"wp:term":[{"taxonomy":"product_brand","embeddable":true,"href":"https:\/\/sopesca.pt\/fr\/wp-json\/wp\/v2\/product_brand?post=100892"},{"taxonomy":"product_cat","embeddable":true,"href":"https:\/\/sopesca.pt\/fr\/wp-json\/wp\/v2\/product_cat?post=100892"},{"taxonomy":"product_tag","embeddable":true,"href":"https:\/\/sopesca.pt\/fr\/wp-json\/wp\/v2\/product_tag?post=100892"}],"curies":[{"name":"wp","href":"https:\/\/api.w.org\/{rel}","templated":true}]}}