{"id":100893,"date":"2026-02-21T23:37:51","date_gmt":"2026-02-21T23:37:51","guid":{"rendered":"http:\/\/matchbaits.pt\/?post_type=product&#038;p=100893"},"modified":"2026-03-04T10:02:41","modified_gmt":"2026-03-04T10:02:41","slug":"plioir-rive","status":"publish","type":"product","link":"https:\/\/sopesca.pt\/fr\/produit\/plioir-rive\/","title":{"rendered":"Plioir Rive"},"content":{"rendered":"<h2>Plioir Rive<\/h2>\n<p>&nbsp;<\/p>\n<p>Violeta com dimens\u00f5es de 26cm x 2,4cm;<\/p>\n<p>Rosa com dimens\u00f5es de 26cm x 1.8cm;<\/p>\n<p>Caramelo com dimens\u00f5es de 26cm x 1.9cm;<\/p>\n<p>Azul com dimens\u00f5es de 26cm x 1.8cm;<\/p>\n<p>Verde com dimens\u00f5es de 26 x 2.6cm.<\/p>\n<p>&nbsp;<\/p>\n<p>&nbsp;<\/p>","protected":false},"excerpt":{"rendered":"<p>Plioir Rive &nbsp; Violeta com dimens\u00f5es de 26cm x 2,4cm; Rosa com dimens\u00f5es de 26cm x 1.8cm; Caramelo com dimens\u00f5es de 26cm x 1.9cm; Azul com dimens\u00f5es de 26cm x 1.8cm; Verde com dimens\u00f5es de 26 x 2.6cm. &nbsp; &nbsp;<\/p>","protected":false},"featured_media":25688,"comment_status":"open","ping_status":"closed","template":"","meta":{"_acf_changed":false},"product_brand":[268],"product_cat":[2366,2297],"product_tag":[],"class_list":{"0":"post-100893","1":"product","2":"type-product","3":"status-publish","4":"has-post-thumbnail","6":"product_brand-rive","7":"product_cat-acessorios","8":"product_cat-acessorios-francesa-inglesa","10":"first","11":"instock","12":"shipping-taxable","13":"purchasable","14":"product-type-variable"},"acf":[],"_links":{"self":[{"href":"https:\/\/sopesca.pt\/fr\/wp-json\/wp\/v2\/product\/100893","targetHints":{"allow":["GET"]}}],"collection":[{"href":"https:\/\/sopesca.pt\/fr\/wp-json\/wp\/v2\/product"}],"about":[{"href":"https:\/\/sopesca.pt\/fr\/wp-json\/wp\/v2\/types\/product"}],"replies":[{"embeddable":true,"href":"https:\/\/sopesca.pt\/fr\/wp-json\/wp\/v2\/comments?post=100893"}],"wp:featuredmedia":[{"embeddable":true,"href":"https:\/\/sopesca.pt\/fr\/wp-json\/wp\/v2\/media\/25688"}],"wp:attachment":[{"href":"https:\/\/sopesca.pt\/fr\/wp-json\/wp\/v2\/media?parent=100893"}],"wp:term":[{"taxonomy":"product_brand","embeddable":true,"href":"https:\/\/sopesca.pt\/fr\/wp-json\/wp\/v2\/product_brand?post=100893"},{"taxonomy":"product_cat","embeddable":true,"href":"https:\/\/sopesca.pt\/fr\/wp-json\/wp\/v2\/product_cat?post=100893"},{"taxonomy":"product_tag","embeddable":true,"href":"https:\/\/sopesca.pt\/fr\/wp-json\/wp\/v2\/product_tag?post=100893"}],"curies":[{"name":"wp","href":"https:\/\/api.w.org\/{rel}","templated":true}]}}