{"id":100983,"date":"2026-02-21T23:38:08","date_gmt":"2026-02-21T23:38:08","guid":{"rendered":"http:\/\/matchbaits.pt\/?post_type=product&#038;p=100983"},"modified":"2026-03-30T10:07:47","modified_gmt":"2026-03-30T10:07:47","slug":"vip-river-1kg","status":"publish","type":"product","link":"https:\/\/sopesca.pt\/fr\/produit\/vip-river-1kg\/","title":{"rendered":"Vip River 1Kg"},"content":{"rendered":"<p>Milo Vip River 1Kg<\/p>\n<p>Tem uma cor amarela clara, coma uma textura mais grossa tem um sabor e odor doce e delicado. Tamb\u00e9m neste caso o grau de molhagem determina a a\u00e7\u00e3o que \u00e9 adequada tanto a grandes dist\u00e2ncias para lan\u00e7ar com a fisga, para curta dist\u00e2ncia. Excelente reten\u00e7\u00e3o de adi\u00e7\u00f5es de isco vivo como asticot ou casters. Excecional para carpas e pimp\u00f5es.<\/p>","protected":false},"excerpt":{"rendered":"<p>Milo Vip River 1Kg Tem uma cor amarela clara, coma uma textura mais grossa tem um sabor e odor doce e delicado. Tamb\u00e9m neste caso o grau de molhagem determina a a\u00e7\u00e3o que \u00e9 adequada tanto a grandes dist\u00e2ncias para lan\u00e7ar com a fisga, para curta dist\u00e2ncia. Excelente reten\u00e7\u00e3o de adi\u00e7\u00f5es de isco vivo como [&hellip;]<\/p>\n","protected":false},"featured_media":25082,"comment_status":"open","ping_status":"closed","template":"","meta":{"_acf_changed":false},"product_brand":[111],"product_cat":[5494,5491],"product_tag":[],"class_list":{"0":"post-100983","1":"product","2":"type-product","3":"status-publish","4":"has-post-thumbnail","6":"product_brand-milo","7":"product_cat-engodo-terra-aditivos-engodo","8":"product_cat-engodo-terra-aditivo","10":"first","11":"outofstock","12":"shipping-taxable","13":"purchasable","14":"product-type-variable"},"acf":[],"_links":{"self":[{"href":"https:\/\/sopesca.pt\/fr\/wp-json\/wp\/v2\/product\/100983","targetHints":{"allow":["GET"]}}],"collection":[{"href":"https:\/\/sopesca.pt\/fr\/wp-json\/wp\/v2\/product"}],"about":[{"href":"https:\/\/sopesca.pt\/fr\/wp-json\/wp\/v2\/types\/product"}],"replies":[{"embeddable":true,"href":"https:\/\/sopesca.pt\/fr\/wp-json\/wp\/v2\/comments?post=100983"}],"wp:featuredmedia":[{"embeddable":true,"href":"https:\/\/sopesca.pt\/fr\/wp-json\/wp\/v2\/media\/25082"}],"wp:attachment":[{"href":"https:\/\/sopesca.pt\/fr\/wp-json\/wp\/v2\/media?parent=100983"}],"wp:term":[{"taxonomy":"product_brand","embeddable":true,"href":"https:\/\/sopesca.pt\/fr\/wp-json\/wp\/v2\/product_brand?post=100983"},{"taxonomy":"product_cat","embeddable":true,"href":"https:\/\/sopesca.pt\/fr\/wp-json\/wp\/v2\/product_cat?post=100983"},{"taxonomy":"product_tag","embeddable":true,"href":"https:\/\/sopesca.pt\/fr\/wp-json\/wp\/v2\/product_tag?post=100983"}],"curies":[{"name":"wp","href":"https:\/\/api.w.org\/{rel}","templated":true}]}}