{"id":100984,"date":"2026-02-21T23:38:08","date_gmt":"2026-02-21T23:38:08","guid":{"rendered":"http:\/\/matchbaits.pt\/?post_type=product&#038;p=100984"},"modified":"2026-03-18T13:02:17","modified_gmt":"2026-03-18T13:02:17","slug":"stotz","status":"publish","type":"product","link":"https:\/\/sopesca.pt\/fr\/produit\/stotz\/","title":{"rendered":"Stotz"},"content":{"rendered":"<p>Preston Stotz Stotz \u00e9 um chumbo h\u00edbrido projetado para uso em linhas de di\u00e2metro maior (eles tamb\u00e9m funcionam perfeitamente em di\u00e2metros finos). A ranhura larga permite-os colocar na linha de uma forma r\u00e1pida e f\u00e1cil. Outra vantagem \u00e9 a \u00e1rea de superf\u00edcie aumentada que aperta a linha. Isso evita danos e tamb\u00e9m impede o deslocamento do Stotz quando a linha est\u00e1 sub press\u00e3o. As extremidades planas de Stotz produzem um volume puro quando s\u00e3o agrupadas.<\/p>","protected":false},"excerpt":{"rendered":"<p>Preston Stotz Stotz \u00e9 um chumbo h\u00edbrido projetado para uso em linhas de di\u00e2metro maior (eles tamb\u00e9m funcionam perfeitamente em di\u00e2metros finos). A ranhura larga permite-os colocar na linha de uma forma r\u00e1pida e f\u00e1cil. Outra vantagem \u00e9 a \u00e1rea de superf\u00edcie aumentada que aperta a linha. Isso evita danos e tamb\u00e9m impede o deslocamento [&hellip;]<\/p>\n","protected":false},"featured_media":25039,"comment_status":"open","ping_status":"closed","template":"","meta":{"_acf_changed":false},"product_brand":[153],"product_cat":[2366,2354],"product_tag":[],"class_list":{"0":"post-100984","1":"product","2":"type-product","3":"status-publish","4":"has-post-thumbnail","6":"product_brand-preston","7":"product_cat-acessorios","8":"product_cat-acessorios-chumbos","10":"first","11":"instock","12":"shipping-taxable","13":"purchasable","14":"product-type-variable"},"acf":[],"_links":{"self":[{"href":"https:\/\/sopesca.pt\/fr\/wp-json\/wp\/v2\/product\/100984","targetHints":{"allow":["GET"]}}],"collection":[{"href":"https:\/\/sopesca.pt\/fr\/wp-json\/wp\/v2\/product"}],"about":[{"href":"https:\/\/sopesca.pt\/fr\/wp-json\/wp\/v2\/types\/product"}],"replies":[{"embeddable":true,"href":"https:\/\/sopesca.pt\/fr\/wp-json\/wp\/v2\/comments?post=100984"}],"wp:featuredmedia":[{"embeddable":true,"href":"https:\/\/sopesca.pt\/fr\/wp-json\/wp\/v2\/media\/25039"}],"wp:attachment":[{"href":"https:\/\/sopesca.pt\/fr\/wp-json\/wp\/v2\/media?parent=100984"}],"wp:term":[{"taxonomy":"product_brand","embeddable":true,"href":"https:\/\/sopesca.pt\/fr\/wp-json\/wp\/v2\/product_brand?post=100984"},{"taxonomy":"product_cat","embeddable":true,"href":"https:\/\/sopesca.pt\/fr\/wp-json\/wp\/v2\/product_cat?post=100984"},{"taxonomy":"product_tag","embeddable":true,"href":"https:\/\/sopesca.pt\/fr\/wp-json\/wp\/v2\/product_tag?post=100984"}],"curies":[{"name":"wp","href":"https:\/\/api.w.org\/{rel}","templated":true}]}}