{"id":100987,"date":"2026-02-21T23:38:08","date_gmt":"2026-02-21T23:38:08","guid":{"rendered":"http:\/\/matchbaits.pt\/?post_type=product&#038;p=100987"},"modified":"2026-03-04T14:21:28","modified_gmt":"2026-03-04T14:21:28","slug":"slip-elastic","status":"publish","type":"product","link":"https:\/\/sopesca.pt\/fr\/produit\/slip-elastic\/","title":{"rendered":"Slip Elastic"},"content":{"rendered":"<p>Preston Slip Elastic<\/p>\n<p>Slip Elastic foi a primeira cor el\u00e1stica codificada dispon\u00edvel e ainda \u00e9 incrivelmente popular. Pr\u00e9-tratado com lubrificante Preston Slip para dar excelente resist\u00eancia \u00e0 abras\u00e3o e confiabilidade est\u00e1 dispon\u00edvel em comprimentos de cinco metros de ultra fino tamanho 2 at\u00e9 um poderoso 16.<\/p>","protected":false},"excerpt":{"rendered":"<p>Preston Slip Elastic Slip Elastic foi a primeira cor el\u00e1stica codificada dispon\u00edvel e ainda \u00e9 incrivelmente popular. Pr\u00e9-tratado com lubrificante Preston Slip para dar excelente resist\u00eancia \u00e0 abras\u00e3o e confiabilidade est\u00e1 dispon\u00edvel em comprimentos de cinco metros de ultra fino tamanho 2 at\u00e9 um poderoso 16.<\/p>","protected":false},"featured_media":24976,"comment_status":"open","ping_status":"closed","template":"","meta":{"_acf_changed":false},"product_brand":[153],"product_cat":[2276,2275],"product_tag":[],"class_list":{"0":"post-100987","1":"product","2":"type-product","3":"status-publish","4":"has-post-thumbnail","6":"product_brand-preston","7":"product_cat-canas-acessorios","8":"product_cat-canas-acessorios-elasticos-acessorios","10":"first","11":"instock","12":"shipping-taxable","13":"purchasable","14":"product-type-variable"},"acf":[],"_links":{"self":[{"href":"https:\/\/sopesca.pt\/fr\/wp-json\/wp\/v2\/product\/100987","targetHints":{"allow":["GET"]}}],"collection":[{"href":"https:\/\/sopesca.pt\/fr\/wp-json\/wp\/v2\/product"}],"about":[{"href":"https:\/\/sopesca.pt\/fr\/wp-json\/wp\/v2\/types\/product"}],"replies":[{"embeddable":true,"href":"https:\/\/sopesca.pt\/fr\/wp-json\/wp\/v2\/comments?post=100987"}],"wp:featuredmedia":[{"embeddable":true,"href":"https:\/\/sopesca.pt\/fr\/wp-json\/wp\/v2\/media\/24976"}],"wp:attachment":[{"href":"https:\/\/sopesca.pt\/fr\/wp-json\/wp\/v2\/media?parent=100987"}],"wp:term":[{"taxonomy":"product_brand","embeddable":true,"href":"https:\/\/sopesca.pt\/fr\/wp-json\/wp\/v2\/product_brand?post=100987"},{"taxonomy":"product_cat","embeddable":true,"href":"https:\/\/sopesca.pt\/fr\/wp-json\/wp\/v2\/product_cat?post=100987"},{"taxonomy":"product_tag","embeddable":true,"href":"https:\/\/sopesca.pt\/fr\/wp-json\/wp\/v2\/product_tag?post=100987"}],"curies":[{"name":"wp","href":"https:\/\/api.w.org\/{rel}","templated":true}]}}