{"id":101013,"date":"2026-02-21T23:38:13","date_gmt":"2026-02-21T23:38:13","guid":{"rendered":"http:\/\/matchbaits.pt\/?post_type=product&#038;p=101013"},"modified":"2026-03-04T14:23:06","modified_gmt":"2026-03-04T14:23:06","slug":"b911-f1","status":"publish","type":"product","link":"https:\/\/sopesca.pt\/fr\/produit\/b911-f1\/","title":{"rendered":"B911 F1"},"content":{"rendered":"<p>Kamasan B911 F1<\/p>\n<p>Esta \u00e9 uma vers\u00e3o do anzol com design cl\u00e1ssico B911 que \u00e9 absolutamente perfeito para silverfish, F1, e carpa menor.<\/p>\n<p>O ponto de varredura longo fornece uma reten\u00e7\u00e3o do anzol realmente confi\u00e1vel. Uma grande variedade de iscas incluindo asticot, milho, pellet, etc, todos ficam perfeitamente na curva especial, ent\u00e3o com estes B911, voc\u00ea vai obter mais picadas e agarrar mais peixe.<\/p>\n<p>Super afiado.<br \/>\nBronze.<br \/>\nCom barbela.<br \/>\nCurvatura especial.<br \/>\nPonto de varredura longo.<br \/>\nPonto de agulha \u00e0 terra e quimicamente gravado.<br \/>\nFio de calibre 0.38mm.<br \/>\nFornecido num pacote de 10 ganchos.<\/p>","protected":false},"excerpt":{"rendered":"<p>Kamasan B911 F1 Esta \u00e9 uma vers\u00e3o do anzol com design cl\u00e1ssico B911 que \u00e9 absolutamente perfeito para silverfish, F1, e carpa menor. O ponto de varredura longo fornece uma reten\u00e7\u00e3o do anzol realmente confi\u00e1vel. Uma grande variedade de iscas incluindo asticot, milho, pellet, etc, todos ficam perfeitamente na curva especial, ent\u00e3o com estes B911, [&hellip;]<\/p>\n","protected":false},"featured_media":50519,"comment_status":"open","ping_status":"closed","template":"","meta":{"_acf_changed":false},"product_brand":[114],"product_cat":[2289,2290],"product_tag":[],"class_list":{"0":"post-101013","1":"product","2":"type-product","3":"status-publish","4":"has-post-thumbnail","6":"product_brand-kamasan","7":"product_cat-fios-anzois-anzois-p-rio","8":"product_cat-fios-anzois","10":"first","11":"instock","12":"shipping-taxable","13":"purchasable","14":"product-type-variable"},"acf":[],"_links":{"self":[{"href":"https:\/\/sopesca.pt\/fr\/wp-json\/wp\/v2\/product\/101013","targetHints":{"allow":["GET"]}}],"collection":[{"href":"https:\/\/sopesca.pt\/fr\/wp-json\/wp\/v2\/product"}],"about":[{"href":"https:\/\/sopesca.pt\/fr\/wp-json\/wp\/v2\/types\/product"}],"replies":[{"embeddable":true,"href":"https:\/\/sopesca.pt\/fr\/wp-json\/wp\/v2\/comments?post=101013"}],"wp:featuredmedia":[{"embeddable":true,"href":"https:\/\/sopesca.pt\/fr\/wp-json\/wp\/v2\/media\/50519"}],"wp:attachment":[{"href":"https:\/\/sopesca.pt\/fr\/wp-json\/wp\/v2\/media?parent=101013"}],"wp:term":[{"taxonomy":"product_brand","embeddable":true,"href":"https:\/\/sopesca.pt\/fr\/wp-json\/wp\/v2\/product_brand?post=101013"},{"taxonomy":"product_cat","embeddable":true,"href":"https:\/\/sopesca.pt\/fr\/wp-json\/wp\/v2\/product_cat?post=101013"},{"taxonomy":"product_tag","embeddable":true,"href":"https:\/\/sopesca.pt\/fr\/wp-json\/wp\/v2\/product_tag?post=101013"}],"curies":[{"name":"wp","href":"https:\/\/api.w.org\/{rel}","templated":true}]}}