{"id":101077,"date":"2026-02-21T23:38:24","date_gmt":"2026-02-21T23:38:24","guid":{"rendered":"http:\/\/matchbaits.pt\/?post_type=product&#038;p=101077"},"modified":"2026-03-10T11:17:18","modified_gmt":"2026-03-10T11:17:18","slug":"pole-float-silicone-dispenser","status":"publish","type":"product","link":"https:\/\/sopesca.pt\/fr\/produit\/pole-float-silicone-dispenser\/","title":{"rendered":"Pole Float Silicone Dispenser"},"content":{"rendered":"<p>Pole Float Silicone Dispenser Uma sele\u00e7\u00e3o de silicone de alta qualidade em cinco tamanhos populares, especificamente concebido para fixar boias. Robusto e f\u00e1cil de usar com uma forte parede 0,5 mil\u00edmetros de di\u00e2metro pr\u00e9-corte em comprimentos de 40 mm. Ideal para hastes de carv\u00e3o, fio e fibra de vidro. Pacotes de recarga individuais dispon\u00edveis para todos os tamanhos.<\/p>","protected":false},"excerpt":{"rendered":"<p>Pole Float Silicone Dispenser Uma sele\u00e7\u00e3o de silicone de alta qualidade em cinco tamanhos populares, especificamente concebido para fixar boias. Robusto e f\u00e1cil de usar com uma forte parede 0,5 mil\u00edmetros de di\u00e2metro pr\u00e9-corte em comprimentos de 40 mm. Ideal para hastes de carv\u00e3o, fio e fibra de vidro. Pacotes de recarga individuais dispon\u00edveis para [&hellip;]<\/p>\n","protected":false},"featured_media":25172,"comment_status":"open","ping_status":"closed","template":"","meta":{"_acf_changed":false},"product_brand":[153],"product_cat":[2366,2297],"product_tag":[],"class_list":{"0":"post-101077","1":"product","2":"type-product","3":"status-publish","4":"has-post-thumbnail","6":"product_brand-preston","7":"product_cat-acessorios","8":"product_cat-acessorios-francesa-inglesa","10":"first","11":"instock","12":"shipping-taxable","13":"purchasable","14":"product-type-variable"},"acf":[],"_links":{"self":[{"href":"https:\/\/sopesca.pt\/fr\/wp-json\/wp\/v2\/product\/101077","targetHints":{"allow":["GET"]}}],"collection":[{"href":"https:\/\/sopesca.pt\/fr\/wp-json\/wp\/v2\/product"}],"about":[{"href":"https:\/\/sopesca.pt\/fr\/wp-json\/wp\/v2\/types\/product"}],"replies":[{"embeddable":true,"href":"https:\/\/sopesca.pt\/fr\/wp-json\/wp\/v2\/comments?post=101077"}],"wp:featuredmedia":[{"embeddable":true,"href":"https:\/\/sopesca.pt\/fr\/wp-json\/wp\/v2\/media\/25172"}],"wp:attachment":[{"href":"https:\/\/sopesca.pt\/fr\/wp-json\/wp\/v2\/media?parent=101077"}],"wp:term":[{"taxonomy":"product_brand","embeddable":true,"href":"https:\/\/sopesca.pt\/fr\/wp-json\/wp\/v2\/product_brand?post=101077"},{"taxonomy":"product_cat","embeddable":true,"href":"https:\/\/sopesca.pt\/fr\/wp-json\/wp\/v2\/product_cat?post=101077"},{"taxonomy":"product_tag","embeddable":true,"href":"https:\/\/sopesca.pt\/fr\/wp-json\/wp\/v2\/product_tag?post=101077"}],"curies":[{"name":"wp","href":"https:\/\/api.w.org\/{rel}","templated":true}]}}